{"id":1466,"date":"2019-04-24T15:52:13","date_gmt":"2019-04-24T13:52:13","guid":{"rendered":"http:\/\/melonic.be\/j\/?page_id=1466"},"modified":"2026-01-04T11:12:10","modified_gmt":"2026-01-04T10:12:10","slug":"melonic-aide-au-deuil-accompagnement-spirituel","status":"publish","type":"page","link":"https:\/\/melonic.be\/j\/melonic-aide-au-deuil-accompagnement-spirituel\/","title":{"rendered":"Avertissement"},"content":{"rendered":"<p class=\"evidence-center\" align=\"center\">Les amis de la v\u00e9rit\u00e9<br \/>\nsont ceux qui la cherchent<br \/>\net non ceux qui se vantent de l\u2019avoir trouv\u00e9e.<br \/>\n(Condorcet)<\/p>\n<p>Nous souhaitons \u00eatre tr\u00e8s claires :<\/p>\n<ul>\n<li>Notre but n\u2019est pas de vouloir prouver quoi que ce soit.<\/li>\n<li>Nous respectons les diverses croyances et religions.<\/li>\n<li>Nous ne consid\u00e9rons pas la TCI r\u00e9serv\u00e9e aux \u00ab croyants \u00bb.<\/li>\n<li>Nous n\u2019entamerons aucune pol\u00e9mique \u00e0 propos du ph\u00e9nom\u00e8ne de la TCI.<\/li>\n<li>Nous ne sommes pas des sp\u00e9cialistes \u00abconnues ou reconnues \u00bb de la TCI, juste une maman qui a \u00ab perdu \u00bb sa fille et une fille qui a \u00ab perdu \u00bb son papa.<\/li>\n<li>Nous ne sommes pas plus de \u00ab douces illumin\u00e9es \u00bb que des scientifiques de laboratoire.<\/li>\n<li>Nous ne vous garantissons qu\u2019une seule chose : Notre honn\u00eatet\u00e9.<\/li>\n<\/ul>\n<p>Ce site est juste un partage de ce qui nous a \u00e9t\u00e9 offert, un b\u00e9n\u00e9volat.<\/p>\n<p>Pour nous, la persistance de la vie sous une forme diff\u00e9rente, au-del\u00e0 de ce que l\u2019on appelle la \u00ab mort \u00bb, ne fait plus aucun doute.<\/p>\n<p>S\u2019il est possible de communiquer entre \u00ab ciel et terre \u00bb c\u2019est parce que la vie est une \u00e9nergie qui s\u2019\u00e9tend bien au-del\u00e0 de la mati\u00e8re.<\/p>\n<p>Comme le dit si bien Jean Martin* :\u00a0<em>\u00ab\u00a0Un jour, j&rsquo; ai compris que tous les messages venant de \u00ab\u00a0l&rsquo; Au-del\u00e0\u00a0\u00bb sont de nature t\u00e9l\u00e9pathique et que la pens\u00e9e, essentiellement vibratoire et \u00e9nerg\u00e9tique, peut se moduler en \u00e9crits, en voix, en messages de quelque nature que ce soit.\u00a0\u00bb<br \/>\n<\/em><br \/>\nNous nous permettons aussi de citer Yves Lin\u00e8s**, car comme lui, nous trouvons que\u00a0\u00a0\u00a0<em>\u00ab La TCI est un cadeau, une merveilleuse gr\u00e2ce qui nous est offerte dans des situations o\u00f9 les mat\u00e9rialistes ne nous promettent que le n\u00e9ant\u00bb.<br \/>\n<\/em><br \/>\nVivons, donnons de l\u2019amour, recevons, remercions. L\u2019amour est la force des \u00e2mes.<\/p>\n<p><sub>\u00a0<\/sub><sub>*Jean Martin, pr\u00eatre et \u00e9crivain belge.<\/sub><\/p>\n<p><sub>**Yves Lines, fondateur de l\u2019association Source de vie Toulouse.<\/sub><\/p>\n","protected":false},"excerpt":{"rendered":"<p>Les amis de la v\u00e9rit\u00e9 sont ceux qui la cherchent et non ceux qui se vantent de l\u2019avoir trouv\u00e9e. (Condorcet) Nous souhaitons \u00eatre tr\u00e8s claires : Notre but n\u2019est pas de vouloir prouver quoi que ce soit. Nous respectons les diverses croyances et religions. Nous ne consid\u00e9rons pas la TCI r\u00e9serv\u00e9e aux \u00ab croyants \u00bb. [&hellip;]<\/p>\n","protected":false},"author":1,"featured_media":0,"parent":0,"menu_order":0,"comment_status":"closed","ping_status":"closed","template":"","meta":{"ocean_post_layout":"","ocean_both_sidebars_style":"","ocean_both_sidebars_content_width":0,"ocean_both_sidebars_sidebars_width":0,"ocean_sidebar":"0","ocean_second_sidebar":"0","ocean_disable_margins":"enable","ocean_add_body_class":"","ocean_shortcode_before_top_bar":"","ocean_shortcode_after_top_bar":"","ocean_shortcode_before_header":"","ocean_shortcode_after_header":"","ocean_has_shortcode":"","ocean_shortcode_after_title":"","ocean_shortcode_before_footer_widgets":"","ocean_shortcode_after_footer_widgets":"","ocean_shortcode_before_footer_bottom":"","ocean_shortcode_after_footer_bottom":"","ocean_display_top_bar":"default","ocean_display_header":"default","ocean_header_style":"","ocean_center_header_left_menu":"0","ocean_custom_header_template":"0","ocean_custom_logo":0,"ocean_custom_retina_logo":0,"ocean_custom_logo_max_width":0,"ocean_custom_logo_tablet_max_width":0,"ocean_custom_logo_mobile_max_width":0,"ocean_custom_logo_max_height":0,"ocean_custom_logo_tablet_max_height":0,"ocean_custom_logo_mobile_max_height":0,"ocean_header_custom_menu":"0","ocean_menu_typo_font_family":"0","ocean_menu_typo_font_subset":"","ocean_menu_typo_font_size":0,"ocean_menu_typo_font_size_tablet":0,"ocean_menu_typo_font_size_mobile":0,"ocean_menu_typo_font_size_unit":"px","ocean_menu_typo_font_weight":"","ocean_menu_typo_font_weight_tablet":"","ocean_menu_typo_font_weight_mobile":"","ocean_menu_typo_transform":"","ocean_menu_typo_transform_tablet":"","ocean_menu_typo_transform_mobile":"","ocean_menu_typo_line_height":0,"ocean_menu_typo_line_height_tablet":0,"ocean_menu_typo_line_height_mobile":0,"ocean_menu_typo_line_height_unit":"","ocean_menu_typo_spacing":0,"ocean_menu_typo_spacing_tablet":0,"ocean_menu_typo_spacing_mobile":0,"ocean_menu_typo_spacing_unit":"","ocean_menu_link_color":"","ocean_menu_link_color_hover":"","ocean_menu_link_color_active":"","ocean_menu_link_background":"","ocean_menu_link_hover_background":"","ocean_menu_link_active_background":"","ocean_menu_social_links_bg":"","ocean_menu_social_hover_links_bg":"","ocean_menu_social_links_color":"","ocean_menu_social_hover_links_color":"","ocean_disable_title":"default","ocean_disable_heading":"default","ocean_post_title":"","ocean_post_subheading":"","ocean_post_title_style":"","ocean_post_title_background_color":"","ocean_post_title_background":0,"ocean_post_title_bg_image_position":"","ocean_post_title_bg_image_attachment":"","ocean_post_title_bg_image_repeat":"","ocean_post_title_bg_image_size":"","ocean_post_title_height":0,"ocean_post_title_bg_overlay":0.5,"ocean_post_title_bg_overlay_color":"","ocean_disable_breadcrumbs":"default","ocean_breadcrumbs_color":"","ocean_breadcrumbs_separator_color":"","ocean_breadcrumbs_links_color":"","ocean_breadcrumbs_links_hover_color":"","ocean_display_footer_widgets":"default","ocean_display_footer_bottom":"default","ocean_custom_footer_template":"0","footnotes":""},"class_list":["post-1466","page","type-page","status-publish","hentry","entry"],"yoast_head":"<!-- This site is optimized with the Yoast SEO plugin v27.3 - https:\/\/yoast.com\/product\/yoast-seo-wordpress\/ -->\n<title>Avertissement - Melonic<\/title>\n<meta name=\"description\" content=\"M\u00e9lonic propose un accompagnement spirituel pour les personnes en deuil, avec des textes, t\u00e9moignages et r\u00e9flexions sur la vie apr\u00e8s la mort.\" \/>\n<meta name=\"robots\" content=\"index, follow, max-snippet:-1, max-image-preview:large, max-video-preview:-1\" \/>\n<link rel=\"canonical\" href=\"https:\/\/melonic.be\/j\/melonic-aide-au-deuil-accompagnement-spirituel\/\" \/>\n<meta property=\"og:locale\" content=\"fr_FR\" \/>\n<meta property=\"og:type\" content=\"article\" \/>\n<meta property=\"og:title\" content=\"Avertissement - Melonic\" \/>\n<meta property=\"og:description\" content=\"M\u00e9lonic propose un accompagnement spirituel pour les personnes en deuil, avec des textes, t\u00e9moignages et r\u00e9flexions sur la vie apr\u00e8s la mort.\" \/>\n<meta property=\"og:url\" content=\"https:\/\/melonic.be\/j\/melonic-aide-au-deuil-accompagnement-spirituel\/\" \/>\n<meta property=\"og:site_name\" content=\"Melonic\" \/>\n<meta property=\"article:modified_time\" content=\"2026-01-04T10:12:10+00:00\" \/>\n<meta name=\"twitter:card\" content=\"summary_large_image\" \/>\n<meta name=\"twitter:label1\" content=\"Dur\u00e9e de lecture estim\u00e9e\" \/>\n\t<meta name=\"twitter:data1\" content=\"2 minutes\" \/>\n<script type=\"application\/ld+json\" class=\"yoast-schema-graph\">{\"@context\":\"https:\\\/\\\/schema.org\",\"@graph\":[{\"@type\":\"WebPage\",\"@id\":\"https:\\\/\\\/melonic.be\\\/j\\\/melonic-aide-au-deuil-accompagnement-spirituel\\\/\",\"url\":\"https:\\\/\\\/melonic.be\\\/j\\\/melonic-aide-au-deuil-accompagnement-spirituel\\\/\",\"name\":\"Avertissement - Melonic\",\"isPartOf\":{\"@id\":\"https:\\\/\\\/melonic.be\\\/j\\\/#website\"},\"datePublished\":\"2019-04-24T13:52:13+00:00\",\"dateModified\":\"2026-01-04T10:12:10+00:00\",\"description\":\"M\u00e9lonic propose un accompagnement spirituel pour les personnes en deuil, avec des textes, t\u00e9moignages et r\u00e9flexions sur la vie apr\u00e8s la mort.\",\"breadcrumb\":{\"@id\":\"https:\\\/\\\/melonic.be\\\/j\\\/melonic-aide-au-deuil-accompagnement-spirituel\\\/#breadcrumb\"},\"inLanguage\":\"fr-FR\",\"potentialAction\":[{\"@type\":\"ReadAction\",\"target\":[\"https:\\\/\\\/melonic.be\\\/j\\\/melonic-aide-au-deuil-accompagnement-spirituel\\\/\"]}]},{\"@type\":\"BreadcrumbList\",\"@id\":\"https:\\\/\\\/melonic.be\\\/j\\\/melonic-aide-au-deuil-accompagnement-spirituel\\\/#breadcrumb\",\"itemListElement\":[{\"@type\":\"ListItem\",\"position\":1,\"name\":\"Accueil\",\"item\":\"https:\\\/\\\/melonic.be\\\/j\\\/\"},{\"@type\":\"ListItem\",\"position\":2,\"name\":\"Avertissement\"}]},{\"@type\":\"WebSite\",\"@id\":\"https:\\\/\\\/melonic.be\\\/j\\\/#website\",\"url\":\"https:\\\/\\\/melonic.be\\\/j\\\/\",\"name\":\"Melonic\",\"description\":\"\",\"publisher\":{\"@id\":\"https:\\\/\\\/melonic.be\\\/j\\\/#\\\/schema\\\/person\\\/16854370e1792906f271cdce232cd4f3\"},\"potentialAction\":[{\"@type\":\"SearchAction\",\"target\":{\"@type\":\"EntryPoint\",\"urlTemplate\":\"https:\\\/\\\/melonic.be\\\/j\\\/?s={search_term_string}\"},\"query-input\":{\"@type\":\"PropertyValueSpecification\",\"valueRequired\":true,\"valueName\":\"search_term_string\"}}],\"inLanguage\":\"fr-FR\"},{\"@type\":[\"Person\",\"Organization\"],\"@id\":\"https:\\\/\\\/melonic.be\\\/j\\\/#\\\/schema\\\/person\\\/16854370e1792906f271cdce232cd4f3\",\"name\":\"Nicole Incourt\",\"image\":{\"@type\":\"ImageObject\",\"inLanguage\":\"fr-FR\",\"@id\":\"https:\\\/\\\/melonic.be\\\/j\\\/wp-content\\\/uploads\\\/2019\\\/04\\\/cropped-logo_banner.png\",\"url\":\"https:\\\/\\\/melonic.be\\\/j\\\/wp-content\\\/uploads\\\/2019\\\/04\\\/cropped-logo_banner.png\",\"contentUrl\":\"https:\\\/\\\/melonic.be\\\/j\\\/wp-content\\\/uploads\\\/2019\\\/04\\\/cropped-logo_banner.png\",\"width\":410,\"height\":106,\"caption\":\"Nicole Incourt\"},\"logo\":{\"@id\":\"https:\\\/\\\/melonic.be\\\/j\\\/wp-content\\\/uploads\\\/2019\\\/04\\\/cropped-logo_banner.png\"}}]}<\/script>\n<!-- \/ Yoast SEO plugin. -->","yoast_head_json":{"title":"Avertissement - Melonic","description":"M\u00e9lonic propose un accompagnement spirituel pour les personnes en deuil, avec des textes, t\u00e9moignages et r\u00e9flexions sur la vie apr\u00e8s la mort.","robots":{"index":"index","follow":"follow","max-snippet":"max-snippet:-1","max-image-preview":"max-image-preview:large","max-video-preview":"max-video-preview:-1"},"canonical":"https:\/\/melonic.be\/j\/melonic-aide-au-deuil-accompagnement-spirituel\/","og_locale":"fr_FR","og_type":"article","og_title":"Avertissement - Melonic","og_description":"M\u00e9lonic propose un accompagnement spirituel pour les personnes en deuil, avec des textes, t\u00e9moignages et r\u00e9flexions sur la vie apr\u00e8s la mort.","og_url":"https:\/\/melonic.be\/j\/melonic-aide-au-deuil-accompagnement-spirituel\/","og_site_name":"Melonic","article_modified_time":"2026-01-04T10:12:10+00:00","twitter_card":"summary_large_image","twitter_misc":{"Dur\u00e9e de lecture estim\u00e9e":"2 minutes"},"schema":{"@context":"https:\/\/schema.org","@graph":[{"@type":"WebPage","@id":"https:\/\/melonic.be\/j\/melonic-aide-au-deuil-accompagnement-spirituel\/","url":"https:\/\/melonic.be\/j\/melonic-aide-au-deuil-accompagnement-spirituel\/","name":"Avertissement - Melonic","isPartOf":{"@id":"https:\/\/melonic.be\/j\/#website"},"datePublished":"2019-04-24T13:52:13+00:00","dateModified":"2026-01-04T10:12:10+00:00","description":"M\u00e9lonic propose un accompagnement spirituel pour les personnes en deuil, avec des textes, t\u00e9moignages et r\u00e9flexions sur la vie apr\u00e8s la mort.","breadcrumb":{"@id":"https:\/\/melonic.be\/j\/melonic-aide-au-deuil-accompagnement-spirituel\/#breadcrumb"},"inLanguage":"fr-FR","potentialAction":[{"@type":"ReadAction","target":["https:\/\/melonic.be\/j\/melonic-aide-au-deuil-accompagnement-spirituel\/"]}]},{"@type":"BreadcrumbList","@id":"https:\/\/melonic.be\/j\/melonic-aide-au-deuil-accompagnement-spirituel\/#breadcrumb","itemListElement":[{"@type":"ListItem","position":1,"name":"Accueil","item":"https:\/\/melonic.be\/j\/"},{"@type":"ListItem","position":2,"name":"Avertissement"}]},{"@type":"WebSite","@id":"https:\/\/melonic.be\/j\/#website","url":"https:\/\/melonic.be\/j\/","name":"Melonic","description":"","publisher":{"@id":"https:\/\/melonic.be\/j\/#\/schema\/person\/16854370e1792906f271cdce232cd4f3"},"potentialAction":[{"@type":"SearchAction","target":{"@type":"EntryPoint","urlTemplate":"https:\/\/melonic.be\/j\/?s={search_term_string}"},"query-input":{"@type":"PropertyValueSpecification","valueRequired":true,"valueName":"search_term_string"}}],"inLanguage":"fr-FR"},{"@type":["Person","Organization"],"@id":"https:\/\/melonic.be\/j\/#\/schema\/person\/16854370e1792906f271cdce232cd4f3","name":"Nicole Incourt","image":{"@type":"ImageObject","inLanguage":"fr-FR","@id":"https:\/\/melonic.be\/j\/wp-content\/uploads\/2019\/04\/cropped-logo_banner.png","url":"https:\/\/melonic.be\/j\/wp-content\/uploads\/2019\/04\/cropped-logo_banner.png","contentUrl":"https:\/\/melonic.be\/j\/wp-content\/uploads\/2019\/04\/cropped-logo_banner.png","width":410,"height":106,"caption":"Nicole Incourt"},"logo":{"@id":"https:\/\/melonic.be\/j\/wp-content\/uploads\/2019\/04\/cropped-logo_banner.png"}}]}},"_links":{"self":[{"href":"https:\/\/melonic.be\/j\/wp-json\/wp\/v2\/pages\/1466","targetHints":{"allow":["GET"]}}],"collection":[{"href":"https:\/\/melonic.be\/j\/wp-json\/wp\/v2\/pages"}],"about":[{"href":"https:\/\/melonic.be\/j\/wp-json\/wp\/v2\/types\/page"}],"author":[{"embeddable":true,"href":"https:\/\/melonic.be\/j\/wp-json\/wp\/v2\/users\/1"}],"replies":[{"embeddable":true,"href":"https:\/\/melonic.be\/j\/wp-json\/wp\/v2\/comments?post=1466"}],"version-history":[{"count":1,"href":"https:\/\/melonic.be\/j\/wp-json\/wp\/v2\/pages\/1466\/revisions"}],"predecessor-version":[{"id":1467,"href":"https:\/\/melonic.be\/j\/wp-json\/wp\/v2\/pages\/1466\/revisions\/1467"}],"wp:attachment":[{"href":"https:\/\/melonic.be\/j\/wp-json\/wp\/v2\/media?parent=1466"}],"curies":[{"name":"wp","href":"https:\/\/api.w.org\/{rel}","templated":true}]}}