{"id":1472,"date":"2019-04-24T15:58:38","date_gmt":"2019-04-24T13:58:38","guid":{"rendered":"http:\/\/melonic.be\/j\/?page_id=1472"},"modified":"2019-04-24T16:01:50","modified_gmt":"2019-04-24T14:01:50","slug":"remerciements","status":"publish","type":"page","link":"https:\/\/melonic.be\/j\/remerciements\/","title":{"rendered":"Remerciements"},"content":{"rendered":"<h2>Remerciements aux associations<\/h2>\n<p style=\"text-align: justify;\">Nous tenons \u00e0 f\u00e9liciter les associations qui \u0153uvrent dans le soutien au deuil. Elles facilitent \u00e0 beaucoup ce long et p\u00e9nible cheminement.<\/p>\n<p style=\"text-align: justify;\">Mais, nous remercions aussi toutes ces autres petites associations peu connues et les personnes priv\u00e9es rencontr\u00e9es,\u00a0dont le but est de diffuser le plus largement possible, par les moyens qui sont les leurs, la certitude en cette \u00ab\u00a0autre vie \u00a0\u00bb que nous connaissons si peu, mais avec laquelle il est possible de nouer des contacts par diff\u00e9rents moyens, la TCI n&rsquo;\u00e9tant qu&rsquo;un d&rsquo;entre eux.<\/p>\n<p style=\"text-align: justify;\">Nous avons \u00e9norm\u00e9ment de respect et d&rsquo;admiration pour ces gens d\u00e9vou\u00e9s qui y consacrent tellement de leur temps ! lls \u0153uvrent tous dans le m\u00eame sens et nous leur souhaitons de savoir mettre leurs forces en commun pour le bien de tous. Qu&rsquo;ils gardent tous, force et foi, ils ont encore tellement \u00e0 nous transmettre.<\/p>\n<p>Je ne remercierai jamais assez Yves Lin\u00e8s de l&rsquo;encouragement qu&rsquo;il m&rsquo;a donn\u00e9 pour tenter la TCI.<br \/>\nSans ses mots de r\u00e9confort et de soutien, je n&rsquo;aurais certainement pas franchi le pas de l&rsquo;exp\u00e9rimentation.<br \/>\nJe conserve pr\u00e9cieusement son courrier du 22 avril 2003 qui a profond\u00e9ment chang\u00e9 ma vision de la vie.\u00a0<strong>Gis\u00e8le.<\/strong><\/p>\n<p>Quant \u00e0 moi, je remercie tous ceux que j&rsquo;ai rencontr\u00e9s, et ils sont nombreux-\u00a0qui ont pris la peine de m&rsquo;\u00e9couter, de\u00a0me transmettre\u00a0leur exp\u00e9rience et m&rsquo;ont tant aid\u00e9e. A chacun d&rsquo;eux : merci.<br \/>\n<strong>Nicole.<\/strong><\/p>\n","protected":false},"excerpt":{"rendered":"<p>Remerciements aux associations Nous tenons \u00e0 f\u00e9liciter les associations qui \u0153uvrent dans le soutien au deuil. Elles facilitent \u00e0 beaucoup ce long et p\u00e9nible cheminement. Mais, nous remercions aussi toutes ces autres petites associations peu connues et les personnes priv\u00e9es rencontr\u00e9es,\u00a0dont le but est de diffuser le plus largement possible, par les moyens qui sont [&hellip;]<\/p>\n","protected":false},"author":1,"featured_media":0,"parent":0,"menu_order":0,"comment_status":"closed","ping_status":"closed","template":"","meta":{"ocean_post_layout":"","ocean_both_sidebars_style":"","ocean_both_sidebars_content_width":0,"ocean_both_sidebars_sidebars_width":0,"ocean_sidebar":"0","ocean_second_sidebar":"0","ocean_disable_margins":"enable","ocean_add_body_class":"","ocean_shortcode_before_top_bar":"","ocean_shortcode_after_top_bar":"","ocean_shortcode_before_header":"","ocean_shortcode_after_header":"","ocean_has_shortcode":"","ocean_shortcode_after_title":"","ocean_shortcode_before_footer_widgets":"","ocean_shortcode_after_footer_widgets":"","ocean_shortcode_before_footer_bottom":"","ocean_shortcode_after_footer_bottom":"","ocean_display_top_bar":"default","ocean_display_header":"default","ocean_header_style":"","ocean_center_header_left_menu":"0","ocean_custom_header_template":"0","ocean_custom_logo":0,"ocean_custom_retina_logo":0,"ocean_custom_logo_max_width":0,"ocean_custom_logo_tablet_max_width":0,"ocean_custom_logo_mobile_max_width":0,"ocean_custom_logo_max_height":0,"ocean_custom_logo_tablet_max_height":0,"ocean_custom_logo_mobile_max_height":0,"ocean_header_custom_menu":"0","ocean_menu_typo_font_family":"0","ocean_menu_typo_font_subset":"","ocean_menu_typo_font_size":0,"ocean_menu_typo_font_size_tablet":0,"ocean_menu_typo_font_size_mobile":0,"ocean_menu_typo_font_size_unit":"px","ocean_menu_typo_font_weight":"","ocean_menu_typo_font_weight_tablet":"","ocean_menu_typo_font_weight_mobile":"","ocean_menu_typo_transform":"","ocean_menu_typo_transform_tablet":"","ocean_menu_typo_transform_mobile":"","ocean_menu_typo_line_height":0,"ocean_menu_typo_line_height_tablet":0,"ocean_menu_typo_line_height_mobile":0,"ocean_menu_typo_line_height_unit":"","ocean_menu_typo_spacing":0,"ocean_menu_typo_spacing_tablet":0,"ocean_menu_typo_spacing_mobile":0,"ocean_menu_typo_spacing_unit":"","ocean_menu_link_color":"","ocean_menu_link_color_hover":"","ocean_menu_link_color_active":"","ocean_menu_link_background":"","ocean_menu_link_hover_background":"","ocean_menu_link_active_background":"","ocean_menu_social_links_bg":"","ocean_menu_social_hover_links_bg":"","ocean_menu_social_links_color":"","ocean_menu_social_hover_links_color":"","ocean_disable_title":"default","ocean_disable_heading":"default","ocean_post_title":"","ocean_post_subheading":"","ocean_post_title_style":"","ocean_post_title_background_color":"","ocean_post_title_background":0,"ocean_post_title_bg_image_position":"","ocean_post_title_bg_image_attachment":"","ocean_post_title_bg_image_repeat":"","ocean_post_title_bg_image_size":"","ocean_post_title_height":0,"ocean_post_title_bg_overlay":0.5,"ocean_post_title_bg_overlay_color":"","ocean_disable_breadcrumbs":"default","ocean_breadcrumbs_color":"","ocean_breadcrumbs_separator_color":"","ocean_breadcrumbs_links_color":"","ocean_breadcrumbs_links_hover_color":"","ocean_display_footer_widgets":"default","ocean_display_footer_bottom":"default","ocean_custom_footer_template":"0","footnotes":""},"class_list":["post-1472","page","type-page","status-publish","hentry","entry"],"yoast_head":"<!-- This site is optimized with the Yoast SEO plugin v27.6 - https:\/\/yoast.com\/product\/yoast-seo-wordpress\/ -->\n<title>Remerciements - Melonic<\/title>\n<meta name=\"robots\" content=\"index, follow, max-snippet:-1, max-image-preview:large, max-video-preview:-1\" \/>\n<link rel=\"canonical\" href=\"https:\/\/melonic.be\/j\/remerciements\/\" \/>\n<meta property=\"og:locale\" content=\"fr_FR\" \/>\n<meta property=\"og:type\" content=\"article\" \/>\n<meta property=\"og:title\" content=\"Remerciements - Melonic\" \/>\n<meta property=\"og:description\" content=\"Remerciements aux associations Nous tenons \u00e0 f\u00e9liciter les associations qui \u0153uvrent dans le soutien au deuil. Elles facilitent \u00e0 beaucoup ce long et p\u00e9nible cheminement. Mais, nous remercions aussi toutes ces autres petites associations peu connues et les personnes priv\u00e9es rencontr\u00e9es,\u00a0dont le but est de diffuser le plus largement possible, par les moyens qui sont [&hellip;]\" \/>\n<meta property=\"og:url\" content=\"https:\/\/melonic.be\/j\/remerciements\/\" \/>\n<meta property=\"og:site_name\" content=\"Melonic\" \/>\n<meta property=\"article:modified_time\" content=\"2019-04-24T14:01:50+00:00\" \/>\n<meta name=\"twitter:card\" content=\"summary_large_image\" \/>\n<meta name=\"twitter:label1\" content=\"Dur\u00e9e de lecture estim\u00e9e\" \/>\n\t<meta name=\"twitter:data1\" content=\"1 minute\" \/>\n<script type=\"application\/ld+json\" class=\"yoast-schema-graph\">{\"@context\":\"https:\\\/\\\/schema.org\",\"@graph\":[{\"@type\":\"WebPage\",\"@id\":\"https:\\\/\\\/melonic.be\\\/j\\\/remerciements\\\/\",\"url\":\"https:\\\/\\\/melonic.be\\\/j\\\/remerciements\\\/\",\"name\":\"Remerciements - Melonic\",\"isPartOf\":{\"@id\":\"https:\\\/\\\/melonic.be\\\/j\\\/#website\"},\"datePublished\":\"2019-04-24T13:58:38+00:00\",\"dateModified\":\"2019-04-24T14:01:50+00:00\",\"breadcrumb\":{\"@id\":\"https:\\\/\\\/melonic.be\\\/j\\\/remerciements\\\/#breadcrumb\"},\"inLanguage\":\"fr-FR\",\"potentialAction\":[{\"@type\":\"ReadAction\",\"target\":[\"https:\\\/\\\/melonic.be\\\/j\\\/remerciements\\\/\"]}]},{\"@type\":\"BreadcrumbList\",\"@id\":\"https:\\\/\\\/melonic.be\\\/j\\\/remerciements\\\/#breadcrumb\",\"itemListElement\":[{\"@type\":\"ListItem\",\"position\":1,\"name\":\"Accueil\",\"item\":\"https:\\\/\\\/melonic.be\\\/j\\\/\"},{\"@type\":\"ListItem\",\"position\":2,\"name\":\"Remerciements\"}]},{\"@type\":\"WebSite\",\"@id\":\"https:\\\/\\\/melonic.be\\\/j\\\/#website\",\"url\":\"https:\\\/\\\/melonic.be\\\/j\\\/\",\"name\":\"Melonic\",\"description\":\"\",\"publisher\":{\"@id\":\"https:\\\/\\\/melonic.be\\\/j\\\/#\\\/schema\\\/person\\\/16854370e1792906f271cdce232cd4f3\"},\"potentialAction\":[{\"@type\":\"SearchAction\",\"target\":{\"@type\":\"EntryPoint\",\"urlTemplate\":\"https:\\\/\\\/melonic.be\\\/j\\\/?s={search_term_string}\"},\"query-input\":{\"@type\":\"PropertyValueSpecification\",\"valueRequired\":true,\"valueName\":\"search_term_string\"}}],\"inLanguage\":\"fr-FR\"},{\"@type\":[\"Person\",\"Organization\"],\"@id\":\"https:\\\/\\\/melonic.be\\\/j\\\/#\\\/schema\\\/person\\\/16854370e1792906f271cdce232cd4f3\",\"name\":\"Nicole Incourt\",\"image\":{\"@type\":\"ImageObject\",\"inLanguage\":\"fr-FR\",\"@id\":\"https:\\\/\\\/melonic.be\\\/j\\\/wp-content\\\/uploads\\\/2019\\\/04\\\/cropped-logo_banner.png\",\"url\":\"https:\\\/\\\/melonic.be\\\/j\\\/wp-content\\\/uploads\\\/2019\\\/04\\\/cropped-logo_banner.png\",\"contentUrl\":\"https:\\\/\\\/melonic.be\\\/j\\\/wp-content\\\/uploads\\\/2019\\\/04\\\/cropped-logo_banner.png\",\"width\":410,\"height\":106,\"caption\":\"Nicole Incourt\"},\"logo\":{\"@id\":\"https:\\\/\\\/melonic.be\\\/j\\\/wp-content\\\/uploads\\\/2019\\\/04\\\/cropped-logo_banner.png\"}}]}<\/script>\n<!-- \/ Yoast SEO plugin. -->","yoast_head_json":{"title":"Remerciements - Melonic","robots":{"index":"index","follow":"follow","max-snippet":"max-snippet:-1","max-image-preview":"max-image-preview:large","max-video-preview":"max-video-preview:-1"},"canonical":"https:\/\/melonic.be\/j\/remerciements\/","og_locale":"fr_FR","og_type":"article","og_title":"Remerciements - Melonic","og_description":"Remerciements aux associations Nous tenons \u00e0 f\u00e9liciter les associations qui \u0153uvrent dans le soutien au deuil. Elles facilitent \u00e0 beaucoup ce long et p\u00e9nible cheminement. Mais, nous remercions aussi toutes ces autres petites associations peu connues et les personnes priv\u00e9es rencontr\u00e9es,\u00a0dont le but est de diffuser le plus largement possible, par les moyens qui sont [&hellip;]","og_url":"https:\/\/melonic.be\/j\/remerciements\/","og_site_name":"Melonic","article_modified_time":"2019-04-24T14:01:50+00:00","twitter_card":"summary_large_image","twitter_misc":{"Dur\u00e9e de lecture estim\u00e9e":"1 minute"},"schema":{"@context":"https:\/\/schema.org","@graph":[{"@type":"WebPage","@id":"https:\/\/melonic.be\/j\/remerciements\/","url":"https:\/\/melonic.be\/j\/remerciements\/","name":"Remerciements - Melonic","isPartOf":{"@id":"https:\/\/melonic.be\/j\/#website"},"datePublished":"2019-04-24T13:58:38+00:00","dateModified":"2019-04-24T14:01:50+00:00","breadcrumb":{"@id":"https:\/\/melonic.be\/j\/remerciements\/#breadcrumb"},"inLanguage":"fr-FR","potentialAction":[{"@type":"ReadAction","target":["https:\/\/melonic.be\/j\/remerciements\/"]}]},{"@type":"BreadcrumbList","@id":"https:\/\/melonic.be\/j\/remerciements\/#breadcrumb","itemListElement":[{"@type":"ListItem","position":1,"name":"Accueil","item":"https:\/\/melonic.be\/j\/"},{"@type":"ListItem","position":2,"name":"Remerciements"}]},{"@type":"WebSite","@id":"https:\/\/melonic.be\/j\/#website","url":"https:\/\/melonic.be\/j\/","name":"Melonic","description":"","publisher":{"@id":"https:\/\/melonic.be\/j\/#\/schema\/person\/16854370e1792906f271cdce232cd4f3"},"potentialAction":[{"@type":"SearchAction","target":{"@type":"EntryPoint","urlTemplate":"https:\/\/melonic.be\/j\/?s={search_term_string}"},"query-input":{"@type":"PropertyValueSpecification","valueRequired":true,"valueName":"search_term_string"}}],"inLanguage":"fr-FR"},{"@type":["Person","Organization"],"@id":"https:\/\/melonic.be\/j\/#\/schema\/person\/16854370e1792906f271cdce232cd4f3","name":"Nicole Incourt","image":{"@type":"ImageObject","inLanguage":"fr-FR","@id":"https:\/\/melonic.be\/j\/wp-content\/uploads\/2019\/04\/cropped-logo_banner.png","url":"https:\/\/melonic.be\/j\/wp-content\/uploads\/2019\/04\/cropped-logo_banner.png","contentUrl":"https:\/\/melonic.be\/j\/wp-content\/uploads\/2019\/04\/cropped-logo_banner.png","width":410,"height":106,"caption":"Nicole Incourt"},"logo":{"@id":"https:\/\/melonic.be\/j\/wp-content\/uploads\/2019\/04\/cropped-logo_banner.png"}}]}},"_links":{"self":[{"href":"https:\/\/melonic.be\/j\/wp-json\/wp\/v2\/pages\/1472","targetHints":{"allow":["GET"]}}],"collection":[{"href":"https:\/\/melonic.be\/j\/wp-json\/wp\/v2\/pages"}],"about":[{"href":"https:\/\/melonic.be\/j\/wp-json\/wp\/v2\/types\/page"}],"author":[{"embeddable":true,"href":"https:\/\/melonic.be\/j\/wp-json\/wp\/v2\/users\/1"}],"replies":[{"embeddable":true,"href":"https:\/\/melonic.be\/j\/wp-json\/wp\/v2\/comments?post=1472"}],"version-history":[{"count":2,"href":"https:\/\/melonic.be\/j\/wp-json\/wp\/v2\/pages\/1472\/revisions"}],"predecessor-version":[{"id":1474,"href":"https:\/\/melonic.be\/j\/wp-json\/wp\/v2\/pages\/1472\/revisions\/1474"}],"wp:attachment":[{"href":"https:\/\/melonic.be\/j\/wp-json\/wp\/v2\/media?parent=1472"}],"curies":[{"name":"wp","href":"https:\/\/api.w.org\/{rel}","templated":true}]}}