{"id":1475,"date":"2019-04-24T16:04:18","date_gmt":"2019-04-24T14:04:18","guid":{"rendered":"http:\/\/melonic.be\/j\/?page_id=1475"},"modified":"2019-04-24T16:04:18","modified_gmt":"2019-04-24T14:04:18","slug":"le-mot-de-jean-martin","status":"publish","type":"page","link":"https:\/\/melonic.be\/j\/le-mot-de-jean-martin\/","title":{"rendered":"Le mot de Jean Martin"},"content":{"rendered":"<h2 style=\"text-align: center;\">Le mot de Jean Martin<\/h2>\n<p style=\"text-align: justify;\">Nicole et Gis\u00e8le me demandent un mot d&rsquo;accompagnement pour les tr\u00e8s beaux textes de ce site. Bien volontiers !<\/p>\n<p style=\"text-align: justify;\">J&rsquo;ai relu r\u00e9cemment ce que j&rsquo;\u00e9crivais en 1999, dans l&rsquo;avant propos de mon livre \u00ab\u00a0Pour que danse une \u00e9toile\u00a0\u00bb(Ed. Scaillet). J&rsquo;y comprends toujours autant et peut \u00eatre m\u00eame plus que :<br \/>\n\u00ab\u00a0Dans chacune de nos vies, un jour (souvent un jour de souffrance, de solitude ou, tout simplement, de vie int\u00e9rieure plus intense) une \u00e9toile descend du ciel ! Heureux qui peut la reconna\u00eetre, la r\u00e9chauffer sur son c\u0153ur ! Heureux qui peut croire encore en sa pr\u00e9sence, lorsque vient le matin et que p\u00e2lissent les \u00e9toiles ! Heureux surtout qui, apr\u00e8s avoir appr\u00e9ci\u00e9 ce signe venu d&rsquo;en haut, sait le laisser repartir sans tristesse ni amertume. D&rsquo;autres signes lui seront donn\u00e9s, gratuitement et par amour !\u00a0\u00bb<\/p>\n<p>Je voudrais seulement ajouter un message d&rsquo;esp\u00e9rance pour tous ceux et celles qui ont perdu un animal aim\u00e9 et qui s&rsquo;imaginent, \u00e0 tort, qu&rsquo;il a compl\u00e8tement disparu.<\/p>\n<p style=\"text-align: justify;\">Je suis intimement persuad\u00e9, au contraire, que les animaux, eux aussi, ont une \u00e2me immortelle et que, pour ceux que nous avons connus et aim\u00e9s, \u00a0\u00bb le fil n&rsquo;est pas coup\u00e9\u00a0\u00bb.<\/p>\n<p style=\"text-align: justify;\">J&rsquo;ai eu beaucoup de difficult\u00e9s d&rsquo;admettre qu&rsquo;il \u00e9tait possible de les contacter, eux aussi, par TCI et d&rsquo;obtenir autre chose qu&rsquo;un aboiement ou un miaulement et ce malgr\u00e9 l&rsquo;\u00e9vidence qui s&rsquo;imposait \u00e0 moi (1).<\/p>\n<p style=\"text-align: justify;\">Puis, un jour, j&rsquo;ai compris que tous les messages venant de \u00a0\u00bb l&rsquo;Au-del\u00e0 \u00a0\u00bb sont de nature t\u00e9l\u00e9pathique et que la pens\u00e9e, essentiellement vibratoire et \u00e9nerg\u00e9tique, peut se moduler en \u00e9crits, en voix, en messages de quelque nature que ce soit.<\/p>\n<p style=\"text-align: justify;\">En r\u00e9alit\u00e9, il n&rsquo;est qu&rsquo;un seul amour et il est \u00e9ternel car \u00a0\u00bb l&rsquo;Eternel \u00a0\u00bb lui-m\u00eame est Amour. Est-il une plus belle esp\u00e9rance que celle-l\u00e0 ?<\/p>\n<p style=\"text-align: justify;\">Le po\u00e8te Charles P\u00e9guy a dit avec tant de justesse : \u00a0\u00bb L&rsquo;esp\u00e9rance voit ce qui n&rsquo;est pas encore mais qui sera \u00a0\u00bb !<\/p>\n<p><b>Jean Martin<\/b><\/p>\n<p><sub>(1) Voir : \u00a0\u00bb Le pr\u00eatre, la m\u00e9dium et le chien \u00a0\u00bb (Ed. J.M.G.)<\/sub><\/p>\n<div><img decoding=\"async\" class=\"aligncenter\" src=\"http:\/\/www.melonic.be\/j\/images\/stories\/fleur.gif\" border=\"0\" \/><\/div>\n<table class=\"contentpaneopen\">\n<tbody>\n<tr>\n<td class=\"contentheading\" width=\"100%\"><\/td>\n<td class=\"buttonheading\" align=\"right\" width=\"100%\"><a title=\"Imprimer\" href=\"http:\/\/www.melonic.be\/j\/index.php?view=article&amp;catid=47%3Asans-categorie&amp;id=50%3Ale-mot-de-jean-martin&amp;tmpl=component&amp;print=1&amp;layout=default&amp;page=&amp;option=com_content&amp;Itemid=60\" rel=\"nofollow\"><img decoding=\"async\" src=\"http:\/\/www.melonic.be\/j\/images\/M_images\/printButton.png\" alt=\"Imprimer\" \/><\/a><\/td>\n<td class=\"buttonheading\" align=\"right\" width=\"100%\"><a title=\"Envoyer\" href=\"http:\/\/www.melonic.be\/j\/index.php?option=com_mailto&amp;tmpl=component&amp;link=645ba12e3c0d34dcbc0e2bfe8effd756c5760dab\"><img decoding=\"async\" src=\"http:\/\/www.melonic.be\/j\/images\/M_images\/emailButton.png\" alt=\"Envoyer\" \/><\/a><\/td>\n<\/tr>\n<\/tbody>\n<\/table>\n<table class=\"contentpaneopen\">\n<tbody>\n<tr>\n<td valign=\"top\">&nbsp;<\/p>\n<div><\/div>\n<\/td>\n<\/tr>\n<\/tbody>\n<\/table>\n","protected":false},"excerpt":{"rendered":"<p>Le mot de Jean Martin Nicole et Gis\u00e8le me demandent un mot d&rsquo;accompagnement pour les tr\u00e8s beaux textes de ce site. Bien volontiers ! J&rsquo;ai relu r\u00e9cemment ce que j&rsquo;\u00e9crivais en 1999, dans l&rsquo;avant propos de mon livre \u00ab\u00a0Pour que danse une \u00e9toile\u00a0\u00bb(Ed. Scaillet). J&rsquo;y comprends toujours autant et peut \u00eatre m\u00eame plus que : [&hellip;]<\/p>\n","protected":false},"author":1,"featured_media":0,"parent":0,"menu_order":0,"comment_status":"closed","ping_status":"closed","template":"","meta":{"ocean_post_layout":"","ocean_both_sidebars_style":"","ocean_both_sidebars_content_width":0,"ocean_both_sidebars_sidebars_width":0,"ocean_sidebar":"0","ocean_second_sidebar":"0","ocean_disable_margins":"enable","ocean_add_body_class":"","ocean_shortcode_before_top_bar":"","ocean_shortcode_after_top_bar":"","ocean_shortcode_before_header":"","ocean_shortcode_after_header":"","ocean_has_shortcode":"","ocean_shortcode_after_title":"","ocean_shortcode_before_footer_widgets":"","ocean_shortcode_after_footer_widgets":"","ocean_shortcode_before_footer_bottom":"","ocean_shortcode_after_footer_bottom":"","ocean_display_top_bar":"default","ocean_display_header":"default","ocean_header_style":"","ocean_center_header_left_menu":"0","ocean_custom_header_template":"0","ocean_custom_logo":0,"ocean_custom_retina_logo":0,"ocean_custom_logo_max_width":0,"ocean_custom_logo_tablet_max_width":0,"ocean_custom_logo_mobile_max_width":0,"ocean_custom_logo_max_height":0,"ocean_custom_logo_tablet_max_height":0,"ocean_custom_logo_mobile_max_height":0,"ocean_header_custom_menu":"0","ocean_menu_typo_font_family":"0","ocean_menu_typo_font_subset":"","ocean_menu_typo_font_size":0,"ocean_menu_typo_font_size_tablet":0,"ocean_menu_typo_font_size_mobile":0,"ocean_menu_typo_font_size_unit":"px","ocean_menu_typo_font_weight":"","ocean_menu_typo_font_weight_tablet":"","ocean_menu_typo_font_weight_mobile":"","ocean_menu_typo_transform":"","ocean_menu_typo_transform_tablet":"","ocean_menu_typo_transform_mobile":"","ocean_menu_typo_line_height":0,"ocean_menu_typo_line_height_tablet":0,"ocean_menu_typo_line_height_mobile":0,"ocean_menu_typo_line_height_unit":"","ocean_menu_typo_spacing":0,"ocean_menu_typo_spacing_tablet":0,"ocean_menu_typo_spacing_mobile":0,"ocean_menu_typo_spacing_unit":"","ocean_menu_link_color":"","ocean_menu_link_color_hover":"","ocean_menu_link_color_active":"","ocean_menu_link_background":"","ocean_menu_link_hover_background":"","ocean_menu_link_active_background":"","ocean_menu_social_links_bg":"","ocean_menu_social_hover_links_bg":"","ocean_menu_social_links_color":"","ocean_menu_social_hover_links_color":"","ocean_disable_title":"default","ocean_disable_heading":"default","ocean_post_title":"","ocean_post_subheading":"","ocean_post_title_style":"","ocean_post_title_background_color":"","ocean_post_title_background":0,"ocean_post_title_bg_image_position":"","ocean_post_title_bg_image_attachment":"","ocean_post_title_bg_image_repeat":"","ocean_post_title_bg_image_size":"","ocean_post_title_height":0,"ocean_post_title_bg_overlay":0.5,"ocean_post_title_bg_overlay_color":"","ocean_disable_breadcrumbs":"default","ocean_breadcrumbs_color":"","ocean_breadcrumbs_separator_color":"","ocean_breadcrumbs_links_color":"","ocean_breadcrumbs_links_hover_color":"","ocean_display_footer_widgets":"default","ocean_display_footer_bottom":"default","ocean_custom_footer_template":"0","footnotes":""},"class_list":["post-1475","page","type-page","status-publish","hentry","entry"],"yoast_head":"<!-- This site is optimized with the Yoast SEO plugin v27.6 - https:\/\/yoast.com\/product\/yoast-seo-wordpress\/ -->\n<title>Le mot de Jean Martin - Melonic<\/title>\n<meta name=\"robots\" content=\"index, follow, max-snippet:-1, max-image-preview:large, max-video-preview:-1\" \/>\n<link rel=\"canonical\" href=\"https:\/\/melonic.be\/j\/le-mot-de-jean-martin\/\" \/>\n<meta property=\"og:locale\" content=\"fr_FR\" \/>\n<meta property=\"og:type\" content=\"article\" \/>\n<meta property=\"og:title\" content=\"Le mot de Jean Martin - Melonic\" \/>\n<meta property=\"og:description\" content=\"Le mot de Jean Martin Nicole et Gis\u00e8le me demandent un mot d&rsquo;accompagnement pour les tr\u00e8s beaux textes de ce site. Bien volontiers ! J&rsquo;ai relu r\u00e9cemment ce que j&rsquo;\u00e9crivais en 1999, dans l&rsquo;avant propos de mon livre \u00ab\u00a0Pour que danse une \u00e9toile\u00a0\u00bb(Ed. Scaillet). J&rsquo;y comprends toujours autant et peut \u00eatre m\u00eame plus que : [&hellip;]\" \/>\n<meta property=\"og:url\" content=\"https:\/\/melonic.be\/j\/le-mot-de-jean-martin\/\" \/>\n<meta property=\"og:site_name\" content=\"Melonic\" \/>\n<meta property=\"og:image\" content=\"http:\/\/www.melonic.be\/j\/images\/stories\/fleur.gif\" \/>\n<meta name=\"twitter:card\" content=\"summary_large_image\" \/>\n<meta name=\"twitter:label1\" content=\"Dur\u00e9e de lecture estim\u00e9e\" \/>\n\t<meta name=\"twitter:data1\" content=\"2 minutes\" \/>\n<script type=\"application\/ld+json\" class=\"yoast-schema-graph\">{\"@context\":\"https:\\\/\\\/schema.org\",\"@graph\":[{\"@type\":\"WebPage\",\"@id\":\"https:\\\/\\\/melonic.be\\\/j\\\/le-mot-de-jean-martin\\\/\",\"url\":\"https:\\\/\\\/melonic.be\\\/j\\\/le-mot-de-jean-martin\\\/\",\"name\":\"Le mot de Jean Martin - Melonic\",\"isPartOf\":{\"@id\":\"https:\\\/\\\/melonic.be\\\/j\\\/#website\"},\"primaryImageOfPage\":{\"@id\":\"https:\\\/\\\/melonic.be\\\/j\\\/le-mot-de-jean-martin\\\/#primaryimage\"},\"image\":{\"@id\":\"https:\\\/\\\/melonic.be\\\/j\\\/le-mot-de-jean-martin\\\/#primaryimage\"},\"thumbnailUrl\":\"http:\\\/\\\/www.melonic.be\\\/j\\\/images\\\/stories\\\/fleur.gif\",\"datePublished\":\"2019-04-24T14:04:18+00:00\",\"breadcrumb\":{\"@id\":\"https:\\\/\\\/melonic.be\\\/j\\\/le-mot-de-jean-martin\\\/#breadcrumb\"},\"inLanguage\":\"fr-FR\",\"potentialAction\":[{\"@type\":\"ReadAction\",\"target\":[\"https:\\\/\\\/melonic.be\\\/j\\\/le-mot-de-jean-martin\\\/\"]}]},{\"@type\":\"ImageObject\",\"inLanguage\":\"fr-FR\",\"@id\":\"https:\\\/\\\/melonic.be\\\/j\\\/le-mot-de-jean-martin\\\/#primaryimage\",\"url\":\"http:\\\/\\\/www.melonic.be\\\/j\\\/images\\\/stories\\\/fleur.gif\",\"contentUrl\":\"http:\\\/\\\/www.melonic.be\\\/j\\\/images\\\/stories\\\/fleur.gif\"},{\"@type\":\"BreadcrumbList\",\"@id\":\"https:\\\/\\\/melonic.be\\\/j\\\/le-mot-de-jean-martin\\\/#breadcrumb\",\"itemListElement\":[{\"@type\":\"ListItem\",\"position\":1,\"name\":\"Accueil\",\"item\":\"https:\\\/\\\/melonic.be\\\/j\\\/\"},{\"@type\":\"ListItem\",\"position\":2,\"name\":\"Le mot de Jean Martin\"}]},{\"@type\":\"WebSite\",\"@id\":\"https:\\\/\\\/melonic.be\\\/j\\\/#website\",\"url\":\"https:\\\/\\\/melonic.be\\\/j\\\/\",\"name\":\"Melonic\",\"description\":\"\",\"publisher\":{\"@id\":\"https:\\\/\\\/melonic.be\\\/j\\\/#\\\/schema\\\/person\\\/16854370e1792906f271cdce232cd4f3\"},\"potentialAction\":[{\"@type\":\"SearchAction\",\"target\":{\"@type\":\"EntryPoint\",\"urlTemplate\":\"https:\\\/\\\/melonic.be\\\/j\\\/?s={search_term_string}\"},\"query-input\":{\"@type\":\"PropertyValueSpecification\",\"valueRequired\":true,\"valueName\":\"search_term_string\"}}],\"inLanguage\":\"fr-FR\"},{\"@type\":[\"Person\",\"Organization\"],\"@id\":\"https:\\\/\\\/melonic.be\\\/j\\\/#\\\/schema\\\/person\\\/16854370e1792906f271cdce232cd4f3\",\"name\":\"Nicole Incourt\",\"image\":{\"@type\":\"ImageObject\",\"inLanguage\":\"fr-FR\",\"@id\":\"https:\\\/\\\/melonic.be\\\/j\\\/wp-content\\\/uploads\\\/2019\\\/04\\\/cropped-logo_banner.png\",\"url\":\"https:\\\/\\\/melonic.be\\\/j\\\/wp-content\\\/uploads\\\/2019\\\/04\\\/cropped-logo_banner.png\",\"contentUrl\":\"https:\\\/\\\/melonic.be\\\/j\\\/wp-content\\\/uploads\\\/2019\\\/04\\\/cropped-logo_banner.png\",\"width\":410,\"height\":106,\"caption\":\"Nicole Incourt\"},\"logo\":{\"@id\":\"https:\\\/\\\/melonic.be\\\/j\\\/wp-content\\\/uploads\\\/2019\\\/04\\\/cropped-logo_banner.png\"}}]}<\/script>\n<!-- \/ Yoast SEO plugin. -->","yoast_head_json":{"title":"Le mot de Jean Martin - Melonic","robots":{"index":"index","follow":"follow","max-snippet":"max-snippet:-1","max-image-preview":"max-image-preview:large","max-video-preview":"max-video-preview:-1"},"canonical":"https:\/\/melonic.be\/j\/le-mot-de-jean-martin\/","og_locale":"fr_FR","og_type":"article","og_title":"Le mot de Jean Martin - Melonic","og_description":"Le mot de Jean Martin Nicole et Gis\u00e8le me demandent un mot d&rsquo;accompagnement pour les tr\u00e8s beaux textes de ce site. Bien volontiers ! J&rsquo;ai relu r\u00e9cemment ce que j&rsquo;\u00e9crivais en 1999, dans l&rsquo;avant propos de mon livre \u00ab\u00a0Pour que danse une \u00e9toile\u00a0\u00bb(Ed. Scaillet). J&rsquo;y comprends toujours autant et peut \u00eatre m\u00eame plus que : [&hellip;]","og_url":"https:\/\/melonic.be\/j\/le-mot-de-jean-martin\/","og_site_name":"Melonic","og_image":[{"url":"http:\/\/www.melonic.be\/j\/images\/stories\/fleur.gif","type":"","width":"","height":""}],"twitter_card":"summary_large_image","twitter_misc":{"Dur\u00e9e de lecture estim\u00e9e":"2 minutes"},"schema":{"@context":"https:\/\/schema.org","@graph":[{"@type":"WebPage","@id":"https:\/\/melonic.be\/j\/le-mot-de-jean-martin\/","url":"https:\/\/melonic.be\/j\/le-mot-de-jean-martin\/","name":"Le mot de Jean Martin - Melonic","isPartOf":{"@id":"https:\/\/melonic.be\/j\/#website"},"primaryImageOfPage":{"@id":"https:\/\/melonic.be\/j\/le-mot-de-jean-martin\/#primaryimage"},"image":{"@id":"https:\/\/melonic.be\/j\/le-mot-de-jean-martin\/#primaryimage"},"thumbnailUrl":"http:\/\/www.melonic.be\/j\/images\/stories\/fleur.gif","datePublished":"2019-04-24T14:04:18+00:00","breadcrumb":{"@id":"https:\/\/melonic.be\/j\/le-mot-de-jean-martin\/#breadcrumb"},"inLanguage":"fr-FR","potentialAction":[{"@type":"ReadAction","target":["https:\/\/melonic.be\/j\/le-mot-de-jean-martin\/"]}]},{"@type":"ImageObject","inLanguage":"fr-FR","@id":"https:\/\/melonic.be\/j\/le-mot-de-jean-martin\/#primaryimage","url":"http:\/\/www.melonic.be\/j\/images\/stories\/fleur.gif","contentUrl":"http:\/\/www.melonic.be\/j\/images\/stories\/fleur.gif"},{"@type":"BreadcrumbList","@id":"https:\/\/melonic.be\/j\/le-mot-de-jean-martin\/#breadcrumb","itemListElement":[{"@type":"ListItem","position":1,"name":"Accueil","item":"https:\/\/melonic.be\/j\/"},{"@type":"ListItem","position":2,"name":"Le mot de Jean Martin"}]},{"@type":"WebSite","@id":"https:\/\/melonic.be\/j\/#website","url":"https:\/\/melonic.be\/j\/","name":"Melonic","description":"","publisher":{"@id":"https:\/\/melonic.be\/j\/#\/schema\/person\/16854370e1792906f271cdce232cd4f3"},"potentialAction":[{"@type":"SearchAction","target":{"@type":"EntryPoint","urlTemplate":"https:\/\/melonic.be\/j\/?s={search_term_string}"},"query-input":{"@type":"PropertyValueSpecification","valueRequired":true,"valueName":"search_term_string"}}],"inLanguage":"fr-FR"},{"@type":["Person","Organization"],"@id":"https:\/\/melonic.be\/j\/#\/schema\/person\/16854370e1792906f271cdce232cd4f3","name":"Nicole Incourt","image":{"@type":"ImageObject","inLanguage":"fr-FR","@id":"https:\/\/melonic.be\/j\/wp-content\/uploads\/2019\/04\/cropped-logo_banner.png","url":"https:\/\/melonic.be\/j\/wp-content\/uploads\/2019\/04\/cropped-logo_banner.png","contentUrl":"https:\/\/melonic.be\/j\/wp-content\/uploads\/2019\/04\/cropped-logo_banner.png","width":410,"height":106,"caption":"Nicole Incourt"},"logo":{"@id":"https:\/\/melonic.be\/j\/wp-content\/uploads\/2019\/04\/cropped-logo_banner.png"}}]}},"_links":{"self":[{"href":"https:\/\/melonic.be\/j\/wp-json\/wp\/v2\/pages\/1475","targetHints":{"allow":["GET"]}}],"collection":[{"href":"https:\/\/melonic.be\/j\/wp-json\/wp\/v2\/pages"}],"about":[{"href":"https:\/\/melonic.be\/j\/wp-json\/wp\/v2\/types\/page"}],"author":[{"embeddable":true,"href":"https:\/\/melonic.be\/j\/wp-json\/wp\/v2\/users\/1"}],"replies":[{"embeddable":true,"href":"https:\/\/melonic.be\/j\/wp-json\/wp\/v2\/comments?post=1475"}],"version-history":[{"count":1,"href":"https:\/\/melonic.be\/j\/wp-json\/wp\/v2\/pages\/1475\/revisions"}],"predecessor-version":[{"id":1476,"href":"https:\/\/melonic.be\/j\/wp-json\/wp\/v2\/pages\/1475\/revisions\/1476"}],"wp:attachment":[{"href":"https:\/\/melonic.be\/j\/wp-json\/wp\/v2\/media?parent=1475"}],"curies":[{"name":"wp","href":"https:\/\/api.w.org\/{rel}","templated":true}]}}