{"id":1477,"date":"2019-04-24T16:11:30","date_gmt":"2019-04-24T14:11:30","guid":{"rendered":"http:\/\/melonic.be\/j\/?page_id=1477"},"modified":"2026-01-04T11:10:41","modified_gmt":"2026-01-04T10:10:41","slug":"gisele-nicole","status":"publish","type":"page","link":"https:\/\/melonic.be\/j\/gisele-nicole\/","title":{"rendered":"Gis\u00e8le &#038; Nicole"},"content":{"rendered":"\t\t<div data-elementor-type=\"wp-post\" data-elementor-id=\"1477\" class=\"elementor elementor-1477\">\n\t\t\t\t\t\t<section class=\"elementor-section elementor-top-section elementor-element elementor-element-4c7f0832 elementor-section-boxed elementor-section-height-default elementor-section-height-default\" data-id=\"4c7f0832\" data-element_type=\"section\" data-e-type=\"section\">\n\t\t\t\t\t\t<div class=\"elementor-container elementor-column-gap-default\">\n\t\t\t\t\t<div class=\"elementor-column elementor-col-100 elementor-top-column elementor-element elementor-element-385e9f31\" data-id=\"385e9f31\" data-element_type=\"column\" data-e-type=\"column\">\n\t\t\t<div class=\"elementor-widget-wrap elementor-element-populated\">\n\t\t\t\t\t\t<div class=\"elementor-element elementor-element-7f848025 elementor-widget elementor-widget-text-editor\" data-id=\"7f848025\" data-element_type=\"widget\" data-e-type=\"widget\" data-widget_type=\"text-editor.default\">\n\t\t\t\t<div class=\"elementor-widget-container\">\n\t\t\t\t\t\t\t\t\t<p style=\"text-align: justify;\"><span style=\"color: #ff00ff;\">Gis\u00e8le et Nicole, les deux amies, le Sud et le Nord, et co-auteurs du site.<\/span><\/p>\t\t\t\t\t\t\t\t<\/div>\n\t\t\t\t<\/div>\n\t\t\t\t<div class=\"elementor-element elementor-element-9b40a6b elementor-widget elementor-widget-image-gallery\" data-id=\"9b40a6b\" data-element_type=\"widget\" data-e-type=\"widget\" data-widget_type=\"image-gallery.default\">\n\t\t\t\t<div class=\"elementor-widget-container\">\n\t\t\t\t\t\t\t<div class=\"elementor-image-gallery\">\n\t\t\t<div id='gallery-1' class='gallery galleryid-1477 gallery-columns-5 gallery-size-thumbnail'><figure class='gallery-item'>\n\t\t\t<div class='gallery-icon portrait'>\n\t\t\t\t<a data-elementor-open-lightbox=\"yes\" data-elementor-lightbox-slideshow=\"9b40a6b\" data-elementor-lightbox-title=\"nicole-2\" data-e-action-hash=\"#elementor-action%3Aaction%3Dlightbox%26settings%3DeyJpZCI6MTQ4MiwidXJsIjoiaHR0cHM6XC9cL21lbG9uaWMuYmVcL2pcL3dwLWNvbnRlbnRcL3VwbG9hZHNcLzIwMTlcLzA0XC9uaWNvbGUtMi5qcGciLCJzbGlkZXNob3ciOiI5YjQwYTZiIn0%3D\" href='https:\/\/melonic.be\/j\/wp-content\/uploads\/2019\/04\/nicole-2.jpg'><img decoding=\"async\" width=\"150\" height=\"150\" src=\"https:\/\/melonic.be\/j\/wp-content\/uploads\/2019\/04\/nicole-2-150x150.jpg\" class=\"attachment-thumbnail size-thumbnail\" alt=\"\" \/><\/a>\n\t\t\t<\/div><\/figure><figure class='gallery-item'>\n\t\t\t<div class='gallery-icon landscape'>\n\t\t\t\t<a data-elementor-open-lightbox=\"yes\" data-elementor-lightbox-slideshow=\"9b40a6b\" data-elementor-lightbox-title=\"img_1228844341_184\" data-e-action-hash=\"#elementor-action%3Aaction%3Dlightbox%26settings%3DeyJpZCI6MTQ3OCwidXJsIjoiaHR0cHM6XC9cL21lbG9uaWMuYmVcL2pcL3dwLWNvbnRlbnRcL3VwbG9hZHNcLzIwMTlcLzA0XC9pbWdfMTIyODg0NDM0MV8xODQuanBnIiwic2xpZGVzaG93IjoiOWI0MGE2YiJ9\" href='https:\/\/melonic.be\/j\/wp-content\/uploads\/2019\/04\/img_1228844341_184.jpg'><img decoding=\"async\" width=\"150\" height=\"150\" src=\"https:\/\/melonic.be\/j\/wp-content\/uploads\/2019\/04\/img_1228844341_184-150x150.jpg\" class=\"attachment-thumbnail size-thumbnail\" alt=\"\" \/><\/a>\n\t\t\t<\/div><\/figure><figure class='gallery-item'>\n\t\t\t<div class='gallery-icon landscape'>\n\t\t\t\t<a data-elementor-open-lightbox=\"yes\" data-elementor-lightbox-slideshow=\"9b40a6b\" data-elementor-lightbox-title=\"img_1228844363_117\" data-e-action-hash=\"#elementor-action%3Aaction%3Dlightbox%26settings%3DeyJpZCI6MTQ3OSwidXJsIjoiaHR0cHM6XC9cL21lbG9uaWMuYmVcL2pcL3dwLWNvbnRlbnRcL3VwbG9hZHNcLzIwMTlcLzA0XC9pbWdfMTIyODg0NDM2M18xMTcuanBnIiwic2xpZGVzaG93IjoiOWI0MGE2YiJ9\" href='https:\/\/melonic.be\/j\/wp-content\/uploads\/2019\/04\/img_1228844363_117.jpg'><img decoding=\"async\" width=\"150\" height=\"150\" src=\"https:\/\/melonic.be\/j\/wp-content\/uploads\/2019\/04\/img_1228844363_117-150x150.jpg\" class=\"attachment-thumbnail size-thumbnail\" alt=\"\" \/><\/a>\n\t\t\t<\/div><\/figure><figure class='gallery-item'>\n\t\t\t<div class='gallery-icon landscape'>\n\t\t\t\t<a data-elementor-open-lightbox=\"yes\" data-elementor-lightbox-slideshow=\"9b40a6b\" data-elementor-lightbox-title=\"img_1228844380_391\" data-e-action-hash=\"#elementor-action%3Aaction%3Dlightbox%26settings%3DeyJpZCI6MTQ4MCwidXJsIjoiaHR0cHM6XC9cL21lbG9uaWMuYmVcL2pcL3dwLWNvbnRlbnRcL3VwbG9hZHNcLzIwMTlcLzA0XC9pbWdfMTIyODg0NDM4MF8zOTEuanBnIiwic2xpZGVzaG93IjoiOWI0MGE2YiJ9\" href='https:\/\/melonic.be\/j\/wp-content\/uploads\/2019\/04\/img_1228844380_391.jpg'><img loading=\"lazy\" decoding=\"async\" width=\"150\" height=\"150\" src=\"https:\/\/melonic.be\/j\/wp-content\/uploads\/2019\/04\/img_1228844380_391-150x150.jpg\" class=\"attachment-thumbnail size-thumbnail\" alt=\"\" \/><\/a>\n\t\t\t<\/div><\/figure><figure class='gallery-item'>\n\t\t\t<div class='gallery-icon landscape'>\n\t\t\t\t<a data-elementor-open-lightbox=\"yes\" data-elementor-lightbox-slideshow=\"9b40a6b\" data-elementor-lightbox-title=\"nicole-1\" data-e-action-hash=\"#elementor-action%3Aaction%3Dlightbox%26settings%3DeyJpZCI6MTQ4MSwidXJsIjoiaHR0cHM6XC9cL21lbG9uaWMuYmVcL2pcL3dwLWNvbnRlbnRcL3VwbG9hZHNcLzIwMTlcLzA0XC9uaWNvbGUtMS5qcGciLCJzbGlkZXNob3ciOiI5YjQwYTZiIn0%3D\" href='https:\/\/melonic.be\/j\/wp-content\/uploads\/2019\/04\/nicole-1.jpg'><img loading=\"lazy\" decoding=\"async\" width=\"150\" height=\"150\" src=\"https:\/\/melonic.be\/j\/wp-content\/uploads\/2019\/04\/nicole-1-150x150.jpg\" class=\"attachment-thumbnail size-thumbnail\" alt=\"\" \/><\/a>\n\t\t\t<\/div><\/figure>\n\t\t<\/div>\n\t\t<\/div>\n\t\t\t\t\t\t<\/div>\n\t\t\t\t<\/div>\n\t\t\t\t\t<\/div>\n\t\t<\/div>\n\t\t\t\t\t<\/div>\n\t\t<\/section>\n\t\t\t\t<\/div>\n\t\t","protected":false},"excerpt":{"rendered":"<p>Gis\u00e8le et Nicole, les deux amies, le Sud et le Nord, et co-auteurs du site.<\/p>\n","protected":false},"author":1,"featured_media":0,"parent":0,"menu_order":0,"comment_status":"closed","ping_status":"closed","template":"","meta":{"ocean_post_layout":"","ocean_both_sidebars_style":"","ocean_both_sidebars_content_width":0,"ocean_both_sidebars_sidebars_width":0,"ocean_sidebar":"0","ocean_second_sidebar":"0","ocean_disable_margins":"enable","ocean_add_body_class":"","ocean_shortcode_before_top_bar":"","ocean_shortcode_after_top_bar":"","ocean_shortcode_before_header":"","ocean_shortcode_after_header":"","ocean_has_shortcode":"","ocean_shortcode_after_title":"","ocean_shortcode_before_footer_widgets":"","ocean_shortcode_after_footer_widgets":"","ocean_shortcode_before_footer_bottom":"","ocean_shortcode_after_footer_bottom":"","ocean_display_top_bar":"default","ocean_display_header":"default","ocean_header_style":"","ocean_center_header_left_menu":"0","ocean_custom_header_template":"0","ocean_custom_logo":0,"ocean_custom_retina_logo":0,"ocean_custom_logo_max_width":0,"ocean_custom_logo_tablet_max_width":0,"ocean_custom_logo_mobile_max_width":0,"ocean_custom_logo_max_height":0,"ocean_custom_logo_tablet_max_height":0,"ocean_custom_logo_mobile_max_height":0,"ocean_header_custom_menu":"0","ocean_menu_typo_font_family":"0","ocean_menu_typo_font_subset":"","ocean_menu_typo_font_size":0,"ocean_menu_typo_font_size_tablet":0,"ocean_menu_typo_font_size_mobile":0,"ocean_menu_typo_font_size_unit":"px","ocean_menu_typo_font_weight":"","ocean_menu_typo_font_weight_tablet":"","ocean_menu_typo_font_weight_mobile":"","ocean_menu_typo_transform":"","ocean_menu_typo_transform_tablet":"","ocean_menu_typo_transform_mobile":"","ocean_menu_typo_line_height":0,"ocean_menu_typo_line_height_tablet":0,"ocean_menu_typo_line_height_mobile":0,"ocean_menu_typo_line_height_unit":"","ocean_menu_typo_spacing":0,"ocean_menu_typo_spacing_tablet":0,"ocean_menu_typo_spacing_mobile":0,"ocean_menu_typo_spacing_unit":"","ocean_menu_link_color":"","ocean_menu_link_color_hover":"","ocean_menu_link_color_active":"","ocean_menu_link_background":"","ocean_menu_link_hover_background":"","ocean_menu_link_active_background":"","ocean_menu_social_links_bg":"","ocean_menu_social_hover_links_bg":"","ocean_menu_social_links_color":"","ocean_menu_social_hover_links_color":"","ocean_disable_title":"default","ocean_disable_heading":"default","ocean_post_title":"","ocean_post_subheading":"","ocean_post_title_style":"","ocean_post_title_background_color":"","ocean_post_title_background":0,"ocean_post_title_bg_image_position":"","ocean_post_title_bg_image_attachment":"","ocean_post_title_bg_image_repeat":"","ocean_post_title_bg_image_size":"","ocean_post_title_height":0,"ocean_post_title_bg_overlay":0.5,"ocean_post_title_bg_overlay_color":"","ocean_disable_breadcrumbs":"default","ocean_breadcrumbs_color":"","ocean_breadcrumbs_separator_color":"","ocean_breadcrumbs_links_color":"","ocean_breadcrumbs_links_hover_color":"","ocean_display_footer_widgets":"default","ocean_display_footer_bottom":"default","ocean_custom_footer_template":"0","footnotes":""},"class_list":["post-1477","page","type-page","status-publish","hentry","entry"],"yoast_head":"<!-- This site is optimized with the Yoast SEO plugin v27.6 - https:\/\/yoast.com\/product\/yoast-seo-wordpress\/ -->\n<title>Gis\u00e8le &amp; Nicole - Melonic<\/title>\n<meta name=\"description\" content=\"Un espace de soutien et de r\u00e9flexion autour du deuil, de la conscience apr\u00e8s la mort et de la transcommunication, pour retrouver espoir et apaisement.\" \/>\n<meta name=\"robots\" content=\"index, follow, max-snippet:-1, max-image-preview:large, max-video-preview:-1\" \/>\n<link rel=\"canonical\" href=\"https:\/\/melonic.be\/j\/gisele-nicole\/\" \/>\n<meta property=\"og:locale\" content=\"fr_FR\" \/>\n<meta property=\"og:type\" content=\"article\" \/>\n<meta property=\"og:title\" content=\"Gis\u00e8le &amp; Nicole - Melonic\" \/>\n<meta property=\"og:description\" content=\"Un espace de soutien et de r\u00e9flexion autour du deuil, de la conscience apr\u00e8s la mort et de la transcommunication, pour retrouver espoir et apaisement.\" \/>\n<meta property=\"og:url\" content=\"https:\/\/melonic.be\/j\/gisele-nicole\/\" \/>\n<meta property=\"og:site_name\" content=\"Melonic\" \/>\n<meta property=\"article:modified_time\" content=\"2026-01-04T10:10:41+00:00\" \/>\n<meta property=\"og:image\" content=\"http:\/\/melonic.be\/j\/wp-content\/uploads\/2019\/04\/nicole-2-150x150.jpg\" \/>\n<meta name=\"twitter:card\" content=\"summary_large_image\" \/>\n<meta name=\"twitter:label1\" content=\"Dur\u00e9e de lecture estim\u00e9e\" \/>\n\t<meta name=\"twitter:data1\" content=\"2 minutes\" \/>\n<script type=\"application\/ld+json\" class=\"yoast-schema-graph\">{\"@context\":\"https:\\\/\\\/schema.org\",\"@graph\":[{\"@type\":\"WebPage\",\"@id\":\"https:\\\/\\\/melonic.be\\\/j\\\/gisele-nicole\\\/\",\"url\":\"https:\\\/\\\/melonic.be\\\/j\\\/gisele-nicole\\\/\",\"name\":\"Gis\u00e8le & Nicole - Melonic\",\"isPartOf\":{\"@id\":\"https:\\\/\\\/melonic.be\\\/j\\\/#website\"},\"primaryImageOfPage\":{\"@id\":\"https:\\\/\\\/melonic.be\\\/j\\\/gisele-nicole\\\/#primaryimage\"},\"image\":{\"@id\":\"https:\\\/\\\/melonic.be\\\/j\\\/gisele-nicole\\\/#primaryimage\"},\"thumbnailUrl\":\"http:\\\/\\\/melonic.be\\\/j\\\/wp-content\\\/uploads\\\/2019\\\/04\\\/nicole-2-150x150.jpg\",\"datePublished\":\"2019-04-24T14:11:30+00:00\",\"dateModified\":\"2026-01-04T10:10:41+00:00\",\"description\":\"Un espace de soutien et de r\u00e9flexion autour du deuil, de la conscience apr\u00e8s la mort et de la transcommunication, pour retrouver espoir et apaisement.\",\"breadcrumb\":{\"@id\":\"https:\\\/\\\/melonic.be\\\/j\\\/gisele-nicole\\\/#breadcrumb\"},\"inLanguage\":\"fr-FR\",\"potentialAction\":[{\"@type\":\"ReadAction\",\"target\":[\"https:\\\/\\\/melonic.be\\\/j\\\/gisele-nicole\\\/\"]}]},{\"@type\":\"ImageObject\",\"inLanguage\":\"fr-FR\",\"@id\":\"https:\\\/\\\/melonic.be\\\/j\\\/gisele-nicole\\\/#primaryimage\",\"url\":\"https:\\\/\\\/melonic.be\\\/j\\\/wp-content\\\/uploads\\\/2019\\\/04\\\/nicole-2.jpg\",\"contentUrl\":\"https:\\\/\\\/melonic.be\\\/j\\\/wp-content\\\/uploads\\\/2019\\\/04\\\/nicole-2.jpg\",\"width\":800,\"height\":956},{\"@type\":\"BreadcrumbList\",\"@id\":\"https:\\\/\\\/melonic.be\\\/j\\\/gisele-nicole\\\/#breadcrumb\",\"itemListElement\":[{\"@type\":\"ListItem\",\"position\":1,\"name\":\"Accueil\",\"item\":\"https:\\\/\\\/melonic.be\\\/j\\\/\"},{\"@type\":\"ListItem\",\"position\":2,\"name\":\"Gis\u00e8le &#038; Nicole\"}]},{\"@type\":\"WebSite\",\"@id\":\"https:\\\/\\\/melonic.be\\\/j\\\/#website\",\"url\":\"https:\\\/\\\/melonic.be\\\/j\\\/\",\"name\":\"Melonic\",\"description\":\"\",\"publisher\":{\"@id\":\"https:\\\/\\\/melonic.be\\\/j\\\/#\\\/schema\\\/person\\\/16854370e1792906f271cdce232cd4f3\"},\"potentialAction\":[{\"@type\":\"SearchAction\",\"target\":{\"@type\":\"EntryPoint\",\"urlTemplate\":\"https:\\\/\\\/melonic.be\\\/j\\\/?s={search_term_string}\"},\"query-input\":{\"@type\":\"PropertyValueSpecification\",\"valueRequired\":true,\"valueName\":\"search_term_string\"}}],\"inLanguage\":\"fr-FR\"},{\"@type\":[\"Person\",\"Organization\"],\"@id\":\"https:\\\/\\\/melonic.be\\\/j\\\/#\\\/schema\\\/person\\\/16854370e1792906f271cdce232cd4f3\",\"name\":\"Nicole Incourt\",\"image\":{\"@type\":\"ImageObject\",\"inLanguage\":\"fr-FR\",\"@id\":\"https:\\\/\\\/melonic.be\\\/j\\\/wp-content\\\/uploads\\\/2019\\\/04\\\/cropped-logo_banner.png\",\"url\":\"https:\\\/\\\/melonic.be\\\/j\\\/wp-content\\\/uploads\\\/2019\\\/04\\\/cropped-logo_banner.png\",\"contentUrl\":\"https:\\\/\\\/melonic.be\\\/j\\\/wp-content\\\/uploads\\\/2019\\\/04\\\/cropped-logo_banner.png\",\"width\":410,\"height\":106,\"caption\":\"Nicole Incourt\"},\"logo\":{\"@id\":\"https:\\\/\\\/melonic.be\\\/j\\\/wp-content\\\/uploads\\\/2019\\\/04\\\/cropped-logo_banner.png\"}}]}<\/script>\n<!-- \/ Yoast SEO plugin. -->","yoast_head_json":{"title":"Gis\u00e8le & Nicole - Melonic","description":"Un espace de soutien et de r\u00e9flexion autour du deuil, de la conscience apr\u00e8s la mort et de la transcommunication, pour retrouver espoir et apaisement.","robots":{"index":"index","follow":"follow","max-snippet":"max-snippet:-1","max-image-preview":"max-image-preview:large","max-video-preview":"max-video-preview:-1"},"canonical":"https:\/\/melonic.be\/j\/gisele-nicole\/","og_locale":"fr_FR","og_type":"article","og_title":"Gis\u00e8le & Nicole - Melonic","og_description":"Un espace de soutien et de r\u00e9flexion autour du deuil, de la conscience apr\u00e8s la mort et de la transcommunication, pour retrouver espoir et apaisement.","og_url":"https:\/\/melonic.be\/j\/gisele-nicole\/","og_site_name":"Melonic","article_modified_time":"2026-01-04T10:10:41+00:00","og_image":[{"url":"http:\/\/melonic.be\/j\/wp-content\/uploads\/2019\/04\/nicole-2-150x150.jpg","type":"","width":"","height":""}],"twitter_card":"summary_large_image","twitter_misc":{"Dur\u00e9e de lecture estim\u00e9e":"2 minutes"},"schema":{"@context":"https:\/\/schema.org","@graph":[{"@type":"WebPage","@id":"https:\/\/melonic.be\/j\/gisele-nicole\/","url":"https:\/\/melonic.be\/j\/gisele-nicole\/","name":"Gis\u00e8le & Nicole - Melonic","isPartOf":{"@id":"https:\/\/melonic.be\/j\/#website"},"primaryImageOfPage":{"@id":"https:\/\/melonic.be\/j\/gisele-nicole\/#primaryimage"},"image":{"@id":"https:\/\/melonic.be\/j\/gisele-nicole\/#primaryimage"},"thumbnailUrl":"http:\/\/melonic.be\/j\/wp-content\/uploads\/2019\/04\/nicole-2-150x150.jpg","datePublished":"2019-04-24T14:11:30+00:00","dateModified":"2026-01-04T10:10:41+00:00","description":"Un espace de soutien et de r\u00e9flexion autour du deuil, de la conscience apr\u00e8s la mort et de la transcommunication, pour retrouver espoir et apaisement.","breadcrumb":{"@id":"https:\/\/melonic.be\/j\/gisele-nicole\/#breadcrumb"},"inLanguage":"fr-FR","potentialAction":[{"@type":"ReadAction","target":["https:\/\/melonic.be\/j\/gisele-nicole\/"]}]},{"@type":"ImageObject","inLanguage":"fr-FR","@id":"https:\/\/melonic.be\/j\/gisele-nicole\/#primaryimage","url":"https:\/\/melonic.be\/j\/wp-content\/uploads\/2019\/04\/nicole-2.jpg","contentUrl":"https:\/\/melonic.be\/j\/wp-content\/uploads\/2019\/04\/nicole-2.jpg","width":800,"height":956},{"@type":"BreadcrumbList","@id":"https:\/\/melonic.be\/j\/gisele-nicole\/#breadcrumb","itemListElement":[{"@type":"ListItem","position":1,"name":"Accueil","item":"https:\/\/melonic.be\/j\/"},{"@type":"ListItem","position":2,"name":"Gis\u00e8le &#038; Nicole"}]},{"@type":"WebSite","@id":"https:\/\/melonic.be\/j\/#website","url":"https:\/\/melonic.be\/j\/","name":"Melonic","description":"","publisher":{"@id":"https:\/\/melonic.be\/j\/#\/schema\/person\/16854370e1792906f271cdce232cd4f3"},"potentialAction":[{"@type":"SearchAction","target":{"@type":"EntryPoint","urlTemplate":"https:\/\/melonic.be\/j\/?s={search_term_string}"},"query-input":{"@type":"PropertyValueSpecification","valueRequired":true,"valueName":"search_term_string"}}],"inLanguage":"fr-FR"},{"@type":["Person","Organization"],"@id":"https:\/\/melonic.be\/j\/#\/schema\/person\/16854370e1792906f271cdce232cd4f3","name":"Nicole Incourt","image":{"@type":"ImageObject","inLanguage":"fr-FR","@id":"https:\/\/melonic.be\/j\/wp-content\/uploads\/2019\/04\/cropped-logo_banner.png","url":"https:\/\/melonic.be\/j\/wp-content\/uploads\/2019\/04\/cropped-logo_banner.png","contentUrl":"https:\/\/melonic.be\/j\/wp-content\/uploads\/2019\/04\/cropped-logo_banner.png","width":410,"height":106,"caption":"Nicole Incourt"},"logo":{"@id":"https:\/\/melonic.be\/j\/wp-content\/uploads\/2019\/04\/cropped-logo_banner.png"}}]}},"_links":{"self":[{"href":"https:\/\/melonic.be\/j\/wp-json\/wp\/v2\/pages\/1477","targetHints":{"allow":["GET"]}}],"collection":[{"href":"https:\/\/melonic.be\/j\/wp-json\/wp\/v2\/pages"}],"about":[{"href":"https:\/\/melonic.be\/j\/wp-json\/wp\/v2\/types\/page"}],"author":[{"embeddable":true,"href":"https:\/\/melonic.be\/j\/wp-json\/wp\/v2\/users\/1"}],"replies":[{"embeddable":true,"href":"https:\/\/melonic.be\/j\/wp-json\/wp\/v2\/comments?post=1477"}],"version-history":[{"count":4,"href":"https:\/\/melonic.be\/j\/wp-json\/wp\/v2\/pages\/1477\/revisions"}],"predecessor-version":[{"id":2285,"href":"https:\/\/melonic.be\/j\/wp-json\/wp\/v2\/pages\/1477\/revisions\/2285"}],"wp:attachment":[{"href":"https:\/\/melonic.be\/j\/wp-json\/wp\/v2\/media?parent=1477"}],"curies":[{"name":"wp","href":"https:\/\/api.w.org\/{rel}","templated":true}]}}