{"id":1534,"date":"2019-04-24T17:57:19","date_gmt":"2019-04-24T15:57:19","guid":{"rendered":"http:\/\/melonic.be\/j\/?page_id=1534"},"modified":"2019-04-24T17:57:19","modified_gmt":"2019-04-24T15:57:19","slug":"etat-de-la-recherche","status":"publish","type":"page","link":"https:\/\/melonic.be\/j\/etat-de-la-recherche\/","title":{"rendered":"Etat de la recherche"},"content":{"rendered":"<h2>Etat de la recherche<\/h2>\n<p style=\"text-align: justify;\">Par le pass\u00e9 et actuellement, il arrive qu&rsquo;en Europe et aux Am\u00e9riques, quelques groupes universitaires ou autres scientifiques conduisent ou d\u00e9butent des \u00e9tudes circonscrites mais il n&rsquo; y a pas de mouvement coh\u00e9rent, organis\u00e9, visant au regroupement ou \u00e0 la confrontation des donn\u00e9es r\u00e9colt\u00e9es dans un r\u00e9el but d&rsquo;\u00e9volution de la recherche en TCI.<br \/>\nIl y a eu des tentatives dans ce sens mais elles semblent lettres mortes\u2026<\/p>\n<p>A ceux qui se posent la question : Les choses avancent-elles vraiment en TCI ?<br \/>\nNous laissons la parole \u00e0 Jean-Michel Grandsire*, extrait de Parasciences :<\/p>\n<p><em>Les choses avancent-elles vraiment ?<br \/>\nJe r\u00e9pondrai par une autre question : \u00a0\u00bb A-t-on envie que les choses avancent ? \u00a0\u00bb<br \/>\nJ&rsquo;ai ma r\u00e9ponse et, au risque de passer pour un rabat-joie, elle est n\u00e9gative.<br \/>\nNon. La plupart des gens n&rsquo;ont pas envie que les choses avancent.<br \/>\nCe qu&rsquo;ils veulent, c&rsquo;est qu&rsquo;on les rassure et qu&rsquo;on leur dise ce qu&rsquo;ils ont envie d&rsquo;entendre. C&rsquo;est une r\u00e9alit\u00e9 avec laquelle il faut composer. Peut-\u00eatre est-ce parce que nous sommes tellement habitu\u00e9s \u00e0 \u00eatre assist\u00e9s, \u00e0 d\u00e9l\u00e9guer notre souverainet\u00e9 par des ch\u00e8ques en blanc divers, que nous avons oubli\u00e9 que nous sommes encore capables de r\u00e9fl\u00e9chir par nous-m\u00eame (\u2026)<br \/>\nOn n&rsquo;a pas avanc\u00e9, on n&rsquo;a m\u00eame pas fait du sur place, on a recul\u00e9.<br \/>\nParce qu&rsquo;il ne faut pas mettre le doigt o\u00f9 \u00e7a fait mal, parce qu&rsquo;il ne faut plus oser l&rsquo;hypoth\u00e8se de la survie (\u00e7a fait d\u00e9sordre face au triomphe du mat\u00e9rialisme), parce qu&rsquo;il faut \u00eatre propre sur soi, parce que la parapsychologie est devenue une affaire de statisticiens (\u00e7a fait plus s\u00e9rieux).<br \/>\nParce que ceci, parce que cela.<br \/>\nEt les responsables, ce ne sont pas les mat\u00e9rialistes et autres \u00ab\u00a0z\u00e9t\u00e9tologues\u00a0\u00bb, c&rsquo;est vous, moi, nous, qui nous contentons d&rsquo;\u00e0 peu pr\u00e8s. (\u2026)<br \/>\nDonc, je suis serein, mais l\u00e9g\u00e8rement dubitatif.<br \/>\n<\/em><br \/>\nM\u00eame si l&rsquo;on ne conduit plus au b\u00fbcher, (en paroles peut-\u00eatre\u2026) parce que nous avons acquis d&rsquo;autres m\u0153urs, l&rsquo;\u00e9volution est effectivement lente.<\/p>\n<p>D&rsquo;un autre c\u00f4t\u00e9, un fait est incontestable : partout, on peut remarquer l&rsquo;int\u00e9r\u00eat croissant port\u00e9 aux livres, aux conf\u00e9rences, aux sites consacr\u00e9s \u00e0 la survie et aux diverses communications avec l&rsquo;Au-del\u00e0.<br \/>\nCertains scientifiques s&rsquo;expriment aussi; pour preuve, cette conf\u00e9rence plurinationale sur les NDE \u00e0 Martigues** en 2007.<\/p>\n<p><sub>* J.M.Grandsire : Cr\u00e9ateur de la revue Parasciences et des \u00e9ditions JMG.<\/sub><br \/>\n<sub>**<a href=\"http:\/\/www.s17production.com\/\">http:\/\/www.s17production.com\/<\/a><\/sub><\/p>\n<p><img decoding=\"async\" class=\"aligncenter\" src=\"http:\/\/www.melonic.be\/j\/images\/stories\/fleur.gif\" border=\"0\" \/><\/p>\n<table class=\"contentpaneopen\">\n<tbody>\n<tr>\n<td class=\"contentheading\" width=\"100%\"><\/td>\n<td class=\"buttonheading\" align=\"right\" width=\"100%\"><a title=\"Imprimer\" href=\"http:\/\/www.melonic.be\/j\/index.php?view=article&amp;catid=48%3Asans-categorie&amp;id=52%3Aetat-de-la-recherche&amp;tmpl=component&amp;print=1&amp;layout=default&amp;page=&amp;option=com_content&amp;Itemid=62\" rel=\"nofollow\"><img decoding=\"async\" src=\"http:\/\/www.melonic.be\/j\/images\/M_images\/printButton.png\" alt=\"Imprimer\" \/><\/a><\/td>\n<td class=\"buttonheading\" align=\"right\" width=\"100%\"><a title=\"Envoyer\" href=\"http:\/\/www.melonic.be\/j\/index.php?option=com_mailto&amp;tmpl=component&amp;link=028547913d8e0410902697964f11a924a437b720\"><img decoding=\"async\" src=\"http:\/\/www.melonic.be\/j\/images\/M_images\/emailButton.png\" alt=\"Envoyer\" \/><\/a><\/td>\n<\/tr>\n<\/tbody>\n<\/table>\n<table class=\"contentpaneopen\">\n<tbody>\n<tr>\n<td valign=\"top\">&nbsp;<\/p>\n<div class=\"my-center\"><\/div>\n<\/td>\n<\/tr>\n<\/tbody>\n<\/table>\n","protected":false},"excerpt":{"rendered":"<p>Etat de la recherche Par le pass\u00e9 et actuellement, il arrive qu&rsquo;en Europe et aux Am\u00e9riques, quelques groupes universitaires ou autres scientifiques conduisent ou d\u00e9butent des \u00e9tudes circonscrites mais il n&rsquo; y a pas de mouvement coh\u00e9rent, organis\u00e9, visant au regroupement ou \u00e0 la confrontation des donn\u00e9es r\u00e9colt\u00e9es dans un r\u00e9el but d&rsquo;\u00e9volution de la [&hellip;]<\/p>\n","protected":false},"author":1,"featured_media":0,"parent":0,"menu_order":0,"comment_status":"closed","ping_status":"closed","template":"","meta":{"ocean_post_layout":"","ocean_both_sidebars_style":"","ocean_both_sidebars_content_width":0,"ocean_both_sidebars_sidebars_width":0,"ocean_sidebar":"0","ocean_second_sidebar":"0","ocean_disable_margins":"enable","ocean_add_body_class":"","ocean_shortcode_before_top_bar":"","ocean_shortcode_after_top_bar":"","ocean_shortcode_before_header":"","ocean_shortcode_after_header":"","ocean_has_shortcode":"","ocean_shortcode_after_title":"","ocean_shortcode_before_footer_widgets":"","ocean_shortcode_after_footer_widgets":"","ocean_shortcode_before_footer_bottom":"","ocean_shortcode_after_footer_bottom":"","ocean_display_top_bar":"default","ocean_display_header":"default","ocean_header_style":"","ocean_center_header_left_menu":"0","ocean_custom_header_template":"0","ocean_custom_logo":0,"ocean_custom_retina_logo":0,"ocean_custom_logo_max_width":0,"ocean_custom_logo_tablet_max_width":0,"ocean_custom_logo_mobile_max_width":0,"ocean_custom_logo_max_height":0,"ocean_custom_logo_tablet_max_height":0,"ocean_custom_logo_mobile_max_height":0,"ocean_header_custom_menu":"0","ocean_menu_typo_font_family":"0","ocean_menu_typo_font_subset":"","ocean_menu_typo_font_size":0,"ocean_menu_typo_font_size_tablet":0,"ocean_menu_typo_font_size_mobile":0,"ocean_menu_typo_font_size_unit":"px","ocean_menu_typo_font_weight":"","ocean_menu_typo_font_weight_tablet":"","ocean_menu_typo_font_weight_mobile":"","ocean_menu_typo_transform":"","ocean_menu_typo_transform_tablet":"","ocean_menu_typo_transform_mobile":"","ocean_menu_typo_line_height":0,"ocean_menu_typo_line_height_tablet":0,"ocean_menu_typo_line_height_mobile":0,"ocean_menu_typo_line_height_unit":"","ocean_menu_typo_spacing":0,"ocean_menu_typo_spacing_tablet":0,"ocean_menu_typo_spacing_mobile":0,"ocean_menu_typo_spacing_unit":"","ocean_menu_link_color":"","ocean_menu_link_color_hover":"","ocean_menu_link_color_active":"","ocean_menu_link_background":"","ocean_menu_link_hover_background":"","ocean_menu_link_active_background":"","ocean_menu_social_links_bg":"","ocean_menu_social_hover_links_bg":"","ocean_menu_social_links_color":"","ocean_menu_social_hover_links_color":"","ocean_disable_title":"default","ocean_disable_heading":"default","ocean_post_title":"","ocean_post_subheading":"","ocean_post_title_style":"","ocean_post_title_background_color":"","ocean_post_title_background":0,"ocean_post_title_bg_image_position":"","ocean_post_title_bg_image_attachment":"","ocean_post_title_bg_image_repeat":"","ocean_post_title_bg_image_size":"","ocean_post_title_height":0,"ocean_post_title_bg_overlay":0.5,"ocean_post_title_bg_overlay_color":"","ocean_disable_breadcrumbs":"default","ocean_breadcrumbs_color":"","ocean_breadcrumbs_separator_color":"","ocean_breadcrumbs_links_color":"","ocean_breadcrumbs_links_hover_color":"","ocean_display_footer_widgets":"default","ocean_display_footer_bottom":"default","ocean_custom_footer_template":"0","footnotes":""},"class_list":["post-1534","page","type-page","status-publish","hentry","entry"],"yoast_head":"<!-- This site is optimized with the Yoast SEO plugin v27.6 - https:\/\/yoast.com\/product\/yoast-seo-wordpress\/ -->\n<title>Etat de la recherche - Melonic<\/title>\n<meta name=\"robots\" content=\"index, follow, max-snippet:-1, max-image-preview:large, max-video-preview:-1\" \/>\n<link rel=\"canonical\" href=\"https:\/\/melonic.be\/j\/etat-de-la-recherche\/\" \/>\n<meta property=\"og:locale\" content=\"fr_FR\" \/>\n<meta property=\"og:type\" content=\"article\" \/>\n<meta property=\"og:title\" content=\"Etat de la recherche - Melonic\" \/>\n<meta property=\"og:description\" content=\"Etat de la recherche Par le pass\u00e9 et actuellement, il arrive qu&rsquo;en Europe et aux Am\u00e9riques, quelques groupes universitaires ou autres scientifiques conduisent ou d\u00e9butent des \u00e9tudes circonscrites mais il n&rsquo; y a pas de mouvement coh\u00e9rent, organis\u00e9, visant au regroupement ou \u00e0 la confrontation des donn\u00e9es r\u00e9colt\u00e9es dans un r\u00e9el but d&rsquo;\u00e9volution de la [&hellip;]\" \/>\n<meta property=\"og:url\" content=\"https:\/\/melonic.be\/j\/etat-de-la-recherche\/\" \/>\n<meta property=\"og:site_name\" content=\"Melonic\" \/>\n<meta property=\"og:image\" content=\"http:\/\/www.melonic.be\/j\/images\/stories\/fleur.gif\" \/>\n<meta name=\"twitter:card\" content=\"summary_large_image\" \/>\n<meta name=\"twitter:label1\" content=\"Dur\u00e9e de lecture estim\u00e9e\" \/>\n\t<meta name=\"twitter:data1\" content=\"2 minutes\" \/>\n<script type=\"application\/ld+json\" class=\"yoast-schema-graph\">{\"@context\":\"https:\\\/\\\/schema.org\",\"@graph\":[{\"@type\":\"WebPage\",\"@id\":\"https:\\\/\\\/melonic.be\\\/j\\\/etat-de-la-recherche\\\/\",\"url\":\"https:\\\/\\\/melonic.be\\\/j\\\/etat-de-la-recherche\\\/\",\"name\":\"Etat de la recherche - Melonic\",\"isPartOf\":{\"@id\":\"https:\\\/\\\/melonic.be\\\/j\\\/#website\"},\"primaryImageOfPage\":{\"@id\":\"https:\\\/\\\/melonic.be\\\/j\\\/etat-de-la-recherche\\\/#primaryimage\"},\"image\":{\"@id\":\"https:\\\/\\\/melonic.be\\\/j\\\/etat-de-la-recherche\\\/#primaryimage\"},\"thumbnailUrl\":\"http:\\\/\\\/www.melonic.be\\\/j\\\/images\\\/stories\\\/fleur.gif\",\"datePublished\":\"2019-04-24T15:57:19+00:00\",\"breadcrumb\":{\"@id\":\"https:\\\/\\\/melonic.be\\\/j\\\/etat-de-la-recherche\\\/#breadcrumb\"},\"inLanguage\":\"fr-FR\",\"potentialAction\":[{\"@type\":\"ReadAction\",\"target\":[\"https:\\\/\\\/melonic.be\\\/j\\\/etat-de-la-recherche\\\/\"]}]},{\"@type\":\"ImageObject\",\"inLanguage\":\"fr-FR\",\"@id\":\"https:\\\/\\\/melonic.be\\\/j\\\/etat-de-la-recherche\\\/#primaryimage\",\"url\":\"http:\\\/\\\/www.melonic.be\\\/j\\\/images\\\/stories\\\/fleur.gif\",\"contentUrl\":\"http:\\\/\\\/www.melonic.be\\\/j\\\/images\\\/stories\\\/fleur.gif\"},{\"@type\":\"BreadcrumbList\",\"@id\":\"https:\\\/\\\/melonic.be\\\/j\\\/etat-de-la-recherche\\\/#breadcrumb\",\"itemListElement\":[{\"@type\":\"ListItem\",\"position\":1,\"name\":\"Accueil\",\"item\":\"https:\\\/\\\/melonic.be\\\/j\\\/\"},{\"@type\":\"ListItem\",\"position\":2,\"name\":\"Etat de la recherche\"}]},{\"@type\":\"WebSite\",\"@id\":\"https:\\\/\\\/melonic.be\\\/j\\\/#website\",\"url\":\"https:\\\/\\\/melonic.be\\\/j\\\/\",\"name\":\"Melonic\",\"description\":\"\",\"publisher\":{\"@id\":\"https:\\\/\\\/melonic.be\\\/j\\\/#\\\/schema\\\/person\\\/16854370e1792906f271cdce232cd4f3\"},\"potentialAction\":[{\"@type\":\"SearchAction\",\"target\":{\"@type\":\"EntryPoint\",\"urlTemplate\":\"https:\\\/\\\/melonic.be\\\/j\\\/?s={search_term_string}\"},\"query-input\":{\"@type\":\"PropertyValueSpecification\",\"valueRequired\":true,\"valueName\":\"search_term_string\"}}],\"inLanguage\":\"fr-FR\"},{\"@type\":[\"Person\",\"Organization\"],\"@id\":\"https:\\\/\\\/melonic.be\\\/j\\\/#\\\/schema\\\/person\\\/16854370e1792906f271cdce232cd4f3\",\"name\":\"Nicole Incourt\",\"image\":{\"@type\":\"ImageObject\",\"inLanguage\":\"fr-FR\",\"@id\":\"https:\\\/\\\/melonic.be\\\/j\\\/wp-content\\\/uploads\\\/2019\\\/04\\\/cropped-logo_banner.png\",\"url\":\"https:\\\/\\\/melonic.be\\\/j\\\/wp-content\\\/uploads\\\/2019\\\/04\\\/cropped-logo_banner.png\",\"contentUrl\":\"https:\\\/\\\/melonic.be\\\/j\\\/wp-content\\\/uploads\\\/2019\\\/04\\\/cropped-logo_banner.png\",\"width\":410,\"height\":106,\"caption\":\"Nicole Incourt\"},\"logo\":{\"@id\":\"https:\\\/\\\/melonic.be\\\/j\\\/wp-content\\\/uploads\\\/2019\\\/04\\\/cropped-logo_banner.png\"}}]}<\/script>\n<!-- \/ Yoast SEO plugin. -->","yoast_head_json":{"title":"Etat de la recherche - Melonic","robots":{"index":"index","follow":"follow","max-snippet":"max-snippet:-1","max-image-preview":"max-image-preview:large","max-video-preview":"max-video-preview:-1"},"canonical":"https:\/\/melonic.be\/j\/etat-de-la-recherche\/","og_locale":"fr_FR","og_type":"article","og_title":"Etat de la recherche - Melonic","og_description":"Etat de la recherche Par le pass\u00e9 et actuellement, il arrive qu&rsquo;en Europe et aux Am\u00e9riques, quelques groupes universitaires ou autres scientifiques conduisent ou d\u00e9butent des \u00e9tudes circonscrites mais il n&rsquo; y a pas de mouvement coh\u00e9rent, organis\u00e9, visant au regroupement ou \u00e0 la confrontation des donn\u00e9es r\u00e9colt\u00e9es dans un r\u00e9el but d&rsquo;\u00e9volution de la [&hellip;]","og_url":"https:\/\/melonic.be\/j\/etat-de-la-recherche\/","og_site_name":"Melonic","og_image":[{"url":"http:\/\/www.melonic.be\/j\/images\/stories\/fleur.gif","type":"","width":"","height":""}],"twitter_card":"summary_large_image","twitter_misc":{"Dur\u00e9e de lecture estim\u00e9e":"2 minutes"},"schema":{"@context":"https:\/\/schema.org","@graph":[{"@type":"WebPage","@id":"https:\/\/melonic.be\/j\/etat-de-la-recherche\/","url":"https:\/\/melonic.be\/j\/etat-de-la-recherche\/","name":"Etat de la recherche - Melonic","isPartOf":{"@id":"https:\/\/melonic.be\/j\/#website"},"primaryImageOfPage":{"@id":"https:\/\/melonic.be\/j\/etat-de-la-recherche\/#primaryimage"},"image":{"@id":"https:\/\/melonic.be\/j\/etat-de-la-recherche\/#primaryimage"},"thumbnailUrl":"http:\/\/www.melonic.be\/j\/images\/stories\/fleur.gif","datePublished":"2019-04-24T15:57:19+00:00","breadcrumb":{"@id":"https:\/\/melonic.be\/j\/etat-de-la-recherche\/#breadcrumb"},"inLanguage":"fr-FR","potentialAction":[{"@type":"ReadAction","target":["https:\/\/melonic.be\/j\/etat-de-la-recherche\/"]}]},{"@type":"ImageObject","inLanguage":"fr-FR","@id":"https:\/\/melonic.be\/j\/etat-de-la-recherche\/#primaryimage","url":"http:\/\/www.melonic.be\/j\/images\/stories\/fleur.gif","contentUrl":"http:\/\/www.melonic.be\/j\/images\/stories\/fleur.gif"},{"@type":"BreadcrumbList","@id":"https:\/\/melonic.be\/j\/etat-de-la-recherche\/#breadcrumb","itemListElement":[{"@type":"ListItem","position":1,"name":"Accueil","item":"https:\/\/melonic.be\/j\/"},{"@type":"ListItem","position":2,"name":"Etat de la recherche"}]},{"@type":"WebSite","@id":"https:\/\/melonic.be\/j\/#website","url":"https:\/\/melonic.be\/j\/","name":"Melonic","description":"","publisher":{"@id":"https:\/\/melonic.be\/j\/#\/schema\/person\/16854370e1792906f271cdce232cd4f3"},"potentialAction":[{"@type":"SearchAction","target":{"@type":"EntryPoint","urlTemplate":"https:\/\/melonic.be\/j\/?s={search_term_string}"},"query-input":{"@type":"PropertyValueSpecification","valueRequired":true,"valueName":"search_term_string"}}],"inLanguage":"fr-FR"},{"@type":["Person","Organization"],"@id":"https:\/\/melonic.be\/j\/#\/schema\/person\/16854370e1792906f271cdce232cd4f3","name":"Nicole Incourt","image":{"@type":"ImageObject","inLanguage":"fr-FR","@id":"https:\/\/melonic.be\/j\/wp-content\/uploads\/2019\/04\/cropped-logo_banner.png","url":"https:\/\/melonic.be\/j\/wp-content\/uploads\/2019\/04\/cropped-logo_banner.png","contentUrl":"https:\/\/melonic.be\/j\/wp-content\/uploads\/2019\/04\/cropped-logo_banner.png","width":410,"height":106,"caption":"Nicole Incourt"},"logo":{"@id":"https:\/\/melonic.be\/j\/wp-content\/uploads\/2019\/04\/cropped-logo_banner.png"}}]}},"_links":{"self":[{"href":"https:\/\/melonic.be\/j\/wp-json\/wp\/v2\/pages\/1534","targetHints":{"allow":["GET"]}}],"collection":[{"href":"https:\/\/melonic.be\/j\/wp-json\/wp\/v2\/pages"}],"about":[{"href":"https:\/\/melonic.be\/j\/wp-json\/wp\/v2\/types\/page"}],"author":[{"embeddable":true,"href":"https:\/\/melonic.be\/j\/wp-json\/wp\/v2\/users\/1"}],"replies":[{"embeddable":true,"href":"https:\/\/melonic.be\/j\/wp-json\/wp\/v2\/comments?post=1534"}],"version-history":[{"count":1,"href":"https:\/\/melonic.be\/j\/wp-json\/wp\/v2\/pages\/1534\/revisions"}],"predecessor-version":[{"id":1535,"href":"https:\/\/melonic.be\/j\/wp-json\/wp\/v2\/pages\/1534\/revisions\/1535"}],"wp:attachment":[{"href":"https:\/\/melonic.be\/j\/wp-json\/wp\/v2\/media?parent=1534"}],"curies":[{"name":"wp","href":"https:\/\/api.w.org\/{rel}","templated":true}]}}