{"id":1538,"date":"2019-04-24T18:10:12","date_gmt":"2019-04-24T16:10:12","guid":{"rendered":"http:\/\/melonic.be\/j\/?page_id=1538"},"modified":"2019-04-24T18:11:51","modified_gmt":"2019-04-24T16:11:51","slug":"contenu-des-messages","status":"publish","type":"page","link":"https:\/\/melonic.be\/j\/contenu-des-messages\/","title":{"rendered":"Contenu des messages"},"content":{"rendered":"<h2>Contenu des messages<\/h2>\n<p style=\"text-align: justify;\">Nous laissons la parole \u00e0 Jean Martin :<\/p>\n<p style=\"text-align: justify;\"><i>Dans la masse des messages capt\u00e9s, j&rsquo;\u00e9carte patiemment les voix de la \u00a0\u00bb banlieue \u00a0\u00bb (les tout premiers niveaux de l&rsquo;Au-del\u00e0) que je compare personnellement \u00e0 ce qu&rsquo;on obtient sur une place de march\u00e9 si l&rsquo;on branche son enregistreur et qu&rsquo;on capte le \u00a0\u00bb tout venant \u00ab\u00a0.<\/i><\/p>\n<p style=\"text-align: justify;\"><i>J&rsquo;ai, par contre, gard\u00e9 et en quelque sorte consign\u00e9 une multitude de paroles qui sont porteuses de sens, pour moi en tout cas : il y en a presque deux mille. (\u2026)<\/i><\/p>\n<ul style=\"text-align: justify;\">\n<li><i>Paroles qui expriment une pr\u00e9sence: \u00a0\u00bb je suis l\u00e0 \u00ab\u00a0; \u00ab\u00a0je suis vivante et bien vivante\u00a0\u00bb; \u00a0\u00bb On est l\u00e0, tout pr\u00e8s \u00ab\u00a0; \u00a0\u00bb Sois certain que je vis, de m\u00eame que je t&rsquo;aide \u00ab\u00a0, \u00a0\u00bb On est l\u00e0, parents, amis \u00ab\u00a0&#8230;<br \/>\n<\/i><\/li>\n<li><i>Paroles qui apportent l&rsquo;encouragement: \u00a0\u00bb Nous t&rsquo;aimons \u00ab\u00a0; \u00a0\u00bb Je prie pour toi \u00ab\u00a0; \u00a0\u00bb Courage\u00a0\u00bb; \u00ab\u00a0Continue\u00a0\u00bb; \u00ab\u00a0T&rsquo;en fais pas. On se retrouvera\u00a0\u00bb&#8230;<br \/>\n<\/i><\/li>\n<li><i>Paroles qui stimulent: \u00a0\u00bb Ne doute pas \u00ab\u00a0; \u00a0\u00bb Accepte\u00a0\u00bb; \u00a0\u00bb N&rsquo;aie pas peur, prie beaucoup \u00ab\u00a0; \u00a0\u00bb Malgr\u00e9 tout, tiens \u00ab\u00a0; \u00a0\u00bb Vis de Foi \u00ab\u00a0&#8230;<br \/>\n<\/i><\/li>\n<li><i>Il y a aussi des demandes de pri\u00e8res : \u00a0\u00bb Prie pour moi \u00a0\u00bb ; \u00a0\u00bb Pense \u00e0 nous \u00a0\u00bb ; \u00a0\u00bb Sauvez-nous \u00a0\u00bb ; \u00a0\u00bb Prie avec moi \u00ab\u00a0&#8230;\u00a0(\u2026)<\/i><\/li>\n<\/ul>\n<p style=\"text-align: justify;\"><i>Il faut enfin citer quelques paroles troubles, voire inqui\u00e9tantes. Elles sont rares mais elles existent : elles rappellent que la \u00a0\u00bb transcommunication \u00a0\u00bb comporte ses dangers qu&rsquo;on ne souligne peut \u00eatre pas assez; qu&rsquo;il ne faut rien entreprendre dans le trouble et la tristesse; que l&rsquo;amour est le \u00a0\u00bb canal \u00a0\u00bb par excellence et enfin qu&rsquo;il faut toujours se prot\u00e9ger des entit\u00e9s n\u00e9gatives par la pri\u00e8re.<br \/>\nC&rsquo;est que, lorsque nous passons dans l&rsquo;autre monde, nous gardons notre temp\u00e9rament, notre mani\u00e8re de penser et de r\u00e9agir.<\/i><\/p>\n<p style=\"text-align: justify;\"><i>Nombreux sont aujourd&rsquo;hui les messages qui nous viennent de l&rsquo;autre monde. Ils sont, par la force des choses, fort diff\u00e9rents, tributaires, et c&rsquo;est normal, de la qualit\u00e9 de l&rsquo;\u00e9metteur et de la disponibilit\u00e9 du r\u00e9cepteur. Quand on en lit plusieurs, on est souvent \u00e9tonn\u00e9 de constater qu&rsquo;ils r\u00e9v\u00e8lent la personnalit\u00e9 de leur auteur.<\/i><\/p>\n<p style=\"text-align: justify;\"><b>Extrait de la pr\u00e9face\u00a0\u00e9crite par\u00a0Jean Martin pour le livre \u00ab\u00a0Passerelle vers l&rsquo; Au-del\u00e0\u00a0\u00bb de Lina et Cathy Muller.<\/b><\/p>\n<p><img decoding=\"async\" class=\"size-full wp-image-1464 aligncenter\" src=\"http:\/\/melonic.be\/j\/wp-content\/uploads\/2019\/04\/fleur.gif\" alt=\"\" width=\"83\" height=\"60\" \/><\/p>\n","protected":false},"excerpt":{"rendered":"<p>Contenu des messages Nous laissons la parole \u00e0 Jean Martin : Dans la masse des messages capt\u00e9s, j&rsquo;\u00e9carte patiemment les voix de la \u00a0\u00bb banlieue \u00a0\u00bb (les tout premiers niveaux de l&rsquo;Au-del\u00e0) que je compare personnellement \u00e0 ce qu&rsquo;on obtient sur une place de march\u00e9 si l&rsquo;on branche son enregistreur et qu&rsquo;on capte le \u00a0\u00bb [&hellip;]<\/p>\n","protected":false},"author":1,"featured_media":0,"parent":0,"menu_order":0,"comment_status":"closed","ping_status":"closed","template":"","meta":{"ocean_post_layout":"","ocean_both_sidebars_style":"","ocean_both_sidebars_content_width":0,"ocean_both_sidebars_sidebars_width":0,"ocean_sidebar":"0","ocean_second_sidebar":"0","ocean_disable_margins":"enable","ocean_add_body_class":"","ocean_shortcode_before_top_bar":"","ocean_shortcode_after_top_bar":"","ocean_shortcode_before_header":"","ocean_shortcode_after_header":"","ocean_has_shortcode":"","ocean_shortcode_after_title":"","ocean_shortcode_before_footer_widgets":"","ocean_shortcode_after_footer_widgets":"","ocean_shortcode_before_footer_bottom":"","ocean_shortcode_after_footer_bottom":"","ocean_display_top_bar":"default","ocean_display_header":"default","ocean_header_style":"","ocean_center_header_left_menu":"0","ocean_custom_header_template":"0","ocean_custom_logo":0,"ocean_custom_retina_logo":0,"ocean_custom_logo_max_width":0,"ocean_custom_logo_tablet_max_width":0,"ocean_custom_logo_mobile_max_width":0,"ocean_custom_logo_max_height":0,"ocean_custom_logo_tablet_max_height":0,"ocean_custom_logo_mobile_max_height":0,"ocean_header_custom_menu":"0","ocean_menu_typo_font_family":"0","ocean_menu_typo_font_subset":"","ocean_menu_typo_font_size":0,"ocean_menu_typo_font_size_tablet":0,"ocean_menu_typo_font_size_mobile":0,"ocean_menu_typo_font_size_unit":"px","ocean_menu_typo_font_weight":"","ocean_menu_typo_font_weight_tablet":"","ocean_menu_typo_font_weight_mobile":"","ocean_menu_typo_transform":"","ocean_menu_typo_transform_tablet":"","ocean_menu_typo_transform_mobile":"","ocean_menu_typo_line_height":0,"ocean_menu_typo_line_height_tablet":0,"ocean_menu_typo_line_height_mobile":0,"ocean_menu_typo_line_height_unit":"","ocean_menu_typo_spacing":0,"ocean_menu_typo_spacing_tablet":0,"ocean_menu_typo_spacing_mobile":0,"ocean_menu_typo_spacing_unit":"","ocean_menu_link_color":"","ocean_menu_link_color_hover":"","ocean_menu_link_color_active":"","ocean_menu_link_background":"","ocean_menu_link_hover_background":"","ocean_menu_link_active_background":"","ocean_menu_social_links_bg":"","ocean_menu_social_hover_links_bg":"","ocean_menu_social_links_color":"","ocean_menu_social_hover_links_color":"","ocean_disable_title":"default","ocean_disable_heading":"default","ocean_post_title":"","ocean_post_subheading":"","ocean_post_title_style":"","ocean_post_title_background_color":"","ocean_post_title_background":0,"ocean_post_title_bg_image_position":"","ocean_post_title_bg_image_attachment":"","ocean_post_title_bg_image_repeat":"","ocean_post_title_bg_image_size":"","ocean_post_title_height":0,"ocean_post_title_bg_overlay":0.5,"ocean_post_title_bg_overlay_color":"","ocean_disable_breadcrumbs":"default","ocean_breadcrumbs_color":"","ocean_breadcrumbs_separator_color":"","ocean_breadcrumbs_links_color":"","ocean_breadcrumbs_links_hover_color":"","ocean_display_footer_widgets":"default","ocean_display_footer_bottom":"default","ocean_custom_footer_template":"0","footnotes":""},"class_list":["post-1538","page","type-page","status-publish","hentry","entry"],"yoast_head":"<!-- This site is optimized with the Yoast SEO plugin v27.6 - https:\/\/yoast.com\/product\/yoast-seo-wordpress\/ -->\n<title>Contenu des messages - Melonic<\/title>\n<meta name=\"robots\" content=\"index, follow, max-snippet:-1, max-image-preview:large, max-video-preview:-1\" \/>\n<link rel=\"canonical\" href=\"https:\/\/melonic.be\/j\/contenu-des-messages\/\" \/>\n<meta property=\"og:locale\" content=\"fr_FR\" \/>\n<meta property=\"og:type\" content=\"article\" \/>\n<meta property=\"og:title\" content=\"Contenu des messages - Melonic\" \/>\n<meta property=\"og:description\" content=\"Contenu des messages Nous laissons la parole \u00e0 Jean Martin : Dans la masse des messages capt\u00e9s, j&rsquo;\u00e9carte patiemment les voix de la \u00a0\u00bb banlieue \u00a0\u00bb (les tout premiers niveaux de l&rsquo;Au-del\u00e0) que je compare personnellement \u00e0 ce qu&rsquo;on obtient sur une place de march\u00e9 si l&rsquo;on branche son enregistreur et qu&rsquo;on capte le \u00a0\u00bb [&hellip;]\" \/>\n<meta property=\"og:url\" content=\"https:\/\/melonic.be\/j\/contenu-des-messages\/\" \/>\n<meta property=\"og:site_name\" content=\"Melonic\" \/>\n<meta property=\"article:modified_time\" content=\"2019-04-24T16:11:51+00:00\" \/>\n<meta property=\"og:image\" content=\"http:\/\/melonic.be\/j\/wp-content\/uploads\/2019\/04\/fleur.gif\" \/>\n<meta name=\"twitter:card\" content=\"summary_large_image\" \/>\n<meta name=\"twitter:label1\" content=\"Dur\u00e9e de lecture estim\u00e9e\" \/>\n\t<meta name=\"twitter:data1\" content=\"2 minutes\" \/>\n<script type=\"application\/ld+json\" class=\"yoast-schema-graph\">{\"@context\":\"https:\\\/\\\/schema.org\",\"@graph\":[{\"@type\":\"WebPage\",\"@id\":\"https:\\\/\\\/melonic.be\\\/j\\\/contenu-des-messages\\\/\",\"url\":\"https:\\\/\\\/melonic.be\\\/j\\\/contenu-des-messages\\\/\",\"name\":\"Contenu des messages - Melonic\",\"isPartOf\":{\"@id\":\"https:\\\/\\\/melonic.be\\\/j\\\/#website\"},\"primaryImageOfPage\":{\"@id\":\"https:\\\/\\\/melonic.be\\\/j\\\/contenu-des-messages\\\/#primaryimage\"},\"image\":{\"@id\":\"https:\\\/\\\/melonic.be\\\/j\\\/contenu-des-messages\\\/#primaryimage\"},\"thumbnailUrl\":\"http:\\\/\\\/melonic.be\\\/j\\\/wp-content\\\/uploads\\\/2019\\\/04\\\/fleur.gif\",\"datePublished\":\"2019-04-24T16:10:12+00:00\",\"dateModified\":\"2019-04-24T16:11:51+00:00\",\"breadcrumb\":{\"@id\":\"https:\\\/\\\/melonic.be\\\/j\\\/contenu-des-messages\\\/#breadcrumb\"},\"inLanguage\":\"fr-FR\",\"potentialAction\":[{\"@type\":\"ReadAction\",\"target\":[\"https:\\\/\\\/melonic.be\\\/j\\\/contenu-des-messages\\\/\"]}]},{\"@type\":\"ImageObject\",\"inLanguage\":\"fr-FR\",\"@id\":\"https:\\\/\\\/melonic.be\\\/j\\\/contenu-des-messages\\\/#primaryimage\",\"url\":\"https:\\\/\\\/melonic.be\\\/j\\\/wp-content\\\/uploads\\\/2019\\\/04\\\/fleur.gif\",\"contentUrl\":\"https:\\\/\\\/melonic.be\\\/j\\\/wp-content\\\/uploads\\\/2019\\\/04\\\/fleur.gif\",\"width\":83,\"height\":60},{\"@type\":\"BreadcrumbList\",\"@id\":\"https:\\\/\\\/melonic.be\\\/j\\\/contenu-des-messages\\\/#breadcrumb\",\"itemListElement\":[{\"@type\":\"ListItem\",\"position\":1,\"name\":\"Accueil\",\"item\":\"https:\\\/\\\/melonic.be\\\/j\\\/\"},{\"@type\":\"ListItem\",\"position\":2,\"name\":\"Contenu des messages\"}]},{\"@type\":\"WebSite\",\"@id\":\"https:\\\/\\\/melonic.be\\\/j\\\/#website\",\"url\":\"https:\\\/\\\/melonic.be\\\/j\\\/\",\"name\":\"Melonic\",\"description\":\"\",\"publisher\":{\"@id\":\"https:\\\/\\\/melonic.be\\\/j\\\/#\\\/schema\\\/person\\\/16854370e1792906f271cdce232cd4f3\"},\"potentialAction\":[{\"@type\":\"SearchAction\",\"target\":{\"@type\":\"EntryPoint\",\"urlTemplate\":\"https:\\\/\\\/melonic.be\\\/j\\\/?s={search_term_string}\"},\"query-input\":{\"@type\":\"PropertyValueSpecification\",\"valueRequired\":true,\"valueName\":\"search_term_string\"}}],\"inLanguage\":\"fr-FR\"},{\"@type\":[\"Person\",\"Organization\"],\"@id\":\"https:\\\/\\\/melonic.be\\\/j\\\/#\\\/schema\\\/person\\\/16854370e1792906f271cdce232cd4f3\",\"name\":\"Nicole Incourt\",\"image\":{\"@type\":\"ImageObject\",\"inLanguage\":\"fr-FR\",\"@id\":\"https:\\\/\\\/melonic.be\\\/j\\\/wp-content\\\/uploads\\\/2019\\\/04\\\/cropped-logo_banner.png\",\"url\":\"https:\\\/\\\/melonic.be\\\/j\\\/wp-content\\\/uploads\\\/2019\\\/04\\\/cropped-logo_banner.png\",\"contentUrl\":\"https:\\\/\\\/melonic.be\\\/j\\\/wp-content\\\/uploads\\\/2019\\\/04\\\/cropped-logo_banner.png\",\"width\":410,\"height\":106,\"caption\":\"Nicole Incourt\"},\"logo\":{\"@id\":\"https:\\\/\\\/melonic.be\\\/j\\\/wp-content\\\/uploads\\\/2019\\\/04\\\/cropped-logo_banner.png\"}}]}<\/script>\n<!-- \/ Yoast SEO plugin. -->","yoast_head_json":{"title":"Contenu des messages - Melonic","robots":{"index":"index","follow":"follow","max-snippet":"max-snippet:-1","max-image-preview":"max-image-preview:large","max-video-preview":"max-video-preview:-1"},"canonical":"https:\/\/melonic.be\/j\/contenu-des-messages\/","og_locale":"fr_FR","og_type":"article","og_title":"Contenu des messages - Melonic","og_description":"Contenu des messages Nous laissons la parole \u00e0 Jean Martin : Dans la masse des messages capt\u00e9s, j&rsquo;\u00e9carte patiemment les voix de la \u00a0\u00bb banlieue \u00a0\u00bb (les tout premiers niveaux de l&rsquo;Au-del\u00e0) que je compare personnellement \u00e0 ce qu&rsquo;on obtient sur une place de march\u00e9 si l&rsquo;on branche son enregistreur et qu&rsquo;on capte le \u00a0\u00bb [&hellip;]","og_url":"https:\/\/melonic.be\/j\/contenu-des-messages\/","og_site_name":"Melonic","article_modified_time":"2019-04-24T16:11:51+00:00","og_image":[{"url":"http:\/\/melonic.be\/j\/wp-content\/uploads\/2019\/04\/fleur.gif","type":"","width":"","height":""}],"twitter_card":"summary_large_image","twitter_misc":{"Dur\u00e9e de lecture estim\u00e9e":"2 minutes"},"schema":{"@context":"https:\/\/schema.org","@graph":[{"@type":"WebPage","@id":"https:\/\/melonic.be\/j\/contenu-des-messages\/","url":"https:\/\/melonic.be\/j\/contenu-des-messages\/","name":"Contenu des messages - Melonic","isPartOf":{"@id":"https:\/\/melonic.be\/j\/#website"},"primaryImageOfPage":{"@id":"https:\/\/melonic.be\/j\/contenu-des-messages\/#primaryimage"},"image":{"@id":"https:\/\/melonic.be\/j\/contenu-des-messages\/#primaryimage"},"thumbnailUrl":"http:\/\/melonic.be\/j\/wp-content\/uploads\/2019\/04\/fleur.gif","datePublished":"2019-04-24T16:10:12+00:00","dateModified":"2019-04-24T16:11:51+00:00","breadcrumb":{"@id":"https:\/\/melonic.be\/j\/contenu-des-messages\/#breadcrumb"},"inLanguage":"fr-FR","potentialAction":[{"@type":"ReadAction","target":["https:\/\/melonic.be\/j\/contenu-des-messages\/"]}]},{"@type":"ImageObject","inLanguage":"fr-FR","@id":"https:\/\/melonic.be\/j\/contenu-des-messages\/#primaryimage","url":"https:\/\/melonic.be\/j\/wp-content\/uploads\/2019\/04\/fleur.gif","contentUrl":"https:\/\/melonic.be\/j\/wp-content\/uploads\/2019\/04\/fleur.gif","width":83,"height":60},{"@type":"BreadcrumbList","@id":"https:\/\/melonic.be\/j\/contenu-des-messages\/#breadcrumb","itemListElement":[{"@type":"ListItem","position":1,"name":"Accueil","item":"https:\/\/melonic.be\/j\/"},{"@type":"ListItem","position":2,"name":"Contenu des messages"}]},{"@type":"WebSite","@id":"https:\/\/melonic.be\/j\/#website","url":"https:\/\/melonic.be\/j\/","name":"Melonic","description":"","publisher":{"@id":"https:\/\/melonic.be\/j\/#\/schema\/person\/16854370e1792906f271cdce232cd4f3"},"potentialAction":[{"@type":"SearchAction","target":{"@type":"EntryPoint","urlTemplate":"https:\/\/melonic.be\/j\/?s={search_term_string}"},"query-input":{"@type":"PropertyValueSpecification","valueRequired":true,"valueName":"search_term_string"}}],"inLanguage":"fr-FR"},{"@type":["Person","Organization"],"@id":"https:\/\/melonic.be\/j\/#\/schema\/person\/16854370e1792906f271cdce232cd4f3","name":"Nicole Incourt","image":{"@type":"ImageObject","inLanguage":"fr-FR","@id":"https:\/\/melonic.be\/j\/wp-content\/uploads\/2019\/04\/cropped-logo_banner.png","url":"https:\/\/melonic.be\/j\/wp-content\/uploads\/2019\/04\/cropped-logo_banner.png","contentUrl":"https:\/\/melonic.be\/j\/wp-content\/uploads\/2019\/04\/cropped-logo_banner.png","width":410,"height":106,"caption":"Nicole Incourt"},"logo":{"@id":"https:\/\/melonic.be\/j\/wp-content\/uploads\/2019\/04\/cropped-logo_banner.png"}}]}},"_links":{"self":[{"href":"https:\/\/melonic.be\/j\/wp-json\/wp\/v2\/pages\/1538","targetHints":{"allow":["GET"]}}],"collection":[{"href":"https:\/\/melonic.be\/j\/wp-json\/wp\/v2\/pages"}],"about":[{"href":"https:\/\/melonic.be\/j\/wp-json\/wp\/v2\/types\/page"}],"author":[{"embeddable":true,"href":"https:\/\/melonic.be\/j\/wp-json\/wp\/v2\/users\/1"}],"replies":[{"embeddable":true,"href":"https:\/\/melonic.be\/j\/wp-json\/wp\/v2\/comments?post=1538"}],"version-history":[{"count":3,"href":"https:\/\/melonic.be\/j\/wp-json\/wp\/v2\/pages\/1538\/revisions"}],"predecessor-version":[{"id":1541,"href":"https:\/\/melonic.be\/j\/wp-json\/wp\/v2\/pages\/1538\/revisions\/1541"}],"wp:attachment":[{"href":"https:\/\/melonic.be\/j\/wp-json\/wp\/v2\/media?parent=1538"}],"curies":[{"name":"wp","href":"https:\/\/api.w.org\/{rel}","templated":true}]}}