{"id":1542,"date":"2019-04-24T18:14:36","date_gmt":"2019-04-24T16:14:36","guid":{"rendered":"http:\/\/melonic.be\/j\/?page_id=1542"},"modified":"2019-04-24T18:14:36","modified_gmt":"2019-04-24T16:14:36","slug":"materiel","status":"publish","type":"page","link":"https:\/\/melonic.be\/j\/materiel\/","title":{"rendered":"Mat\u00e9riel"},"content":{"rendered":"<h2>Mat\u00e9riel<\/h2>\n<p style=\"text-align: justify;\">La m\u00e9thode conventionnelle \u00e9tait d\u2019utiliser un magn\u00e9tophone \u00e0 cassettes.<\/p>\n<p style=\"text-align: justify;\">Vu l\u2019\u00e9volution de la technologie, cette m\u00e9thode est d\u00e9pass\u00e9e.<\/p>\n<p style=\"text-align: justify;\">Pour ceux qui persistent avec cette m\u00e9thode, ce sont les magn\u00e9tophones digitaux qui sont utilis\u00e9s.<\/p>\n<p style=\"text-align: justify;\">L\u2019id\u00e9al serait que ceux-ci poss\u00e8dent une fonction \u00ab ralenti \u00bb. En effet, les messages sont r\u00e9guli\u00e8rement assez rapides et cela vaut la peine de pouvoir les ralentir pour mieux les comprendre.<\/p>\n<p style=\"text-align: justify;\">Apr\u00e8s enregistrement sur magn\u00e9to digital, il est aussi int\u00e9ressant de transf\u00e9rer celui-ci sur l\u2019ordinateur via un programme son pour une \u00e9coute plus ais\u00e9e.<\/p>\n<p style=\"text-align: justify;\">Cependant, pour \u00e9viter cette manipulation, la m\u00e9thode la plus habituelle et oh combien plus ais\u00e9e, est maintenant l\u2019enregistrement en direct sur ordinateur.<\/p>\n<p style=\"text-align: justify;\">Pour ce faire, il existe plusieurs programmes d\u2019enregistrement, dont les plus connus sont : Audacity, gratuit sur le Net, Adobe Audition ou Sony Audio Studio que l\u2019on peut trouver \u00e0 partir de 20\u20ac sur un site de vente fran\u00e7ais bien connu.<br \/>\nL\u2019ajout d\u2019un micro ext\u00e9rieur est imp\u00e9ratif.<\/p>\n<p style=\"text-align: justify;\">Veillez \u00e0 poss\u00e9der aussi une tr\u00e8s bonne carte son.<\/p>\n<p style=\"text-align: justify;\">Il est souhaitable dans ce cas, de couper toute connexion Internet durant le temps de l\u2019enregistrement.<\/p>\n<p><img decoding=\"async\" class=\"size-full wp-image-1464 aligncenter\" src=\"http:\/\/melonic.be\/j\/wp-content\/uploads\/2019\/04\/fleur.gif\" alt=\"\" width=\"83\" height=\"60\" \/><\/p>\n","protected":false},"excerpt":{"rendered":"<p>Mat\u00e9riel La m\u00e9thode conventionnelle \u00e9tait d\u2019utiliser un magn\u00e9tophone \u00e0 cassettes. Vu l\u2019\u00e9volution de la technologie, cette m\u00e9thode est d\u00e9pass\u00e9e. Pour ceux qui persistent avec cette m\u00e9thode, ce sont les magn\u00e9tophones digitaux qui sont utilis\u00e9s. L\u2019id\u00e9al serait que ceux-ci poss\u00e8dent une fonction \u00ab ralenti \u00bb. En effet, les messages sont r\u00e9guli\u00e8rement assez rapides et cela vaut [&hellip;]<\/p>\n","protected":false},"author":1,"featured_media":0,"parent":0,"menu_order":0,"comment_status":"closed","ping_status":"closed","template":"","meta":{"ocean_post_layout":"","ocean_both_sidebars_style":"","ocean_both_sidebars_content_width":0,"ocean_both_sidebars_sidebars_width":0,"ocean_sidebar":"0","ocean_second_sidebar":"0","ocean_disable_margins":"enable","ocean_add_body_class":"","ocean_shortcode_before_top_bar":"","ocean_shortcode_after_top_bar":"","ocean_shortcode_before_header":"","ocean_shortcode_after_header":"","ocean_has_shortcode":"","ocean_shortcode_after_title":"","ocean_shortcode_before_footer_widgets":"","ocean_shortcode_after_footer_widgets":"","ocean_shortcode_before_footer_bottom":"","ocean_shortcode_after_footer_bottom":"","ocean_display_top_bar":"default","ocean_display_header":"default","ocean_header_style":"","ocean_center_header_left_menu":"0","ocean_custom_header_template":"0","ocean_custom_logo":0,"ocean_custom_retina_logo":0,"ocean_custom_logo_max_width":0,"ocean_custom_logo_tablet_max_width":0,"ocean_custom_logo_mobile_max_width":0,"ocean_custom_logo_max_height":0,"ocean_custom_logo_tablet_max_height":0,"ocean_custom_logo_mobile_max_height":0,"ocean_header_custom_menu":"0","ocean_menu_typo_font_family":"0","ocean_menu_typo_font_subset":"","ocean_menu_typo_font_size":0,"ocean_menu_typo_font_size_tablet":0,"ocean_menu_typo_font_size_mobile":0,"ocean_menu_typo_font_size_unit":"px","ocean_menu_typo_font_weight":"","ocean_menu_typo_font_weight_tablet":"","ocean_menu_typo_font_weight_mobile":"","ocean_menu_typo_transform":"","ocean_menu_typo_transform_tablet":"","ocean_menu_typo_transform_mobile":"","ocean_menu_typo_line_height":0,"ocean_menu_typo_line_height_tablet":0,"ocean_menu_typo_line_height_mobile":0,"ocean_menu_typo_line_height_unit":"","ocean_menu_typo_spacing":0,"ocean_menu_typo_spacing_tablet":0,"ocean_menu_typo_spacing_mobile":0,"ocean_menu_typo_spacing_unit":"","ocean_menu_link_color":"","ocean_menu_link_color_hover":"","ocean_menu_link_color_active":"","ocean_menu_link_background":"","ocean_menu_link_hover_background":"","ocean_menu_link_active_background":"","ocean_menu_social_links_bg":"","ocean_menu_social_hover_links_bg":"","ocean_menu_social_links_color":"","ocean_menu_social_hover_links_color":"","ocean_disable_title":"default","ocean_disable_heading":"default","ocean_post_title":"","ocean_post_subheading":"","ocean_post_title_style":"","ocean_post_title_background_color":"","ocean_post_title_background":0,"ocean_post_title_bg_image_position":"","ocean_post_title_bg_image_attachment":"","ocean_post_title_bg_image_repeat":"","ocean_post_title_bg_image_size":"","ocean_post_title_height":0,"ocean_post_title_bg_overlay":0.5,"ocean_post_title_bg_overlay_color":"","ocean_disable_breadcrumbs":"default","ocean_breadcrumbs_color":"","ocean_breadcrumbs_separator_color":"","ocean_breadcrumbs_links_color":"","ocean_breadcrumbs_links_hover_color":"","ocean_display_footer_widgets":"default","ocean_display_footer_bottom":"default","ocean_custom_footer_template":"0","footnotes":""},"class_list":["post-1542","page","type-page","status-publish","hentry","entry"],"yoast_head":"<!-- This site is optimized with the Yoast SEO plugin v27.6 - https:\/\/yoast.com\/product\/yoast-seo-wordpress\/ -->\n<title>Mat\u00e9riel - Melonic<\/title>\n<meta name=\"robots\" content=\"index, follow, max-snippet:-1, max-image-preview:large, max-video-preview:-1\" \/>\n<link rel=\"canonical\" href=\"https:\/\/melonic.be\/j\/materiel\/\" \/>\n<meta property=\"og:locale\" content=\"fr_FR\" \/>\n<meta property=\"og:type\" content=\"article\" \/>\n<meta property=\"og:title\" content=\"Mat\u00e9riel - Melonic\" \/>\n<meta property=\"og:description\" content=\"Mat\u00e9riel La m\u00e9thode conventionnelle \u00e9tait d\u2019utiliser un magn\u00e9tophone \u00e0 cassettes. Vu l\u2019\u00e9volution de la technologie, cette m\u00e9thode est d\u00e9pass\u00e9e. Pour ceux qui persistent avec cette m\u00e9thode, ce sont les magn\u00e9tophones digitaux qui sont utilis\u00e9s. L\u2019id\u00e9al serait que ceux-ci poss\u00e8dent une fonction \u00ab ralenti \u00bb. En effet, les messages sont r\u00e9guli\u00e8rement assez rapides et cela vaut [&hellip;]\" \/>\n<meta property=\"og:url\" content=\"https:\/\/melonic.be\/j\/materiel\/\" \/>\n<meta property=\"og:site_name\" content=\"Melonic\" \/>\n<meta property=\"og:image\" content=\"http:\/\/melonic.be\/j\/wp-content\/uploads\/2019\/04\/fleur.gif\" \/>\n<meta name=\"twitter:card\" content=\"summary_large_image\" \/>\n<meta name=\"twitter:label1\" content=\"Dur\u00e9e de lecture estim\u00e9e\" \/>\n\t<meta name=\"twitter:data1\" content=\"1 minute\" \/>\n<script type=\"application\/ld+json\" class=\"yoast-schema-graph\">{\"@context\":\"https:\\\/\\\/schema.org\",\"@graph\":[{\"@type\":\"WebPage\",\"@id\":\"https:\\\/\\\/melonic.be\\\/j\\\/materiel\\\/\",\"url\":\"https:\\\/\\\/melonic.be\\\/j\\\/materiel\\\/\",\"name\":\"Mat\u00e9riel - Melonic\",\"isPartOf\":{\"@id\":\"https:\\\/\\\/melonic.be\\\/j\\\/#website\"},\"primaryImageOfPage\":{\"@id\":\"https:\\\/\\\/melonic.be\\\/j\\\/materiel\\\/#primaryimage\"},\"image\":{\"@id\":\"https:\\\/\\\/melonic.be\\\/j\\\/materiel\\\/#primaryimage\"},\"thumbnailUrl\":\"http:\\\/\\\/melonic.be\\\/j\\\/wp-content\\\/uploads\\\/2019\\\/04\\\/fleur.gif\",\"datePublished\":\"2019-04-24T16:14:36+00:00\",\"breadcrumb\":{\"@id\":\"https:\\\/\\\/melonic.be\\\/j\\\/materiel\\\/#breadcrumb\"},\"inLanguage\":\"fr-FR\",\"potentialAction\":[{\"@type\":\"ReadAction\",\"target\":[\"https:\\\/\\\/melonic.be\\\/j\\\/materiel\\\/\"]}]},{\"@type\":\"ImageObject\",\"inLanguage\":\"fr-FR\",\"@id\":\"https:\\\/\\\/melonic.be\\\/j\\\/materiel\\\/#primaryimage\",\"url\":\"https:\\\/\\\/melonic.be\\\/j\\\/wp-content\\\/uploads\\\/2019\\\/04\\\/fleur.gif\",\"contentUrl\":\"https:\\\/\\\/melonic.be\\\/j\\\/wp-content\\\/uploads\\\/2019\\\/04\\\/fleur.gif\",\"width\":83,\"height\":60},{\"@type\":\"BreadcrumbList\",\"@id\":\"https:\\\/\\\/melonic.be\\\/j\\\/materiel\\\/#breadcrumb\",\"itemListElement\":[{\"@type\":\"ListItem\",\"position\":1,\"name\":\"Accueil\",\"item\":\"https:\\\/\\\/melonic.be\\\/j\\\/\"},{\"@type\":\"ListItem\",\"position\":2,\"name\":\"Mat\u00e9riel\"}]},{\"@type\":\"WebSite\",\"@id\":\"https:\\\/\\\/melonic.be\\\/j\\\/#website\",\"url\":\"https:\\\/\\\/melonic.be\\\/j\\\/\",\"name\":\"Melonic\",\"description\":\"\",\"publisher\":{\"@id\":\"https:\\\/\\\/melonic.be\\\/j\\\/#\\\/schema\\\/person\\\/16854370e1792906f271cdce232cd4f3\"},\"potentialAction\":[{\"@type\":\"SearchAction\",\"target\":{\"@type\":\"EntryPoint\",\"urlTemplate\":\"https:\\\/\\\/melonic.be\\\/j\\\/?s={search_term_string}\"},\"query-input\":{\"@type\":\"PropertyValueSpecification\",\"valueRequired\":true,\"valueName\":\"search_term_string\"}}],\"inLanguage\":\"fr-FR\"},{\"@type\":[\"Person\",\"Organization\"],\"@id\":\"https:\\\/\\\/melonic.be\\\/j\\\/#\\\/schema\\\/person\\\/16854370e1792906f271cdce232cd4f3\",\"name\":\"Nicole Incourt\",\"image\":{\"@type\":\"ImageObject\",\"inLanguage\":\"fr-FR\",\"@id\":\"https:\\\/\\\/melonic.be\\\/j\\\/wp-content\\\/uploads\\\/2019\\\/04\\\/cropped-logo_banner.png\",\"url\":\"https:\\\/\\\/melonic.be\\\/j\\\/wp-content\\\/uploads\\\/2019\\\/04\\\/cropped-logo_banner.png\",\"contentUrl\":\"https:\\\/\\\/melonic.be\\\/j\\\/wp-content\\\/uploads\\\/2019\\\/04\\\/cropped-logo_banner.png\",\"width\":410,\"height\":106,\"caption\":\"Nicole Incourt\"},\"logo\":{\"@id\":\"https:\\\/\\\/melonic.be\\\/j\\\/wp-content\\\/uploads\\\/2019\\\/04\\\/cropped-logo_banner.png\"}}]}<\/script>\n<!-- \/ Yoast SEO plugin. -->","yoast_head_json":{"title":"Mat\u00e9riel - Melonic","robots":{"index":"index","follow":"follow","max-snippet":"max-snippet:-1","max-image-preview":"max-image-preview:large","max-video-preview":"max-video-preview:-1"},"canonical":"https:\/\/melonic.be\/j\/materiel\/","og_locale":"fr_FR","og_type":"article","og_title":"Mat\u00e9riel - Melonic","og_description":"Mat\u00e9riel La m\u00e9thode conventionnelle \u00e9tait d\u2019utiliser un magn\u00e9tophone \u00e0 cassettes. Vu l\u2019\u00e9volution de la technologie, cette m\u00e9thode est d\u00e9pass\u00e9e. Pour ceux qui persistent avec cette m\u00e9thode, ce sont les magn\u00e9tophones digitaux qui sont utilis\u00e9s. L\u2019id\u00e9al serait que ceux-ci poss\u00e8dent une fonction \u00ab ralenti \u00bb. En effet, les messages sont r\u00e9guli\u00e8rement assez rapides et cela vaut [&hellip;]","og_url":"https:\/\/melonic.be\/j\/materiel\/","og_site_name":"Melonic","og_image":[{"url":"http:\/\/melonic.be\/j\/wp-content\/uploads\/2019\/04\/fleur.gif","type":"","width":"","height":""}],"twitter_card":"summary_large_image","twitter_misc":{"Dur\u00e9e de lecture estim\u00e9e":"1 minute"},"schema":{"@context":"https:\/\/schema.org","@graph":[{"@type":"WebPage","@id":"https:\/\/melonic.be\/j\/materiel\/","url":"https:\/\/melonic.be\/j\/materiel\/","name":"Mat\u00e9riel - Melonic","isPartOf":{"@id":"https:\/\/melonic.be\/j\/#website"},"primaryImageOfPage":{"@id":"https:\/\/melonic.be\/j\/materiel\/#primaryimage"},"image":{"@id":"https:\/\/melonic.be\/j\/materiel\/#primaryimage"},"thumbnailUrl":"http:\/\/melonic.be\/j\/wp-content\/uploads\/2019\/04\/fleur.gif","datePublished":"2019-04-24T16:14:36+00:00","breadcrumb":{"@id":"https:\/\/melonic.be\/j\/materiel\/#breadcrumb"},"inLanguage":"fr-FR","potentialAction":[{"@type":"ReadAction","target":["https:\/\/melonic.be\/j\/materiel\/"]}]},{"@type":"ImageObject","inLanguage":"fr-FR","@id":"https:\/\/melonic.be\/j\/materiel\/#primaryimage","url":"https:\/\/melonic.be\/j\/wp-content\/uploads\/2019\/04\/fleur.gif","contentUrl":"https:\/\/melonic.be\/j\/wp-content\/uploads\/2019\/04\/fleur.gif","width":83,"height":60},{"@type":"BreadcrumbList","@id":"https:\/\/melonic.be\/j\/materiel\/#breadcrumb","itemListElement":[{"@type":"ListItem","position":1,"name":"Accueil","item":"https:\/\/melonic.be\/j\/"},{"@type":"ListItem","position":2,"name":"Mat\u00e9riel"}]},{"@type":"WebSite","@id":"https:\/\/melonic.be\/j\/#website","url":"https:\/\/melonic.be\/j\/","name":"Melonic","description":"","publisher":{"@id":"https:\/\/melonic.be\/j\/#\/schema\/person\/16854370e1792906f271cdce232cd4f3"},"potentialAction":[{"@type":"SearchAction","target":{"@type":"EntryPoint","urlTemplate":"https:\/\/melonic.be\/j\/?s={search_term_string}"},"query-input":{"@type":"PropertyValueSpecification","valueRequired":true,"valueName":"search_term_string"}}],"inLanguage":"fr-FR"},{"@type":["Person","Organization"],"@id":"https:\/\/melonic.be\/j\/#\/schema\/person\/16854370e1792906f271cdce232cd4f3","name":"Nicole Incourt","image":{"@type":"ImageObject","inLanguage":"fr-FR","@id":"https:\/\/melonic.be\/j\/wp-content\/uploads\/2019\/04\/cropped-logo_banner.png","url":"https:\/\/melonic.be\/j\/wp-content\/uploads\/2019\/04\/cropped-logo_banner.png","contentUrl":"https:\/\/melonic.be\/j\/wp-content\/uploads\/2019\/04\/cropped-logo_banner.png","width":410,"height":106,"caption":"Nicole Incourt"},"logo":{"@id":"https:\/\/melonic.be\/j\/wp-content\/uploads\/2019\/04\/cropped-logo_banner.png"}}]}},"_links":{"self":[{"href":"https:\/\/melonic.be\/j\/wp-json\/wp\/v2\/pages\/1542","targetHints":{"allow":["GET"]}}],"collection":[{"href":"https:\/\/melonic.be\/j\/wp-json\/wp\/v2\/pages"}],"about":[{"href":"https:\/\/melonic.be\/j\/wp-json\/wp\/v2\/types\/page"}],"author":[{"embeddable":true,"href":"https:\/\/melonic.be\/j\/wp-json\/wp\/v2\/users\/1"}],"replies":[{"embeddable":true,"href":"https:\/\/melonic.be\/j\/wp-json\/wp\/v2\/comments?post=1542"}],"version-history":[{"count":1,"href":"https:\/\/melonic.be\/j\/wp-json\/wp\/v2\/pages\/1542\/revisions"}],"predecessor-version":[{"id":1543,"href":"https:\/\/melonic.be\/j\/wp-json\/wp\/v2\/pages\/1542\/revisions\/1543"}],"wp:attachment":[{"href":"https:\/\/melonic.be\/j\/wp-json\/wp\/v2\/media?parent=1542"}],"curies":[{"name":"wp","href":"https:\/\/api.w.org\/{rel}","templated":true}]}}