{"id":1546,"date":"2019-04-24T18:18:52","date_gmt":"2019-04-24T16:18:52","guid":{"rendered":"http:\/\/melonic.be\/j\/?page_id=1546"},"modified":"2019-04-24T18:18:52","modified_gmt":"2019-04-24T16:18:52","slug":"duree-de-lenregistrement","status":"publish","type":"page","link":"https:\/\/melonic.be\/j\/duree-de-lenregistrement\/","title":{"rendered":"Dur\u00e9e de l&rsquo;enregistrement"},"content":{"rendered":"<h2>Dur\u00e9e de l&rsquo;enregistrement<\/h2>\n<p style=\"text-align: justify;\">Il est conseill\u00e9 de ne pas d\u00e9passer 06 minutes.<\/p>\n<p style=\"text-align: justify;\">La raison principale est d&rsquo;ordre purement pratique, car le temps d&rsquo;\u00e9coute est long, multipli\u00e9 par\u00a020, 30 ou plus parfois, si l&rsquo;on veut s&rsquo;y consacrer vraiment pour ne pas risquer de passer \u00e0 c\u00f4t\u00e9 d&rsquo;un message peu audible.<\/p>\n<p style=\"text-align: justify;\">La seconde est plus spirituelle. En effet, certains disent qu&rsquo;il semblerait que l&rsquo;autorisation que nous appellerons \u00a0\u00bb divine \u00a0\u00bb perde ses effets apr\u00e8s ce laps de temps et que le risque serait plus important d entrer en contact avec des esprits non d\u00e9sir\u00e9s, pass\u00e9 ce d\u00e9lai\u2026<\/p>\n<p>Les demandes intempestives de communication devraient aussi \u00eatre \u00e9vit\u00e9es. Hormis le risque de glisser vers une certaine \u00a0\u00bb d\u00e9pendance \u00a0\u00bb n\u00e9faste au travail naturel du deuil, le simple respect de la vie d&rsquo;autrui, \u00a0\u00bb vivant ou mort \u00ab\u00a0, doit conduire \u00e0 un comportement raisonnable.<\/p>\n","protected":false},"excerpt":{"rendered":"<p>Dur\u00e9e de l&rsquo;enregistrement Il est conseill\u00e9 de ne pas d\u00e9passer 06 minutes. La raison principale est d&rsquo;ordre purement pratique, car le temps d&rsquo;\u00e9coute est long, multipli\u00e9 par\u00a020, 30 ou plus parfois, si l&rsquo;on veut s&rsquo;y consacrer vraiment pour ne pas risquer de passer \u00e0 c\u00f4t\u00e9 d&rsquo;un message peu audible. La seconde est plus spirituelle. En [&hellip;]<\/p>\n","protected":false},"author":1,"featured_media":0,"parent":0,"menu_order":0,"comment_status":"closed","ping_status":"closed","template":"","meta":{"ocean_post_layout":"","ocean_both_sidebars_style":"","ocean_both_sidebars_content_width":0,"ocean_both_sidebars_sidebars_width":0,"ocean_sidebar":"0","ocean_second_sidebar":"0","ocean_disable_margins":"enable","ocean_add_body_class":"","ocean_shortcode_before_top_bar":"","ocean_shortcode_after_top_bar":"","ocean_shortcode_before_header":"","ocean_shortcode_after_header":"","ocean_has_shortcode":"","ocean_shortcode_after_title":"","ocean_shortcode_before_footer_widgets":"","ocean_shortcode_after_footer_widgets":"","ocean_shortcode_before_footer_bottom":"","ocean_shortcode_after_footer_bottom":"","ocean_display_top_bar":"default","ocean_display_header":"default","ocean_header_style":"","ocean_center_header_left_menu":"0","ocean_custom_header_template":"0","ocean_custom_logo":0,"ocean_custom_retina_logo":0,"ocean_custom_logo_max_width":0,"ocean_custom_logo_tablet_max_width":0,"ocean_custom_logo_mobile_max_width":0,"ocean_custom_logo_max_height":0,"ocean_custom_logo_tablet_max_height":0,"ocean_custom_logo_mobile_max_height":0,"ocean_header_custom_menu":"0","ocean_menu_typo_font_family":"0","ocean_menu_typo_font_subset":"","ocean_menu_typo_font_size":0,"ocean_menu_typo_font_size_tablet":0,"ocean_menu_typo_font_size_mobile":0,"ocean_menu_typo_font_size_unit":"px","ocean_menu_typo_font_weight":"","ocean_menu_typo_font_weight_tablet":"","ocean_menu_typo_font_weight_mobile":"","ocean_menu_typo_transform":"","ocean_menu_typo_transform_tablet":"","ocean_menu_typo_transform_mobile":"","ocean_menu_typo_line_height":0,"ocean_menu_typo_line_height_tablet":0,"ocean_menu_typo_line_height_mobile":0,"ocean_menu_typo_line_height_unit":"","ocean_menu_typo_spacing":0,"ocean_menu_typo_spacing_tablet":0,"ocean_menu_typo_spacing_mobile":0,"ocean_menu_typo_spacing_unit":"","ocean_menu_link_color":"","ocean_menu_link_color_hover":"","ocean_menu_link_color_active":"","ocean_menu_link_background":"","ocean_menu_link_hover_background":"","ocean_menu_link_active_background":"","ocean_menu_social_links_bg":"","ocean_menu_social_hover_links_bg":"","ocean_menu_social_links_color":"","ocean_menu_social_hover_links_color":"","ocean_disable_title":"default","ocean_disable_heading":"default","ocean_post_title":"","ocean_post_subheading":"","ocean_post_title_style":"","ocean_post_title_background_color":"","ocean_post_title_background":0,"ocean_post_title_bg_image_position":"","ocean_post_title_bg_image_attachment":"","ocean_post_title_bg_image_repeat":"","ocean_post_title_bg_image_size":"","ocean_post_title_height":0,"ocean_post_title_bg_overlay":0.5,"ocean_post_title_bg_overlay_color":"","ocean_disable_breadcrumbs":"default","ocean_breadcrumbs_color":"","ocean_breadcrumbs_separator_color":"","ocean_breadcrumbs_links_color":"","ocean_breadcrumbs_links_hover_color":"","ocean_display_footer_widgets":"default","ocean_display_footer_bottom":"default","ocean_custom_footer_template":"0","footnotes":""},"class_list":["post-1546","page","type-page","status-publish","hentry","entry"],"yoast_head":"<!-- This site is optimized with the Yoast SEO plugin v27.5 - https:\/\/yoast.com\/product\/yoast-seo-wordpress\/ -->\n<title>Dur\u00e9e de l&#039;enregistrement - Melonic<\/title>\n<meta name=\"robots\" content=\"index, follow, max-snippet:-1, max-image-preview:large, max-video-preview:-1\" \/>\n<link rel=\"canonical\" href=\"https:\/\/melonic.be\/j\/duree-de-lenregistrement\/\" \/>\n<meta property=\"og:locale\" content=\"fr_FR\" \/>\n<meta property=\"og:type\" content=\"article\" \/>\n<meta property=\"og:title\" content=\"Dur\u00e9e de l&#039;enregistrement - Melonic\" \/>\n<meta property=\"og:description\" content=\"Dur\u00e9e de l&rsquo;enregistrement Il est conseill\u00e9 de ne pas d\u00e9passer 06 minutes. La raison principale est d&rsquo;ordre purement pratique, car le temps d&rsquo;\u00e9coute est long, multipli\u00e9 par\u00a020, 30 ou plus parfois, si l&rsquo;on veut s&rsquo;y consacrer vraiment pour ne pas risquer de passer \u00e0 c\u00f4t\u00e9 d&rsquo;un message peu audible. La seconde est plus spirituelle. En [&hellip;]\" \/>\n<meta property=\"og:url\" content=\"https:\/\/melonic.be\/j\/duree-de-lenregistrement\/\" \/>\n<meta property=\"og:site_name\" content=\"Melonic\" \/>\n<meta name=\"twitter:card\" content=\"summary_large_image\" \/>\n<meta name=\"twitter:label1\" content=\"Dur\u00e9e de lecture estim\u00e9e\" \/>\n\t<meta name=\"twitter:data1\" content=\"1 minute\" \/>\n<script type=\"application\/ld+json\" class=\"yoast-schema-graph\">{\"@context\":\"https:\\\/\\\/schema.org\",\"@graph\":[{\"@type\":\"WebPage\",\"@id\":\"https:\\\/\\\/melonic.be\\\/j\\\/duree-de-lenregistrement\\\/\",\"url\":\"https:\\\/\\\/melonic.be\\\/j\\\/duree-de-lenregistrement\\\/\",\"name\":\"Dur\u00e9e de l'enregistrement - Melonic\",\"isPartOf\":{\"@id\":\"https:\\\/\\\/melonic.be\\\/j\\\/#website\"},\"datePublished\":\"2019-04-24T16:18:52+00:00\",\"breadcrumb\":{\"@id\":\"https:\\\/\\\/melonic.be\\\/j\\\/duree-de-lenregistrement\\\/#breadcrumb\"},\"inLanguage\":\"fr-FR\",\"potentialAction\":[{\"@type\":\"ReadAction\",\"target\":[\"https:\\\/\\\/melonic.be\\\/j\\\/duree-de-lenregistrement\\\/\"]}]},{\"@type\":\"BreadcrumbList\",\"@id\":\"https:\\\/\\\/melonic.be\\\/j\\\/duree-de-lenregistrement\\\/#breadcrumb\",\"itemListElement\":[{\"@type\":\"ListItem\",\"position\":1,\"name\":\"Accueil\",\"item\":\"https:\\\/\\\/melonic.be\\\/j\\\/\"},{\"@type\":\"ListItem\",\"position\":2,\"name\":\"Dur\u00e9e de l&#8217;enregistrement\"}]},{\"@type\":\"WebSite\",\"@id\":\"https:\\\/\\\/melonic.be\\\/j\\\/#website\",\"url\":\"https:\\\/\\\/melonic.be\\\/j\\\/\",\"name\":\"Melonic\",\"description\":\"\",\"publisher\":{\"@id\":\"https:\\\/\\\/melonic.be\\\/j\\\/#\\\/schema\\\/person\\\/16854370e1792906f271cdce232cd4f3\"},\"potentialAction\":[{\"@type\":\"SearchAction\",\"target\":{\"@type\":\"EntryPoint\",\"urlTemplate\":\"https:\\\/\\\/melonic.be\\\/j\\\/?s={search_term_string}\"},\"query-input\":{\"@type\":\"PropertyValueSpecification\",\"valueRequired\":true,\"valueName\":\"search_term_string\"}}],\"inLanguage\":\"fr-FR\"},{\"@type\":[\"Person\",\"Organization\"],\"@id\":\"https:\\\/\\\/melonic.be\\\/j\\\/#\\\/schema\\\/person\\\/16854370e1792906f271cdce232cd4f3\",\"name\":\"Nicole Incourt\",\"image\":{\"@type\":\"ImageObject\",\"inLanguage\":\"fr-FR\",\"@id\":\"https:\\\/\\\/melonic.be\\\/j\\\/wp-content\\\/uploads\\\/2019\\\/04\\\/cropped-logo_banner.png\",\"url\":\"https:\\\/\\\/melonic.be\\\/j\\\/wp-content\\\/uploads\\\/2019\\\/04\\\/cropped-logo_banner.png\",\"contentUrl\":\"https:\\\/\\\/melonic.be\\\/j\\\/wp-content\\\/uploads\\\/2019\\\/04\\\/cropped-logo_banner.png\",\"width\":410,\"height\":106,\"caption\":\"Nicole Incourt\"},\"logo\":{\"@id\":\"https:\\\/\\\/melonic.be\\\/j\\\/wp-content\\\/uploads\\\/2019\\\/04\\\/cropped-logo_banner.png\"}}]}<\/script>\n<!-- \/ Yoast SEO plugin. -->","yoast_head_json":{"title":"Dur\u00e9e de l'enregistrement - Melonic","robots":{"index":"index","follow":"follow","max-snippet":"max-snippet:-1","max-image-preview":"max-image-preview:large","max-video-preview":"max-video-preview:-1"},"canonical":"https:\/\/melonic.be\/j\/duree-de-lenregistrement\/","og_locale":"fr_FR","og_type":"article","og_title":"Dur\u00e9e de l'enregistrement - Melonic","og_description":"Dur\u00e9e de l&rsquo;enregistrement Il est conseill\u00e9 de ne pas d\u00e9passer 06 minutes. La raison principale est d&rsquo;ordre purement pratique, car le temps d&rsquo;\u00e9coute est long, multipli\u00e9 par\u00a020, 30 ou plus parfois, si l&rsquo;on veut s&rsquo;y consacrer vraiment pour ne pas risquer de passer \u00e0 c\u00f4t\u00e9 d&rsquo;un message peu audible. La seconde est plus spirituelle. En [&hellip;]","og_url":"https:\/\/melonic.be\/j\/duree-de-lenregistrement\/","og_site_name":"Melonic","twitter_card":"summary_large_image","twitter_misc":{"Dur\u00e9e de lecture estim\u00e9e":"1 minute"},"schema":{"@context":"https:\/\/schema.org","@graph":[{"@type":"WebPage","@id":"https:\/\/melonic.be\/j\/duree-de-lenregistrement\/","url":"https:\/\/melonic.be\/j\/duree-de-lenregistrement\/","name":"Dur\u00e9e de l'enregistrement - Melonic","isPartOf":{"@id":"https:\/\/melonic.be\/j\/#website"},"datePublished":"2019-04-24T16:18:52+00:00","breadcrumb":{"@id":"https:\/\/melonic.be\/j\/duree-de-lenregistrement\/#breadcrumb"},"inLanguage":"fr-FR","potentialAction":[{"@type":"ReadAction","target":["https:\/\/melonic.be\/j\/duree-de-lenregistrement\/"]}]},{"@type":"BreadcrumbList","@id":"https:\/\/melonic.be\/j\/duree-de-lenregistrement\/#breadcrumb","itemListElement":[{"@type":"ListItem","position":1,"name":"Accueil","item":"https:\/\/melonic.be\/j\/"},{"@type":"ListItem","position":2,"name":"Dur\u00e9e de l&#8217;enregistrement"}]},{"@type":"WebSite","@id":"https:\/\/melonic.be\/j\/#website","url":"https:\/\/melonic.be\/j\/","name":"Melonic","description":"","publisher":{"@id":"https:\/\/melonic.be\/j\/#\/schema\/person\/16854370e1792906f271cdce232cd4f3"},"potentialAction":[{"@type":"SearchAction","target":{"@type":"EntryPoint","urlTemplate":"https:\/\/melonic.be\/j\/?s={search_term_string}"},"query-input":{"@type":"PropertyValueSpecification","valueRequired":true,"valueName":"search_term_string"}}],"inLanguage":"fr-FR"},{"@type":["Person","Organization"],"@id":"https:\/\/melonic.be\/j\/#\/schema\/person\/16854370e1792906f271cdce232cd4f3","name":"Nicole Incourt","image":{"@type":"ImageObject","inLanguage":"fr-FR","@id":"https:\/\/melonic.be\/j\/wp-content\/uploads\/2019\/04\/cropped-logo_banner.png","url":"https:\/\/melonic.be\/j\/wp-content\/uploads\/2019\/04\/cropped-logo_banner.png","contentUrl":"https:\/\/melonic.be\/j\/wp-content\/uploads\/2019\/04\/cropped-logo_banner.png","width":410,"height":106,"caption":"Nicole Incourt"},"logo":{"@id":"https:\/\/melonic.be\/j\/wp-content\/uploads\/2019\/04\/cropped-logo_banner.png"}}]}},"_links":{"self":[{"href":"https:\/\/melonic.be\/j\/wp-json\/wp\/v2\/pages\/1546","targetHints":{"allow":["GET"]}}],"collection":[{"href":"https:\/\/melonic.be\/j\/wp-json\/wp\/v2\/pages"}],"about":[{"href":"https:\/\/melonic.be\/j\/wp-json\/wp\/v2\/types\/page"}],"author":[{"embeddable":true,"href":"https:\/\/melonic.be\/j\/wp-json\/wp\/v2\/users\/1"}],"replies":[{"embeddable":true,"href":"https:\/\/melonic.be\/j\/wp-json\/wp\/v2\/comments?post=1546"}],"version-history":[{"count":1,"href":"https:\/\/melonic.be\/j\/wp-json\/wp\/v2\/pages\/1546\/revisions"}],"predecessor-version":[{"id":1547,"href":"https:\/\/melonic.be\/j\/wp-json\/wp\/v2\/pages\/1546\/revisions\/1547"}],"wp:attachment":[{"href":"https:\/\/melonic.be\/j\/wp-json\/wp\/v2\/media?parent=1546"}],"curies":[{"name":"wp","href":"https:\/\/api.w.org\/{rel}","templated":true}]}}