{"id":1548,"date":"2019-04-24T18:22:07","date_gmt":"2019-04-24T16:22:07","guid":{"rendered":"http:\/\/melonic.be\/j\/?page_id=1548"},"modified":"2019-04-24T18:22:53","modified_gmt":"2019-04-24T16:22:53","slug":"1548-2","status":"publish","type":"page","link":"https:\/\/melonic.be\/j\/1548-2\/","title":{"rendered":"Dangers \/ Protections"},"content":{"rendered":"<h2>Protections contre les dangers de la TCI<\/h2>\n<p style=\"text-align: justify;\">Avant de commencer la TCI, demander une protection spirituelle de votre convenance : guides,\u00a0vos r\u00e9f\u00e9rences spirituelles ou \u00ab\u00a0Dieu tel que vous le concevez\u00a0\u00bb,\u00a0nous semble tr\u00e8s important.<\/p>\n<p>Nous nous r\u00e9f\u00e9rons pour ce sujet, aux propos de Jean Martin, pr\u00eatre, \u00e9crivain, et adepte de la TCI, publi\u00e9s dans la revue\u00a0\u00a0\u00bb Parasciences \u00a0\u00bb :<br \/>\n<i>\u2026Il me revient des appels \u00e0 la prudence. Il semblerait que les cas d&rsquo;intrusion \u00a0\u00bb d&rsquo;esprits possessifs \u00a0\u00bb soient plus fr\u00e9quents et, si je peux m&rsquo;exprimer ainsi plus \u00a0\u00bb virulents.<br \/>\nIl s&rsquo;agirait parfois d&rsquo;entit\u00e9s mauvaises profitant de la bonne foi d&rsquo;exp\u00e9rimentateurs.<br \/>\nOn a longtemps dit que l&rsquo;amour prot\u00e8ge de tout. Je l&rsquo;ai pens\u00e9 moi aussi, mais je suis bien oblig\u00e9 d&rsquo;admettre que ce n&rsquo;est pas, ou plus tout \u00e0 fait vrai.<br \/>\nPour paraphraser un livre de Bettelheim, je dirais \u00e0 pr\u00e9sent que \u00a0\u00bb l&rsquo;amour ne suffit pas \u00ab\u00a0.<br \/>\nIl faut en plus prudence et protection. Les croyants l&rsquo;auront par la pri\u00e8re ; les autres en haussant leur niveau vibratoire. Mais en tout \u00e9tat de cause, il faut \u00eatre vigilant !(\u2026)<br \/>\nIl est des \u00e9poques &#8211; et nous en vivons une &#8211; o\u00f9 il faut \u00eatre plus circonspects qu&rsquo;\u00e0 d&rsquo;autres.<br \/>\nL&rsquo;Evangile a, \u00e0 ce propos, une maxime pleine de sagesse : \u00a0\u00bb Soyez prudents comme les serpents et simples comme les colombes ! \u00ab\u00a0.<\/i><\/p>\n<p>Yves Lines a un v\u00e9cu similaire et donne les conseils en ces termes, toujours dans la revue \u00a0\u00bb Parasciences \u00a0\u00bb :<br \/>\n<i>Il est certain qu&rsquo;il serait inconsid\u00e9r\u00e9 de n\u00e9gliger les \u00e9ventuels dangers qui peuvent survenir lors d&rsquo;une interpellation de l&rsquo;Au-del\u00e0. Tous les canaux utilis\u00e9s peuvent pr\u00e9senter des inconv\u00e9nients majeurs. Je ne fais nullement r\u00e9f\u00e9rences \u00e0 des agressions physiques, comme cela s&rsquo;est produit dans certaines s\u00e9ances de spiritisme o\u00f9 l&rsquo;on a vu des tables \u00a0\u00bb s&rsquo;envoler \u00a0\u00bb et percuter brutalement les participants, ou encore des objets traverser violemment la pi\u00e8ce. Je pense plut\u00f4t \u00e0 des offensives verbales qui peuvent se r\u00e9v\u00e9ler tout aussi violentes, voire m\u00eame bien plus d\u00e9vastatrices.<\/i><\/p>\n<p><i>Il est des mots susceptibles de provoquer des commotions irr\u00e9versibles.<br \/>\nJ&rsquo;ai \u00e9t\u00e9 dans les d\u00e9buts de mes exp\u00e9rimentations en transcommunication, confront\u00e9 \u00e0 des attaques de ce genre. (\u2026) Il m&rsquo;arrivait de capter des insultes parfois assez orduri\u00e8res, \u00e9manant d&rsquo;entit\u00e9s mal intentionn\u00e9es. (\u2026) Ces offensives prirent une autre dimension dans laquelle ces personnages entreprirent de me d\u00e9stabiliser en se substituant \u00e0 mes proches (\u2026).<br \/>\nMaintenant, avant chaque exp\u00e9rimentation, je prends un certain nombre de pr\u00e9cautions. En premier lieu, je demande la permission de contacter un \u00eatre dans l&rsquo;invisible.<br \/>\nEtant de culture catholique, je m&rsquo;adresse \u00e0 Dieu. Mais qu&rsquo;importe le nom qui lui est donn\u00e9, ce n&rsquo;est pas la s\u00e9mantique qui est importante, mais le ressenti ou la sensibilit\u00e9 qui guide l&rsquo;exp\u00e9rimentateur. Ensuite je demande, comme les m\u00e9diums me l&rsquo;ont conseill\u00e9, l&rsquo;aide et la protection des guides sup\u00e9rieurs, puis celle de l&rsquo;Ange gardien qui veille sur moi depuis mon incarnation sur ce plan terrestre. (\u2026)<\/i><\/p>\n<p><i>N&rsquo;ayez surtout aucune crainte, si vous s\u00e9curisez ainsi vos appels en transcommunication, il ne vous arrivera rien de f\u00e2cheux. Vous recevrez au contraire beaucoup de bonheur, beaucoup de joie en entendant la personne que vous aimez, l&rsquo; \u00eatre cher, vous assurer toujours de son amour par de merveilleux messages qu&rsquo; il vous enverra depuis l&rsquo; autre c\u00f4t\u00e9 du voile.<br \/>\nDes messages qui vous assureront que la vie continue, que la mort n&rsquo;existe pas, que la s\u00e9paration n&rsquo;est que provisoire et qu&rsquo;un jour vous serez \u00e0 nouveau r\u00e9unis.<\/i><\/p>\n<h2 style=\"text-align: justify;\">Pratiquement :<\/h2>\n<p style=\"text-align: justify;\">La protection demand\u00e9e, l&rsquo;enregistrement lanc\u00e9, il convient de poser quelques questions courtes et pr\u00e9cises (ou leur dire des mots d&rsquo;amour), entre lesquelles vous laissez suffisamment de temps libre pour permettre \u00a0\u00bb l&rsquo;impression \u00a0\u00bb d&rsquo;un \u00e9ventuel message.<\/p>\n<p style=\"text-align: justify;\">N&rsquo;oubliez pas de remercier \u00e0 la fin de l&rsquo;enregistrement. Si sur cette terre, c&rsquo;est de bon ton, c&rsquo;est d&rsquo;autant plus justifi\u00e9 vis-\u00e0-vis des \u00eatres d\u00e9sincarn\u00e9s qui fournissent un effort consid\u00e9rable.<\/p>\n","protected":false},"excerpt":{"rendered":"<p>Protections contre les dangers de la TCI Avant de commencer la TCI, demander une protection spirituelle de votre convenance : guides,\u00a0vos r\u00e9f\u00e9rences spirituelles ou \u00ab\u00a0Dieu tel que vous le concevez\u00a0\u00bb,\u00a0nous semble tr\u00e8s important. Nous nous r\u00e9f\u00e9rons pour ce sujet, aux propos de Jean Martin, pr\u00eatre, \u00e9crivain, et adepte de la TCI, publi\u00e9s dans la revue\u00a0\u00a0\u00bb [&hellip;]<\/p>\n","protected":false},"author":1,"featured_media":0,"parent":0,"menu_order":0,"comment_status":"closed","ping_status":"closed","template":"","meta":{"ocean_post_layout":"","ocean_both_sidebars_style":"","ocean_both_sidebars_content_width":0,"ocean_both_sidebars_sidebars_width":0,"ocean_sidebar":"0","ocean_second_sidebar":"0","ocean_disable_margins":"enable","ocean_add_body_class":"","ocean_shortcode_before_top_bar":"","ocean_shortcode_after_top_bar":"","ocean_shortcode_before_header":"","ocean_shortcode_after_header":"","ocean_has_shortcode":"","ocean_shortcode_after_title":"","ocean_shortcode_before_footer_widgets":"","ocean_shortcode_after_footer_widgets":"","ocean_shortcode_before_footer_bottom":"","ocean_shortcode_after_footer_bottom":"","ocean_display_top_bar":"default","ocean_display_header":"default","ocean_header_style":"","ocean_center_header_left_menu":"0","ocean_custom_header_template":"0","ocean_custom_logo":0,"ocean_custom_retina_logo":0,"ocean_custom_logo_max_width":0,"ocean_custom_logo_tablet_max_width":0,"ocean_custom_logo_mobile_max_width":0,"ocean_custom_logo_max_height":0,"ocean_custom_logo_tablet_max_height":0,"ocean_custom_logo_mobile_max_height":0,"ocean_header_custom_menu":"0","ocean_menu_typo_font_family":"0","ocean_menu_typo_font_subset":"","ocean_menu_typo_font_size":0,"ocean_menu_typo_font_size_tablet":0,"ocean_menu_typo_font_size_mobile":0,"ocean_menu_typo_font_size_unit":"px","ocean_menu_typo_font_weight":"","ocean_menu_typo_font_weight_tablet":"","ocean_menu_typo_font_weight_mobile":"","ocean_menu_typo_transform":"","ocean_menu_typo_transform_tablet":"","ocean_menu_typo_transform_mobile":"","ocean_menu_typo_line_height":0,"ocean_menu_typo_line_height_tablet":0,"ocean_menu_typo_line_height_mobile":0,"ocean_menu_typo_line_height_unit":"","ocean_menu_typo_spacing":0,"ocean_menu_typo_spacing_tablet":0,"ocean_menu_typo_spacing_mobile":0,"ocean_menu_typo_spacing_unit":"","ocean_menu_link_color":"","ocean_menu_link_color_hover":"","ocean_menu_link_color_active":"","ocean_menu_link_background":"","ocean_menu_link_hover_background":"","ocean_menu_link_active_background":"","ocean_menu_social_links_bg":"","ocean_menu_social_hover_links_bg":"","ocean_menu_social_links_color":"","ocean_menu_social_hover_links_color":"","ocean_disable_title":"default","ocean_disable_heading":"default","ocean_post_title":"","ocean_post_subheading":"","ocean_post_title_style":"","ocean_post_title_background_color":"","ocean_post_title_background":0,"ocean_post_title_bg_image_position":"","ocean_post_title_bg_image_attachment":"","ocean_post_title_bg_image_repeat":"","ocean_post_title_bg_image_size":"","ocean_post_title_height":0,"ocean_post_title_bg_overlay":0.5,"ocean_post_title_bg_overlay_color":"","ocean_disable_breadcrumbs":"default","ocean_breadcrumbs_color":"","ocean_breadcrumbs_separator_color":"","ocean_breadcrumbs_links_color":"","ocean_breadcrumbs_links_hover_color":"","ocean_display_footer_widgets":"default","ocean_display_footer_bottom":"default","ocean_custom_footer_template":"0","footnotes":""},"class_list":["post-1548","page","type-page","status-publish","hentry","entry"],"yoast_head":"<!-- This site is optimized with the Yoast SEO plugin v27.6 - https:\/\/yoast.com\/product\/yoast-seo-wordpress\/ -->\n<title>Dangers \/ Protections - Melonic<\/title>\n<meta name=\"robots\" content=\"index, follow, max-snippet:-1, max-image-preview:large, max-video-preview:-1\" \/>\n<link rel=\"canonical\" href=\"https:\/\/melonic.be\/j\/1548-2\/\" \/>\n<meta property=\"og:locale\" content=\"fr_FR\" \/>\n<meta property=\"og:type\" content=\"article\" \/>\n<meta property=\"og:title\" content=\"Dangers \/ Protections - Melonic\" \/>\n<meta property=\"og:description\" content=\"Protections contre les dangers de la TCI Avant de commencer la TCI, demander une protection spirituelle de votre convenance : guides,\u00a0vos r\u00e9f\u00e9rences spirituelles ou \u00ab\u00a0Dieu tel que vous le concevez\u00a0\u00bb,\u00a0nous semble tr\u00e8s important. Nous nous r\u00e9f\u00e9rons pour ce sujet, aux propos de Jean Martin, pr\u00eatre, \u00e9crivain, et adepte de la TCI, publi\u00e9s dans la revue\u00a0\u00a0\u00bb [&hellip;]\" \/>\n<meta property=\"og:url\" content=\"https:\/\/melonic.be\/j\/1548-2\/\" \/>\n<meta property=\"og:site_name\" content=\"Melonic\" \/>\n<meta property=\"article:modified_time\" content=\"2019-04-24T16:22:53+00:00\" \/>\n<meta name=\"twitter:card\" content=\"summary_large_image\" \/>\n<meta name=\"twitter:label1\" content=\"Dur\u00e9e de lecture estim\u00e9e\" \/>\n\t<meta name=\"twitter:data1\" content=\"3 minutes\" \/>\n<script type=\"application\/ld+json\" class=\"yoast-schema-graph\">{\"@context\":\"https:\\\/\\\/schema.org\",\"@graph\":[{\"@type\":\"WebPage\",\"@id\":\"https:\\\/\\\/melonic.be\\\/j\\\/1548-2\\\/\",\"url\":\"https:\\\/\\\/melonic.be\\\/j\\\/1548-2\\\/\",\"name\":\"Dangers \\\/ Protections - Melonic\",\"isPartOf\":{\"@id\":\"https:\\\/\\\/melonic.be\\\/j\\\/#website\"},\"datePublished\":\"2019-04-24T16:22:07+00:00\",\"dateModified\":\"2019-04-24T16:22:53+00:00\",\"breadcrumb\":{\"@id\":\"https:\\\/\\\/melonic.be\\\/j\\\/1548-2\\\/#breadcrumb\"},\"inLanguage\":\"fr-FR\",\"potentialAction\":[{\"@type\":\"ReadAction\",\"target\":[\"https:\\\/\\\/melonic.be\\\/j\\\/1548-2\\\/\"]}]},{\"@type\":\"BreadcrumbList\",\"@id\":\"https:\\\/\\\/melonic.be\\\/j\\\/1548-2\\\/#breadcrumb\",\"itemListElement\":[{\"@type\":\"ListItem\",\"position\":1,\"name\":\"Accueil\",\"item\":\"https:\\\/\\\/melonic.be\\\/j\\\/\"},{\"@type\":\"ListItem\",\"position\":2,\"name\":\"Dangers \\\/ Protections\"}]},{\"@type\":\"WebSite\",\"@id\":\"https:\\\/\\\/melonic.be\\\/j\\\/#website\",\"url\":\"https:\\\/\\\/melonic.be\\\/j\\\/\",\"name\":\"Melonic\",\"description\":\"\",\"publisher\":{\"@id\":\"https:\\\/\\\/melonic.be\\\/j\\\/#\\\/schema\\\/person\\\/16854370e1792906f271cdce232cd4f3\"},\"potentialAction\":[{\"@type\":\"SearchAction\",\"target\":{\"@type\":\"EntryPoint\",\"urlTemplate\":\"https:\\\/\\\/melonic.be\\\/j\\\/?s={search_term_string}\"},\"query-input\":{\"@type\":\"PropertyValueSpecification\",\"valueRequired\":true,\"valueName\":\"search_term_string\"}}],\"inLanguage\":\"fr-FR\"},{\"@type\":[\"Person\",\"Organization\"],\"@id\":\"https:\\\/\\\/melonic.be\\\/j\\\/#\\\/schema\\\/person\\\/16854370e1792906f271cdce232cd4f3\",\"name\":\"Nicole Incourt\",\"image\":{\"@type\":\"ImageObject\",\"inLanguage\":\"fr-FR\",\"@id\":\"https:\\\/\\\/melonic.be\\\/j\\\/wp-content\\\/uploads\\\/2019\\\/04\\\/cropped-logo_banner.png\",\"url\":\"https:\\\/\\\/melonic.be\\\/j\\\/wp-content\\\/uploads\\\/2019\\\/04\\\/cropped-logo_banner.png\",\"contentUrl\":\"https:\\\/\\\/melonic.be\\\/j\\\/wp-content\\\/uploads\\\/2019\\\/04\\\/cropped-logo_banner.png\",\"width\":410,\"height\":106,\"caption\":\"Nicole Incourt\"},\"logo\":{\"@id\":\"https:\\\/\\\/melonic.be\\\/j\\\/wp-content\\\/uploads\\\/2019\\\/04\\\/cropped-logo_banner.png\"}}]}<\/script>\n<!-- \/ Yoast SEO plugin. -->","yoast_head_json":{"title":"Dangers \/ Protections - Melonic","robots":{"index":"index","follow":"follow","max-snippet":"max-snippet:-1","max-image-preview":"max-image-preview:large","max-video-preview":"max-video-preview:-1"},"canonical":"https:\/\/melonic.be\/j\/1548-2\/","og_locale":"fr_FR","og_type":"article","og_title":"Dangers \/ Protections - Melonic","og_description":"Protections contre les dangers de la TCI Avant de commencer la TCI, demander une protection spirituelle de votre convenance : guides,\u00a0vos r\u00e9f\u00e9rences spirituelles ou \u00ab\u00a0Dieu tel que vous le concevez\u00a0\u00bb,\u00a0nous semble tr\u00e8s important. Nous nous r\u00e9f\u00e9rons pour ce sujet, aux propos de Jean Martin, pr\u00eatre, \u00e9crivain, et adepte de la TCI, publi\u00e9s dans la revue\u00a0\u00a0\u00bb [&hellip;]","og_url":"https:\/\/melonic.be\/j\/1548-2\/","og_site_name":"Melonic","article_modified_time":"2019-04-24T16:22:53+00:00","twitter_card":"summary_large_image","twitter_misc":{"Dur\u00e9e de lecture estim\u00e9e":"3 minutes"},"schema":{"@context":"https:\/\/schema.org","@graph":[{"@type":"WebPage","@id":"https:\/\/melonic.be\/j\/1548-2\/","url":"https:\/\/melonic.be\/j\/1548-2\/","name":"Dangers \/ Protections - Melonic","isPartOf":{"@id":"https:\/\/melonic.be\/j\/#website"},"datePublished":"2019-04-24T16:22:07+00:00","dateModified":"2019-04-24T16:22:53+00:00","breadcrumb":{"@id":"https:\/\/melonic.be\/j\/1548-2\/#breadcrumb"},"inLanguage":"fr-FR","potentialAction":[{"@type":"ReadAction","target":["https:\/\/melonic.be\/j\/1548-2\/"]}]},{"@type":"BreadcrumbList","@id":"https:\/\/melonic.be\/j\/1548-2\/#breadcrumb","itemListElement":[{"@type":"ListItem","position":1,"name":"Accueil","item":"https:\/\/melonic.be\/j\/"},{"@type":"ListItem","position":2,"name":"Dangers \/ Protections"}]},{"@type":"WebSite","@id":"https:\/\/melonic.be\/j\/#website","url":"https:\/\/melonic.be\/j\/","name":"Melonic","description":"","publisher":{"@id":"https:\/\/melonic.be\/j\/#\/schema\/person\/16854370e1792906f271cdce232cd4f3"},"potentialAction":[{"@type":"SearchAction","target":{"@type":"EntryPoint","urlTemplate":"https:\/\/melonic.be\/j\/?s={search_term_string}"},"query-input":{"@type":"PropertyValueSpecification","valueRequired":true,"valueName":"search_term_string"}}],"inLanguage":"fr-FR"},{"@type":["Person","Organization"],"@id":"https:\/\/melonic.be\/j\/#\/schema\/person\/16854370e1792906f271cdce232cd4f3","name":"Nicole Incourt","image":{"@type":"ImageObject","inLanguage":"fr-FR","@id":"https:\/\/melonic.be\/j\/wp-content\/uploads\/2019\/04\/cropped-logo_banner.png","url":"https:\/\/melonic.be\/j\/wp-content\/uploads\/2019\/04\/cropped-logo_banner.png","contentUrl":"https:\/\/melonic.be\/j\/wp-content\/uploads\/2019\/04\/cropped-logo_banner.png","width":410,"height":106,"caption":"Nicole Incourt"},"logo":{"@id":"https:\/\/melonic.be\/j\/wp-content\/uploads\/2019\/04\/cropped-logo_banner.png"}}]}},"_links":{"self":[{"href":"https:\/\/melonic.be\/j\/wp-json\/wp\/v2\/pages\/1548","targetHints":{"allow":["GET"]}}],"collection":[{"href":"https:\/\/melonic.be\/j\/wp-json\/wp\/v2\/pages"}],"about":[{"href":"https:\/\/melonic.be\/j\/wp-json\/wp\/v2\/types\/page"}],"author":[{"embeddable":true,"href":"https:\/\/melonic.be\/j\/wp-json\/wp\/v2\/users\/1"}],"replies":[{"embeddable":true,"href":"https:\/\/melonic.be\/j\/wp-json\/wp\/v2\/comments?post=1548"}],"version-history":[{"count":2,"href":"https:\/\/melonic.be\/j\/wp-json\/wp\/v2\/pages\/1548\/revisions"}],"predecessor-version":[{"id":1550,"href":"https:\/\/melonic.be\/j\/wp-json\/wp\/v2\/pages\/1548\/revisions\/1550"}],"wp:attachment":[{"href":"https:\/\/melonic.be\/j\/wp-json\/wp\/v2\/media?parent=1548"}],"curies":[{"name":"wp","href":"https:\/\/api.w.org\/{rel}","templated":true}]}}