{"id":1551,"date":"2019-04-24T18:25:57","date_gmt":"2019-04-24T16:25:57","guid":{"rendered":"http:\/\/melonic.be\/j\/?page_id=1551"},"modified":"2019-04-24T18:25:57","modified_gmt":"2019-04-24T16:25:57","slug":"ecouter-une-tci","status":"publish","type":"page","link":"https:\/\/melonic.be\/j\/ecouter-une-tci\/","title":{"rendered":"Ecouter une TCI"},"content":{"rendered":"<h2>Ecouter une TCI<\/h2>\n<p style=\"text-align: justify;\">Tout d abord, il faut savoir qu&rsquo;il ne s&rsquo;agit pas d&rsquo;un coup de fil du Ciel ! Un esprit doit certainement d\u00e9velopper beaucoup d&rsquo; \u00e9nergie ou vibrations pour \u00ab\u00a0imprimer\u00a0\u00bb un message sur un support auditif.<\/p>\n<p style=\"text-align: justify;\">De notre c\u00f4t\u00e9, il est n\u00e9cessaire d&rsquo;\u00e9couter chaque message plusieurs fois avant de le comprendre clairement sauf pour une petite partie d&rsquo;entre eux, bien audibles.<br \/>\nL&rsquo;oreille doit s&rsquo;habituer petit \u00e0 petit \u00e0 discerner ces voix, comme l&rsquo;\u0153il discerne petit \u00e0 petit les choses lorsqu&rsquo;il passe du soleil \u00e0 l&rsquo;obscurit\u00e9.<br \/>\nLa TCI, comme le reste, demande \u00e9ducation ou efforts, voire les deux !<\/p>\n<p>Il y a plusieurs types de voix.<\/p>\n<ul style=\"text-align: justify;\">\n<li>Certaines sont pratiquement identiques aux voix des \u00a0\u00bb appel\u00e9s \u00ab\u00a0, ce sont certes les plus beaux cadeaux\u2026mais elles sont plus rares.<\/li>\n<li>Certaines sont graves ou aigu\u00ebs, hach\u00e9es, \u00e9chotiques, lointaines ou d&rsquo; un style robotique&#8230;<\/li>\n<li>D&rsquo;autres encore sont en partie masqu\u00e9es par un bruit environnant ou par le bruit de fond, comme si elles \u00a0\u00bb s&rsquo;accrochaient \u00a0\u00bb \u00e0 une onde pour se poser.<\/li>\n<li>D&rsquo;autres enfin, plus difficiles \u00e0 entendre, sont murmur\u00e9es mais, hormis leur t\u00e9nuit\u00e9, les mots prononc\u00e9s sont parfois plus clairs ou consistent en des messages plus longs.<\/li>\n<\/ul>\n<p style=\"text-align: justify;\">Il arrive, que si la voix ne correspond pas \u00e0 celle de l&rsquo; appel\u00e9, on y retrouve son accent, son\u00a0vocabulaire, ses expressions coutumi\u00e8res ou les pr\u00e9occupations qu&rsquo; il avait de son vivant.<\/p>\n<p style=\"text-align: justify;\">Parfois, l&rsquo; entit\u00e9\u00a0r\u00e9pond parfaitement \u00e0 la question que nous lui posons, ou au probl\u00e8me qui nous pr\u00e9occupe, mais d une voix inconnue, qui pourrait \u00eatre celle d&rsquo;un \u00a0\u00bb guide-relais\u00a0\u00bb.<\/p>\n<p style=\"text-align: justify;\">Il existe aussi des messages chantonn\u00e9s.<\/p>\n<p style=\"text-align: justify;\">Il se peut que la phras\u00e9ologie du message soit \u00e9trange, ou le vocabulaire employ\u00e9 d\u00e9suet mais ce n&rsquo; est pas le cas le plus fr\u00e9quent.<\/p>\n<p style=\"text-align: justify;\">Le d\u00e9bit des voix paranormales est parfois rapide, d&rsquo;o\u00f9 l&rsquo;utilit\u00e9 d&rsquo;un enregistreur muni d&rsquo;une fonction \u00a0\u00bb ralenti \u00a0\u00bb ou d&rsquo;utiliser le ralenti d&rsquo;un programme audio sur l&rsquo;ordinateur, pour une meilleure compr\u00e9hension.<\/p>\n<p style=\"text-align: justify;\">Enfin, le sens m\u00eame du message est parfois incompris au moment de l&rsquo;\u00e9coute, mais il arrive qu&rsquo;il le soit plus tard, ce qui laisserait penser \u00e0 une anticipation des \u00e9v\u00e9nements de la part des esprits.<\/p>\n<h2 style=\"text-align: justify;\">Concr\u00e8tement, comment s&rsquo; y prendre pour \u00e9couter une TCI ?<\/h2>\n<p style=\"text-align: justify;\">Comme nous l&rsquo; avons dit, c&rsquo;est l&rsquo;\u00e9coute qui demande le plus de patience, de concentration.<\/p>\n<p style=\"text-align: justify;\">Elle est facilit\u00e9e en utilisant un casque audio ou des \u00e9couteurs.<\/p>\n<p style=\"text-align: justify;\">A vos d\u00e9buts, il conviendra d&rsquo;\u00e9couter plusieurs fois le m\u00eame passage pour s&rsquo;assurer que vous entendiez bien tout ce que comporte l&rsquo;enregistrement.<br \/>\nSi vous utilisez un magn\u00e9tophone, pensez \u00e0 noter le num\u00e9ro au compteur o\u00f9 vous avez entendu un message pour le r\u00e9\u00e9couter ou le transf\u00e9rer sur l&rsquo;ordinateur via un programme son.<\/p>\n<p style=\"text-align: justify;\">Si vous poss\u00e9dez un ordinateur, nous vous proposons de proc\u00e9der comme suit, qui est l&rsquo; \u00e9coute la plus claire et la plus ais\u00e9e : Vous transf\u00e9rez la totalit\u00e9 de votre enregistrement du magn\u00e9tophone \u00e0 l&rsquo; ordinateur via un programme audio comme nous citons ci-dessous et seulement apr\u00e8s, vous \u00e9coutez votre TCI de\u00a0l&rsquo;ordinateur en branchant votre casque sur les hauts parleurs de celui-ci.<\/p>\n<p style=\"text-align: justify;\">Si vous enregistrez directement la TCI par le biais de votre ordinateur, la proc\u00e9dure d&rsquo; \u00e9coute est la m\u00eame.<\/p>\n<p style=\"text-align: justify;\">\u00a0Nous connaissons 3 programmes informatiques d&rsquo;enregistrement qui sont :<br \/>\nAudacity, Adobe audition et Sound forge. Peut \u00eatre y en a-t-il encore d&rsquo;autres plus sophistiqu\u00e9s.<\/p>\n","protected":false},"excerpt":{"rendered":"<p>Ecouter une TCI Tout d abord, il faut savoir qu&rsquo;il ne s&rsquo;agit pas d&rsquo;un coup de fil du Ciel ! Un esprit doit certainement d\u00e9velopper beaucoup d&rsquo; \u00e9nergie ou vibrations pour \u00ab\u00a0imprimer\u00a0\u00bb un message sur un support auditif. De notre c\u00f4t\u00e9, il est n\u00e9cessaire d&rsquo;\u00e9couter chaque message plusieurs fois avant de le comprendre clairement sauf [&hellip;]<\/p>\n","protected":false},"author":1,"featured_media":0,"parent":0,"menu_order":0,"comment_status":"closed","ping_status":"closed","template":"","meta":{"ocean_post_layout":"","ocean_both_sidebars_style":"","ocean_both_sidebars_content_width":0,"ocean_both_sidebars_sidebars_width":0,"ocean_sidebar":"0","ocean_second_sidebar":"0","ocean_disable_margins":"enable","ocean_add_body_class":"","ocean_shortcode_before_top_bar":"","ocean_shortcode_after_top_bar":"","ocean_shortcode_before_header":"","ocean_shortcode_after_header":"","ocean_has_shortcode":"","ocean_shortcode_after_title":"","ocean_shortcode_before_footer_widgets":"","ocean_shortcode_after_footer_widgets":"","ocean_shortcode_before_footer_bottom":"","ocean_shortcode_after_footer_bottom":"","ocean_display_top_bar":"default","ocean_display_header":"default","ocean_header_style":"","ocean_center_header_left_menu":"0","ocean_custom_header_template":"0","ocean_custom_logo":0,"ocean_custom_retina_logo":0,"ocean_custom_logo_max_width":0,"ocean_custom_logo_tablet_max_width":0,"ocean_custom_logo_mobile_max_width":0,"ocean_custom_logo_max_height":0,"ocean_custom_logo_tablet_max_height":0,"ocean_custom_logo_mobile_max_height":0,"ocean_header_custom_menu":"0","ocean_menu_typo_font_family":"0","ocean_menu_typo_font_subset":"","ocean_menu_typo_font_size":0,"ocean_menu_typo_font_size_tablet":0,"ocean_menu_typo_font_size_mobile":0,"ocean_menu_typo_font_size_unit":"px","ocean_menu_typo_font_weight":"","ocean_menu_typo_font_weight_tablet":"","ocean_menu_typo_font_weight_mobile":"","ocean_menu_typo_transform":"","ocean_menu_typo_transform_tablet":"","ocean_menu_typo_transform_mobile":"","ocean_menu_typo_line_height":0,"ocean_menu_typo_line_height_tablet":0,"ocean_menu_typo_line_height_mobile":0,"ocean_menu_typo_line_height_unit":"","ocean_menu_typo_spacing":0,"ocean_menu_typo_spacing_tablet":0,"ocean_menu_typo_spacing_mobile":0,"ocean_menu_typo_spacing_unit":"","ocean_menu_link_color":"","ocean_menu_link_color_hover":"","ocean_menu_link_color_active":"","ocean_menu_link_background":"","ocean_menu_link_hover_background":"","ocean_menu_link_active_background":"","ocean_menu_social_links_bg":"","ocean_menu_social_hover_links_bg":"","ocean_menu_social_links_color":"","ocean_menu_social_hover_links_color":"","ocean_disable_title":"default","ocean_disable_heading":"default","ocean_post_title":"","ocean_post_subheading":"","ocean_post_title_style":"","ocean_post_title_background_color":"","ocean_post_title_background":0,"ocean_post_title_bg_image_position":"","ocean_post_title_bg_image_attachment":"","ocean_post_title_bg_image_repeat":"","ocean_post_title_bg_image_size":"","ocean_post_title_height":0,"ocean_post_title_bg_overlay":0.5,"ocean_post_title_bg_overlay_color":"","ocean_disable_breadcrumbs":"default","ocean_breadcrumbs_color":"","ocean_breadcrumbs_separator_color":"","ocean_breadcrumbs_links_color":"","ocean_breadcrumbs_links_hover_color":"","ocean_display_footer_widgets":"default","ocean_display_footer_bottom":"default","ocean_custom_footer_template":"0","footnotes":""},"class_list":["post-1551","page","type-page","status-publish","hentry","entry"],"yoast_head":"<!-- This site is optimized with the Yoast SEO plugin v27.5 - https:\/\/yoast.com\/product\/yoast-seo-wordpress\/ -->\n<title>Ecouter une TCI - Melonic<\/title>\n<meta name=\"robots\" content=\"index, follow, max-snippet:-1, max-image-preview:large, max-video-preview:-1\" \/>\n<link rel=\"canonical\" href=\"https:\/\/melonic.be\/j\/ecouter-une-tci\/\" \/>\n<meta property=\"og:locale\" content=\"fr_FR\" \/>\n<meta property=\"og:type\" content=\"article\" \/>\n<meta property=\"og:title\" content=\"Ecouter une TCI - Melonic\" \/>\n<meta property=\"og:description\" content=\"Ecouter une TCI Tout d abord, il faut savoir qu&rsquo;il ne s&rsquo;agit pas d&rsquo;un coup de fil du Ciel ! Un esprit doit certainement d\u00e9velopper beaucoup d&rsquo; \u00e9nergie ou vibrations pour \u00ab\u00a0imprimer\u00a0\u00bb un message sur un support auditif. De notre c\u00f4t\u00e9, il est n\u00e9cessaire d&rsquo;\u00e9couter chaque message plusieurs fois avant de le comprendre clairement sauf [&hellip;]\" \/>\n<meta property=\"og:url\" content=\"https:\/\/melonic.be\/j\/ecouter-une-tci\/\" \/>\n<meta property=\"og:site_name\" content=\"Melonic\" \/>\n<meta name=\"twitter:card\" content=\"summary_large_image\" \/>\n<meta name=\"twitter:label1\" content=\"Dur\u00e9e de lecture estim\u00e9e\" \/>\n\t<meta name=\"twitter:data1\" content=\"3 minutes\" \/>\n<script type=\"application\/ld+json\" class=\"yoast-schema-graph\">{\"@context\":\"https:\\\/\\\/schema.org\",\"@graph\":[{\"@type\":\"WebPage\",\"@id\":\"https:\\\/\\\/melonic.be\\\/j\\\/ecouter-une-tci\\\/\",\"url\":\"https:\\\/\\\/melonic.be\\\/j\\\/ecouter-une-tci\\\/\",\"name\":\"Ecouter une TCI - Melonic\",\"isPartOf\":{\"@id\":\"https:\\\/\\\/melonic.be\\\/j\\\/#website\"},\"datePublished\":\"2019-04-24T16:25:57+00:00\",\"breadcrumb\":{\"@id\":\"https:\\\/\\\/melonic.be\\\/j\\\/ecouter-une-tci\\\/#breadcrumb\"},\"inLanguage\":\"fr-FR\",\"potentialAction\":[{\"@type\":\"ReadAction\",\"target\":[\"https:\\\/\\\/melonic.be\\\/j\\\/ecouter-une-tci\\\/\"]}]},{\"@type\":\"BreadcrumbList\",\"@id\":\"https:\\\/\\\/melonic.be\\\/j\\\/ecouter-une-tci\\\/#breadcrumb\",\"itemListElement\":[{\"@type\":\"ListItem\",\"position\":1,\"name\":\"Accueil\",\"item\":\"https:\\\/\\\/melonic.be\\\/j\\\/\"},{\"@type\":\"ListItem\",\"position\":2,\"name\":\"Ecouter une TCI\"}]},{\"@type\":\"WebSite\",\"@id\":\"https:\\\/\\\/melonic.be\\\/j\\\/#website\",\"url\":\"https:\\\/\\\/melonic.be\\\/j\\\/\",\"name\":\"Melonic\",\"description\":\"\",\"publisher\":{\"@id\":\"https:\\\/\\\/melonic.be\\\/j\\\/#\\\/schema\\\/person\\\/16854370e1792906f271cdce232cd4f3\"},\"potentialAction\":[{\"@type\":\"SearchAction\",\"target\":{\"@type\":\"EntryPoint\",\"urlTemplate\":\"https:\\\/\\\/melonic.be\\\/j\\\/?s={search_term_string}\"},\"query-input\":{\"@type\":\"PropertyValueSpecification\",\"valueRequired\":true,\"valueName\":\"search_term_string\"}}],\"inLanguage\":\"fr-FR\"},{\"@type\":[\"Person\",\"Organization\"],\"@id\":\"https:\\\/\\\/melonic.be\\\/j\\\/#\\\/schema\\\/person\\\/16854370e1792906f271cdce232cd4f3\",\"name\":\"Nicole Incourt\",\"image\":{\"@type\":\"ImageObject\",\"inLanguage\":\"fr-FR\",\"@id\":\"https:\\\/\\\/melonic.be\\\/j\\\/wp-content\\\/uploads\\\/2019\\\/04\\\/cropped-logo_banner.png\",\"url\":\"https:\\\/\\\/melonic.be\\\/j\\\/wp-content\\\/uploads\\\/2019\\\/04\\\/cropped-logo_banner.png\",\"contentUrl\":\"https:\\\/\\\/melonic.be\\\/j\\\/wp-content\\\/uploads\\\/2019\\\/04\\\/cropped-logo_banner.png\",\"width\":410,\"height\":106,\"caption\":\"Nicole Incourt\"},\"logo\":{\"@id\":\"https:\\\/\\\/melonic.be\\\/j\\\/wp-content\\\/uploads\\\/2019\\\/04\\\/cropped-logo_banner.png\"}}]}<\/script>\n<!-- \/ Yoast SEO plugin. -->","yoast_head_json":{"title":"Ecouter une TCI - Melonic","robots":{"index":"index","follow":"follow","max-snippet":"max-snippet:-1","max-image-preview":"max-image-preview:large","max-video-preview":"max-video-preview:-1"},"canonical":"https:\/\/melonic.be\/j\/ecouter-une-tci\/","og_locale":"fr_FR","og_type":"article","og_title":"Ecouter une TCI - Melonic","og_description":"Ecouter une TCI Tout d abord, il faut savoir qu&rsquo;il ne s&rsquo;agit pas d&rsquo;un coup de fil du Ciel ! Un esprit doit certainement d\u00e9velopper beaucoup d&rsquo; \u00e9nergie ou vibrations pour \u00ab\u00a0imprimer\u00a0\u00bb un message sur un support auditif. De notre c\u00f4t\u00e9, il est n\u00e9cessaire d&rsquo;\u00e9couter chaque message plusieurs fois avant de le comprendre clairement sauf [&hellip;]","og_url":"https:\/\/melonic.be\/j\/ecouter-une-tci\/","og_site_name":"Melonic","twitter_card":"summary_large_image","twitter_misc":{"Dur\u00e9e de lecture estim\u00e9e":"3 minutes"},"schema":{"@context":"https:\/\/schema.org","@graph":[{"@type":"WebPage","@id":"https:\/\/melonic.be\/j\/ecouter-une-tci\/","url":"https:\/\/melonic.be\/j\/ecouter-une-tci\/","name":"Ecouter une TCI - Melonic","isPartOf":{"@id":"https:\/\/melonic.be\/j\/#website"},"datePublished":"2019-04-24T16:25:57+00:00","breadcrumb":{"@id":"https:\/\/melonic.be\/j\/ecouter-une-tci\/#breadcrumb"},"inLanguage":"fr-FR","potentialAction":[{"@type":"ReadAction","target":["https:\/\/melonic.be\/j\/ecouter-une-tci\/"]}]},{"@type":"BreadcrumbList","@id":"https:\/\/melonic.be\/j\/ecouter-une-tci\/#breadcrumb","itemListElement":[{"@type":"ListItem","position":1,"name":"Accueil","item":"https:\/\/melonic.be\/j\/"},{"@type":"ListItem","position":2,"name":"Ecouter une TCI"}]},{"@type":"WebSite","@id":"https:\/\/melonic.be\/j\/#website","url":"https:\/\/melonic.be\/j\/","name":"Melonic","description":"","publisher":{"@id":"https:\/\/melonic.be\/j\/#\/schema\/person\/16854370e1792906f271cdce232cd4f3"},"potentialAction":[{"@type":"SearchAction","target":{"@type":"EntryPoint","urlTemplate":"https:\/\/melonic.be\/j\/?s={search_term_string}"},"query-input":{"@type":"PropertyValueSpecification","valueRequired":true,"valueName":"search_term_string"}}],"inLanguage":"fr-FR"},{"@type":["Person","Organization"],"@id":"https:\/\/melonic.be\/j\/#\/schema\/person\/16854370e1792906f271cdce232cd4f3","name":"Nicole Incourt","image":{"@type":"ImageObject","inLanguage":"fr-FR","@id":"https:\/\/melonic.be\/j\/wp-content\/uploads\/2019\/04\/cropped-logo_banner.png","url":"https:\/\/melonic.be\/j\/wp-content\/uploads\/2019\/04\/cropped-logo_banner.png","contentUrl":"https:\/\/melonic.be\/j\/wp-content\/uploads\/2019\/04\/cropped-logo_banner.png","width":410,"height":106,"caption":"Nicole Incourt"},"logo":{"@id":"https:\/\/melonic.be\/j\/wp-content\/uploads\/2019\/04\/cropped-logo_banner.png"}}]}},"_links":{"self":[{"href":"https:\/\/melonic.be\/j\/wp-json\/wp\/v2\/pages\/1551","targetHints":{"allow":["GET"]}}],"collection":[{"href":"https:\/\/melonic.be\/j\/wp-json\/wp\/v2\/pages"}],"about":[{"href":"https:\/\/melonic.be\/j\/wp-json\/wp\/v2\/types\/page"}],"author":[{"embeddable":true,"href":"https:\/\/melonic.be\/j\/wp-json\/wp\/v2\/users\/1"}],"replies":[{"embeddable":true,"href":"https:\/\/melonic.be\/j\/wp-json\/wp\/v2\/comments?post=1551"}],"version-history":[{"count":1,"href":"https:\/\/melonic.be\/j\/wp-json\/wp\/v2\/pages\/1551\/revisions"}],"predecessor-version":[{"id":1552,"href":"https:\/\/melonic.be\/j\/wp-json\/wp\/v2\/pages\/1551\/revisions\/1552"}],"wp:attachment":[{"href":"https:\/\/melonic.be\/j\/wp-json\/wp\/v2\/media?parent=1551"}],"curies":[{"name":"wp","href":"https:\/\/api.w.org\/{rel}","templated":true}]}}