{"id":1624,"date":"2019-04-24T21:02:12","date_gmt":"2019-04-24T19:02:12","guid":{"rendered":"http:\/\/melonic.be\/j\/?page_id=1624"},"modified":"2019-04-24T21:02:12","modified_gmt":"2019-04-24T19:02:12","slug":"information","status":"publish","type":"page","link":"https:\/\/melonic.be\/j\/information\/","title":{"rendered":"Information"},"content":{"rendered":"<h3 style=\"text-align: left;\" align=\"center\">Information<\/h3>\n<p class=\"evidence-center\" align=\"center\"><span style=\"color: #ff00ff;\">Il n&rsquo;y a point de soleil pour les aveugles<\/span><br \/>\n<span style=\"color: #ff00ff;\">ni de tonnerre pour les sourds<\/span><br \/>\n<span style=\"color: #ff00ff;\">s&rsquo;ils ne veulent pas croire les autres.<\/span><br \/>\n<span style=\"color: #ff00ff;\">(Sagesse chinoise)<\/span><\/p>\n<p>&nbsp;<\/p>\n<p>Ces messages sont \u00e0 \u00a0\u00bb l&rsquo;\u00e9tat brut \u00ab\u00a0, tels que nous les avons re\u00e7us, juste repiqu\u00e9s du magn\u00e9tophone\u00a0(notre moyen d\u2019enregistrement il y a 7 ans)\u00a0\u00a0sur un ordinateur et n&rsquo;ont pas \u00e9t\u00e9 travaill\u00e9s ou nettoy\u00e9s par un programme informatique de traitement du son, sauf la derni\u00e8re cat\u00e9gorie.<br \/>\nCertains sont m\u00eame un peu \u00a0\u00bb envahis \u00a0\u00bb par un bruit de fond malhabile comme cela arrive parfois, ou aux d\u00e9butants, puisqu&rsquo; il y en a qui datent de 11 ans maintenant.<br \/>\nNous vous les proposons malgr\u00e9 tout, ou plut\u00f4t \u00a0\u00bb surtout \u00ab\u00a0, parce qu&rsquo;ils vous permettront ainsi d&rsquo;avoir un large panel de ce que l&rsquo;on peut \u00a0\u00bb \u00e9couter \u00ab\u00a0.<\/p>\n<p>Nous les avons class\u00e9s\u00a0 en 3 cat\u00e9gories d&rsquo;auditions diff\u00e9rentes, de la plus claire aux murmures, mais chaque oreille est particuli\u00e8re et la cat\u00e9gorie des murmures sera peut \u00eatre celle que vous entendrez le mieux.<\/p>\n<p>La 4\u00e8me s\u00e9rie que nous vous proposons est constitu\u00e9e de messages repris dans les 4 cat\u00e9gories pr\u00e9c\u00e9dentes et nettoy\u00e9s de fa\u00e7on plus ou moins r\u00e9ussie par un programme informatique.<br \/>\nCertains les comprennent mieux apr\u00e8s ces manipulations, m\u00eame si nous les pr\u00e9f\u00e9rons naturels, quand les voix re\u00e7ues ne sont pas modifi\u00e9es.<\/p>\n<p>Gis\u00e8le r\u00e9alise ses TCI sans bruit de fond particulier, mais en utilisant simplement les bruits ambiants quotidiens tels qu&rsquo;ouverture et fermeture de portes, fonctionnement du micro-ondes, manipulation de vaisselle\u2026<\/p>\n<p>Nicole utilise toujours un bruit de fond qui a vari\u00e9 selon les p\u00e9riodes, de la douche \u00e0 la musique, radio ou t\u00e9l\u00e9vision en allemand, mais se sert maintenant, principalement de cassettes audio pr\u00e9enregistr\u00e9es en allemand.<\/p>\n<p>Nous n&rsquo;avons transcrit les questions pos\u00e9es que pour certains messages, les autres sont d&rsquo;ordre priv\u00e9.<\/p>\n","protected":false},"excerpt":{"rendered":"<p>Information Il n&rsquo;y a point de soleil pour les aveugles ni de tonnerre pour les sourds s&rsquo;ils ne veulent pas croire les autres. (Sagesse chinoise) &nbsp; Ces messages sont \u00e0 \u00a0\u00bb l&rsquo;\u00e9tat brut \u00ab\u00a0, tels que nous les avons re\u00e7us, juste repiqu\u00e9s du magn\u00e9tophone\u00a0(notre moyen d\u2019enregistrement il y a 7 ans)\u00a0\u00a0sur un ordinateur et n&rsquo;ont [&hellip;]<\/p>\n","protected":false},"author":1,"featured_media":0,"parent":0,"menu_order":0,"comment_status":"closed","ping_status":"closed","template":"","meta":{"ocean_post_layout":"","ocean_both_sidebars_style":"","ocean_both_sidebars_content_width":0,"ocean_both_sidebars_sidebars_width":0,"ocean_sidebar":"0","ocean_second_sidebar":"0","ocean_disable_margins":"enable","ocean_add_body_class":"","ocean_shortcode_before_top_bar":"","ocean_shortcode_after_top_bar":"","ocean_shortcode_before_header":"","ocean_shortcode_after_header":"","ocean_has_shortcode":"","ocean_shortcode_after_title":"","ocean_shortcode_before_footer_widgets":"","ocean_shortcode_after_footer_widgets":"","ocean_shortcode_before_footer_bottom":"","ocean_shortcode_after_footer_bottom":"","ocean_display_top_bar":"default","ocean_display_header":"default","ocean_header_style":"","ocean_center_header_left_menu":"0","ocean_custom_header_template":"0","ocean_custom_logo":0,"ocean_custom_retina_logo":0,"ocean_custom_logo_max_width":0,"ocean_custom_logo_tablet_max_width":0,"ocean_custom_logo_mobile_max_width":0,"ocean_custom_logo_max_height":0,"ocean_custom_logo_tablet_max_height":0,"ocean_custom_logo_mobile_max_height":0,"ocean_header_custom_menu":"0","ocean_menu_typo_font_family":"0","ocean_menu_typo_font_subset":"","ocean_menu_typo_font_size":0,"ocean_menu_typo_font_size_tablet":0,"ocean_menu_typo_font_size_mobile":0,"ocean_menu_typo_font_size_unit":"px","ocean_menu_typo_font_weight":"","ocean_menu_typo_font_weight_tablet":"","ocean_menu_typo_font_weight_mobile":"","ocean_menu_typo_transform":"","ocean_menu_typo_transform_tablet":"","ocean_menu_typo_transform_mobile":"","ocean_menu_typo_line_height":0,"ocean_menu_typo_line_height_tablet":0,"ocean_menu_typo_line_height_mobile":0,"ocean_menu_typo_line_height_unit":"","ocean_menu_typo_spacing":0,"ocean_menu_typo_spacing_tablet":0,"ocean_menu_typo_spacing_mobile":0,"ocean_menu_typo_spacing_unit":"","ocean_menu_link_color":"","ocean_menu_link_color_hover":"","ocean_menu_link_color_active":"","ocean_menu_link_background":"","ocean_menu_link_hover_background":"","ocean_menu_link_active_background":"","ocean_menu_social_links_bg":"","ocean_menu_social_hover_links_bg":"","ocean_menu_social_links_color":"","ocean_menu_social_hover_links_color":"","ocean_disable_title":"default","ocean_disable_heading":"default","ocean_post_title":"","ocean_post_subheading":"","ocean_post_title_style":"","ocean_post_title_background_color":"","ocean_post_title_background":0,"ocean_post_title_bg_image_position":"","ocean_post_title_bg_image_attachment":"","ocean_post_title_bg_image_repeat":"","ocean_post_title_bg_image_size":"","ocean_post_title_height":0,"ocean_post_title_bg_overlay":0.5,"ocean_post_title_bg_overlay_color":"","ocean_disable_breadcrumbs":"default","ocean_breadcrumbs_color":"","ocean_breadcrumbs_separator_color":"","ocean_breadcrumbs_links_color":"","ocean_breadcrumbs_links_hover_color":"","ocean_display_footer_widgets":"default","ocean_display_footer_bottom":"default","ocean_custom_footer_template":"0","footnotes":""},"class_list":["post-1624","page","type-page","status-publish","hentry","entry"],"yoast_head":"<!-- This site is optimized with the Yoast SEO plugin v27.5 - https:\/\/yoast.com\/product\/yoast-seo-wordpress\/ -->\n<title>Information - Melonic<\/title>\n<meta name=\"robots\" content=\"index, follow, max-snippet:-1, max-image-preview:large, max-video-preview:-1\" \/>\n<link rel=\"canonical\" href=\"https:\/\/melonic.be\/j\/information\/\" \/>\n<meta property=\"og:locale\" content=\"fr_FR\" \/>\n<meta property=\"og:type\" content=\"article\" \/>\n<meta property=\"og:title\" content=\"Information - Melonic\" \/>\n<meta property=\"og:description\" content=\"Information Il n&rsquo;y a point de soleil pour les aveugles ni de tonnerre pour les sourds s&rsquo;ils ne veulent pas croire les autres. (Sagesse chinoise) &nbsp; Ces messages sont \u00e0 \u00a0\u00bb l&rsquo;\u00e9tat brut \u00ab\u00a0, tels que nous les avons re\u00e7us, juste repiqu\u00e9s du magn\u00e9tophone\u00a0(notre moyen d\u2019enregistrement il y a 7 ans)\u00a0\u00a0sur un ordinateur et n&rsquo;ont [&hellip;]\" \/>\n<meta property=\"og:url\" content=\"https:\/\/melonic.be\/j\/information\/\" \/>\n<meta property=\"og:site_name\" content=\"Melonic\" \/>\n<meta name=\"twitter:card\" content=\"summary_large_image\" \/>\n<meta name=\"twitter:label1\" content=\"Dur\u00e9e de lecture estim\u00e9e\" \/>\n\t<meta name=\"twitter:data1\" content=\"2 minutes\" \/>\n<script type=\"application\/ld+json\" class=\"yoast-schema-graph\">{\"@context\":\"https:\\\/\\\/schema.org\",\"@graph\":[{\"@type\":\"WebPage\",\"@id\":\"https:\\\/\\\/melonic.be\\\/j\\\/information\\\/\",\"url\":\"https:\\\/\\\/melonic.be\\\/j\\\/information\\\/\",\"name\":\"Information - Melonic\",\"isPartOf\":{\"@id\":\"https:\\\/\\\/melonic.be\\\/j\\\/#website\"},\"datePublished\":\"2019-04-24T19:02:12+00:00\",\"breadcrumb\":{\"@id\":\"https:\\\/\\\/melonic.be\\\/j\\\/information\\\/#breadcrumb\"},\"inLanguage\":\"fr-FR\",\"potentialAction\":[{\"@type\":\"ReadAction\",\"target\":[\"https:\\\/\\\/melonic.be\\\/j\\\/information\\\/\"]}]},{\"@type\":\"BreadcrumbList\",\"@id\":\"https:\\\/\\\/melonic.be\\\/j\\\/information\\\/#breadcrumb\",\"itemListElement\":[{\"@type\":\"ListItem\",\"position\":1,\"name\":\"Accueil\",\"item\":\"https:\\\/\\\/melonic.be\\\/j\\\/\"},{\"@type\":\"ListItem\",\"position\":2,\"name\":\"Information\"}]},{\"@type\":\"WebSite\",\"@id\":\"https:\\\/\\\/melonic.be\\\/j\\\/#website\",\"url\":\"https:\\\/\\\/melonic.be\\\/j\\\/\",\"name\":\"Melonic\",\"description\":\"\",\"publisher\":{\"@id\":\"https:\\\/\\\/melonic.be\\\/j\\\/#\\\/schema\\\/person\\\/16854370e1792906f271cdce232cd4f3\"},\"potentialAction\":[{\"@type\":\"SearchAction\",\"target\":{\"@type\":\"EntryPoint\",\"urlTemplate\":\"https:\\\/\\\/melonic.be\\\/j\\\/?s={search_term_string}\"},\"query-input\":{\"@type\":\"PropertyValueSpecification\",\"valueRequired\":true,\"valueName\":\"search_term_string\"}}],\"inLanguage\":\"fr-FR\"},{\"@type\":[\"Person\",\"Organization\"],\"@id\":\"https:\\\/\\\/melonic.be\\\/j\\\/#\\\/schema\\\/person\\\/16854370e1792906f271cdce232cd4f3\",\"name\":\"Nicole Incourt\",\"image\":{\"@type\":\"ImageObject\",\"inLanguage\":\"fr-FR\",\"@id\":\"https:\\\/\\\/melonic.be\\\/j\\\/wp-content\\\/uploads\\\/2019\\\/04\\\/cropped-logo_banner.png\",\"url\":\"https:\\\/\\\/melonic.be\\\/j\\\/wp-content\\\/uploads\\\/2019\\\/04\\\/cropped-logo_banner.png\",\"contentUrl\":\"https:\\\/\\\/melonic.be\\\/j\\\/wp-content\\\/uploads\\\/2019\\\/04\\\/cropped-logo_banner.png\",\"width\":410,\"height\":106,\"caption\":\"Nicole Incourt\"},\"logo\":{\"@id\":\"https:\\\/\\\/melonic.be\\\/j\\\/wp-content\\\/uploads\\\/2019\\\/04\\\/cropped-logo_banner.png\"}}]}<\/script>\n<!-- \/ Yoast SEO plugin. -->","yoast_head_json":{"title":"Information - Melonic","robots":{"index":"index","follow":"follow","max-snippet":"max-snippet:-1","max-image-preview":"max-image-preview:large","max-video-preview":"max-video-preview:-1"},"canonical":"https:\/\/melonic.be\/j\/information\/","og_locale":"fr_FR","og_type":"article","og_title":"Information - Melonic","og_description":"Information Il n&rsquo;y a point de soleil pour les aveugles ni de tonnerre pour les sourds s&rsquo;ils ne veulent pas croire les autres. (Sagesse chinoise) &nbsp; Ces messages sont \u00e0 \u00a0\u00bb l&rsquo;\u00e9tat brut \u00ab\u00a0, tels que nous les avons re\u00e7us, juste repiqu\u00e9s du magn\u00e9tophone\u00a0(notre moyen d\u2019enregistrement il y a 7 ans)\u00a0\u00a0sur un ordinateur et n&rsquo;ont [&hellip;]","og_url":"https:\/\/melonic.be\/j\/information\/","og_site_name":"Melonic","twitter_card":"summary_large_image","twitter_misc":{"Dur\u00e9e de lecture estim\u00e9e":"2 minutes"},"schema":{"@context":"https:\/\/schema.org","@graph":[{"@type":"WebPage","@id":"https:\/\/melonic.be\/j\/information\/","url":"https:\/\/melonic.be\/j\/information\/","name":"Information - Melonic","isPartOf":{"@id":"https:\/\/melonic.be\/j\/#website"},"datePublished":"2019-04-24T19:02:12+00:00","breadcrumb":{"@id":"https:\/\/melonic.be\/j\/information\/#breadcrumb"},"inLanguage":"fr-FR","potentialAction":[{"@type":"ReadAction","target":["https:\/\/melonic.be\/j\/information\/"]}]},{"@type":"BreadcrumbList","@id":"https:\/\/melonic.be\/j\/information\/#breadcrumb","itemListElement":[{"@type":"ListItem","position":1,"name":"Accueil","item":"https:\/\/melonic.be\/j\/"},{"@type":"ListItem","position":2,"name":"Information"}]},{"@type":"WebSite","@id":"https:\/\/melonic.be\/j\/#website","url":"https:\/\/melonic.be\/j\/","name":"Melonic","description":"","publisher":{"@id":"https:\/\/melonic.be\/j\/#\/schema\/person\/16854370e1792906f271cdce232cd4f3"},"potentialAction":[{"@type":"SearchAction","target":{"@type":"EntryPoint","urlTemplate":"https:\/\/melonic.be\/j\/?s={search_term_string}"},"query-input":{"@type":"PropertyValueSpecification","valueRequired":true,"valueName":"search_term_string"}}],"inLanguage":"fr-FR"},{"@type":["Person","Organization"],"@id":"https:\/\/melonic.be\/j\/#\/schema\/person\/16854370e1792906f271cdce232cd4f3","name":"Nicole Incourt","image":{"@type":"ImageObject","inLanguage":"fr-FR","@id":"https:\/\/melonic.be\/j\/wp-content\/uploads\/2019\/04\/cropped-logo_banner.png","url":"https:\/\/melonic.be\/j\/wp-content\/uploads\/2019\/04\/cropped-logo_banner.png","contentUrl":"https:\/\/melonic.be\/j\/wp-content\/uploads\/2019\/04\/cropped-logo_banner.png","width":410,"height":106,"caption":"Nicole Incourt"},"logo":{"@id":"https:\/\/melonic.be\/j\/wp-content\/uploads\/2019\/04\/cropped-logo_banner.png"}}]}},"_links":{"self":[{"href":"https:\/\/melonic.be\/j\/wp-json\/wp\/v2\/pages\/1624","targetHints":{"allow":["GET"]}}],"collection":[{"href":"https:\/\/melonic.be\/j\/wp-json\/wp\/v2\/pages"}],"about":[{"href":"https:\/\/melonic.be\/j\/wp-json\/wp\/v2\/types\/page"}],"author":[{"embeddable":true,"href":"https:\/\/melonic.be\/j\/wp-json\/wp\/v2\/users\/1"}],"replies":[{"embeddable":true,"href":"https:\/\/melonic.be\/j\/wp-json\/wp\/v2\/comments?post=1624"}],"version-history":[{"count":1,"href":"https:\/\/melonic.be\/j\/wp-json\/wp\/v2\/pages\/1624\/revisions"}],"predecessor-version":[{"id":1625,"href":"https:\/\/melonic.be\/j\/wp-json\/wp\/v2\/pages\/1624\/revisions\/1625"}],"wp:attachment":[{"href":"https:\/\/melonic.be\/j\/wp-json\/wp\/v2\/media?parent=1624"}],"curies":[{"name":"wp","href":"https:\/\/api.w.org\/{rel}","templated":true}]}}