{"id":1887,"date":"2019-04-26T20:52:50","date_gmt":"2019-04-26T18:52:50","guid":{"rendered":"http:\/\/melonic.be\/j\/?page_id=1887"},"modified":"2019-04-26T20:52:50","modified_gmt":"2019-04-26T18:52:50","slug":"textes","status":"publish","type":"page","link":"https:\/\/melonic.be\/j\/textes\/","title":{"rendered":"Textes"},"content":{"rendered":"<div>\n<h2>Nostalgie<\/h2>\n<p>Je voudrais te dire<br \/>\ntout ce que je n&rsquo;ai pas su te dire<br \/>\nquand tu \u00e9tais l\u00e0.<br \/>\nTe chanter la plus belle chanson,<br \/>\nte r\u00e9citer le plus beau po\u00e8me,<br \/>\nte serrer si fort contre moi\u2026<br \/>\nJe voudrais te dire<br \/>\nles mots d&rsquo;amour les plus tendres,<br \/>\nte dire que tu es toujours l\u00e0,<br \/>\ntoujours l\u00e0 au fond de mon c\u0153ur.<br \/>\nJe voudrais te dire<br \/>\nque mille souvenirs bercent ma m\u00e9moire<br \/>\nque ton visage, ton sourire,<br \/>\nje les revois sans cesse<br \/>\nque tes paroles, tes mots, ta voix,<br \/>\nje les entends toujours.<br \/>\nTe dire que si tu nous a quitt\u00e9s,<br \/>\nmoi, je ne te quitte pas.<br \/>\nJe voudrais te dire<br \/>\nque ma solitude n&rsquo;est pas solitude<br \/>\nparce que je vis dans un r\u00eave, un r\u00eave de toi.<br \/>\nJe voudrais te dire<br \/>\nque parfois des larmes perlent \u00e0 mes paupi\u00e8res,<br \/>\nque parfois mon c\u0153ur est serr\u00e9 \u00e0 l&rsquo;extr\u00eame,<br \/>\net je l\u00e8ve les yeux vers le Ciel,<br \/>\net je ne pense qu&rsquo;\u00e0 toi&#8230;<br \/>\nJe voudrais tellement te revoir<br \/>\nun seul instant, une seule seconde,<br \/>\npour te dire tout, pour te dire rien.<br \/>\nPour te dire combien je t&rsquo;aime, encore&#8230;<\/p>\n<p><strong>Auteur inconnu.<\/strong><\/p>\n<hr \/>\n<h2 class=\"my-center\">Le fil n&rsquo;est pas coup\u00e9<\/h2>\n<div><\/div>\n<div>\n<p>L&rsquo;amour ne dispara\u00eet jamais,<br \/>\nLa mort n&rsquo;est rien.<br \/>\nJe suis seulement pass\u00e9 dans la pi\u00e8ce d&rsquo;\u00e0 c\u00f4t\u00e9.<br \/>\nJe suis moi, tu es toi.<br \/>\nCe que nous \u00e9tions l&rsquo;un pour l&rsquo;autre,<br \/>\nnous le sommes toujours.<br \/>\nDonne-moi le nom que tu m&rsquo;as toujours donn\u00e9.<br \/>\nParle-moi comme tu l&rsquo;as toujours fait.<br \/>\nN&#8217;emploie pas un ton diff\u00e9rent,<br \/>\nNe prends pas un air solennel ou triste.<br \/>\nContinue \u00e0 rire de ce qui nous faisait rire ensemble.<br \/>\nPrie, souris, pense \u00e0 moi, prie pour moi.<br \/>\nQue mon nom soit prononc\u00e9 \u00e0 la maison<br \/>\ncomme il l&rsquo;a toujours \u00e9t\u00e9,<br \/>\nsans emphase d&rsquo; aucune sorte,<br \/>\nsans une trace d&rsquo; ombre.<br \/>\nLa vie signifie tout ce qu&rsquo;elle a toujours signifi\u00e9.<br \/>\nElle est ce qu&rsquo;elle a toujours \u00e9t\u00e9.<br \/>\nLe fil n&rsquo;est pas coup\u00e9.<br \/>\nPourquoi serais-je hors de ta pens\u00e9e<br \/>\nsimplement parce que je suis hors de ta vue ?<\/p>\n<p>Je t&rsquo;attends, je ne suis pas loin,<br \/>\njuste de l&rsquo;autre c\u00f4t\u00e9 du chemin,<br \/>\nTu vois, tout est bien.<\/p>\n<p><b>H Scott Holland<\/b><\/p>\n<hr \/>\n<h2>J&rsquo;ai du sang dans ma t\u00eate<\/h2>\n<\/div>\n<div>Ma vue se brouille,<br \/>\nles fleurs de tilleul attendront,<br \/>\nj&rsquo;ai l\u00e2ch\u00e9 la scie,<br \/>\nd&rsquo;autres mains la tiendront.<br \/>\nJe vais, je viens, ne comprends rien.<br \/>\nLe chien g\u00e9mit, me l\u00e8che, aboie,<br \/>\nne comprend pas.<br \/>\nC&rsquo;est le plein \u00e9t\u00e9 et je rentre en hiver.<br \/>\nIl fait chaud et j&rsquo;ai froid.<br \/>\nMes id\u00e9es s&#8217;embrument.<br \/>\nJe veux rester l\u00e0.<br \/>\nTout se m\u00eale\u2026<br \/>\nMa m\u00e8re\u2026 ma s\u0153ur&#8230; ma fille\u2026<br \/>\nJ&rsquo;ai du sang dans ma t\u00eate<br \/>\net de l&rsquo;amour dans mon c\u0153ur.<br \/>\nMa femme&#8230; ma m\u00e8re&#8230; ma vie\u2026<br \/>\nJ&rsquo;ai du sang dans la t\u00eate\u2026<br \/>\nLe t\u00e9l\u00e9phone sonne&#8230;<br \/>\nC&rsquo;est quoi, le t\u00e9l\u00e9phone ?<br \/>\nLa sir\u00e8ne&#8230;le camion&#8230;la route&#8230;<br \/>\nDe plus en plus de sang dans ma t\u00eate,<br \/>\nde plus en plus d&rsquo;amour dans mon c\u0153ur.<br \/>\n\u00c7\u00e0 roule, \u00e7\u00e0 roule&#8230;<br \/>\n\u00c7\u00e0 coule, \u00e7\u00e0 coule&#8230;<br \/>\nEnfin l\u00e2cher prise !<br \/>\nPardon de partir sans dire au revoir\u2026<br \/>\nJe m&rsquo;apaise, je dors<br \/>\nOn me parle, je dors<br \/>\nOn m&#8217;embrasse, je dors<br \/>\nOn pleure\u2026<br \/>\nJe dors\u2026<br \/>\nPlus de sang dans ma t\u00eate,<br \/>\nautant d&rsquo;amour dans mon c\u0153ur.<b>Gis\u00e8le<\/b><\/p>\n<\/div>\n<\/div>\n","protected":false},"excerpt":{"rendered":"<p>Nostalgie Je voudrais te dire tout ce que je n&rsquo;ai pas su te dire quand tu \u00e9tais l\u00e0. Te chanter la plus belle chanson, te r\u00e9citer le plus beau po\u00e8me, te serrer si fort contre moi\u2026 Je voudrais te dire les mots d&rsquo;amour les plus tendres, te dire que tu es toujours l\u00e0, toujours l\u00e0 [&hellip;]<\/p>\n","protected":false},"author":1,"featured_media":0,"parent":0,"menu_order":0,"comment_status":"closed","ping_status":"closed","template":"","meta":{"ocean_post_layout":"","ocean_both_sidebars_style":"","ocean_both_sidebars_content_width":0,"ocean_both_sidebars_sidebars_width":0,"ocean_sidebar":"0","ocean_second_sidebar":"0","ocean_disable_margins":"enable","ocean_add_body_class":"","ocean_shortcode_before_top_bar":"","ocean_shortcode_after_top_bar":"","ocean_shortcode_before_header":"","ocean_shortcode_after_header":"","ocean_has_shortcode":"","ocean_shortcode_after_title":"","ocean_shortcode_before_footer_widgets":"","ocean_shortcode_after_footer_widgets":"","ocean_shortcode_before_footer_bottom":"","ocean_shortcode_after_footer_bottom":"","ocean_display_top_bar":"default","ocean_display_header":"default","ocean_header_style":"","ocean_center_header_left_menu":"0","ocean_custom_header_template":"0","ocean_custom_logo":0,"ocean_custom_retina_logo":0,"ocean_custom_logo_max_width":0,"ocean_custom_logo_tablet_max_width":0,"ocean_custom_logo_mobile_max_width":0,"ocean_custom_logo_max_height":0,"ocean_custom_logo_tablet_max_height":0,"ocean_custom_logo_mobile_max_height":0,"ocean_header_custom_menu":"0","ocean_menu_typo_font_family":"0","ocean_menu_typo_font_subset":"","ocean_menu_typo_font_size":0,"ocean_menu_typo_font_size_tablet":0,"ocean_menu_typo_font_size_mobile":0,"ocean_menu_typo_font_size_unit":"px","ocean_menu_typo_font_weight":"","ocean_menu_typo_font_weight_tablet":"","ocean_menu_typo_font_weight_mobile":"","ocean_menu_typo_transform":"","ocean_menu_typo_transform_tablet":"","ocean_menu_typo_transform_mobile":"","ocean_menu_typo_line_height":0,"ocean_menu_typo_line_height_tablet":0,"ocean_menu_typo_line_height_mobile":0,"ocean_menu_typo_line_height_unit":"","ocean_menu_typo_spacing":0,"ocean_menu_typo_spacing_tablet":0,"ocean_menu_typo_spacing_mobile":0,"ocean_menu_typo_spacing_unit":"","ocean_menu_link_color":"","ocean_menu_link_color_hover":"","ocean_menu_link_color_active":"","ocean_menu_link_background":"","ocean_menu_link_hover_background":"","ocean_menu_link_active_background":"","ocean_menu_social_links_bg":"","ocean_menu_social_hover_links_bg":"","ocean_menu_social_links_color":"","ocean_menu_social_hover_links_color":"","ocean_disable_title":"default","ocean_disable_heading":"default","ocean_post_title":"","ocean_post_subheading":"","ocean_post_title_style":"","ocean_post_title_background_color":"","ocean_post_title_background":0,"ocean_post_title_bg_image_position":"","ocean_post_title_bg_image_attachment":"","ocean_post_title_bg_image_repeat":"","ocean_post_title_bg_image_size":"","ocean_post_title_height":0,"ocean_post_title_bg_overlay":0.5,"ocean_post_title_bg_overlay_color":"","ocean_disable_breadcrumbs":"default","ocean_breadcrumbs_color":"","ocean_breadcrumbs_separator_color":"","ocean_breadcrumbs_links_color":"","ocean_breadcrumbs_links_hover_color":"","ocean_display_footer_widgets":"default","ocean_display_footer_bottom":"default","ocean_custom_footer_template":"0","footnotes":""},"class_list":["post-1887","page","type-page","status-publish","hentry","entry"],"yoast_head":"<!-- This site is optimized with the Yoast SEO plugin v27.6 - https:\/\/yoast.com\/product\/yoast-seo-wordpress\/ -->\n<title>Textes - Melonic<\/title>\n<meta name=\"robots\" content=\"index, follow, max-snippet:-1, max-image-preview:large, max-video-preview:-1\" \/>\n<link rel=\"canonical\" href=\"https:\/\/melonic.be\/j\/textes\/\" \/>\n<meta property=\"og:locale\" content=\"fr_FR\" \/>\n<meta property=\"og:type\" content=\"article\" \/>\n<meta property=\"og:title\" content=\"Textes - Melonic\" \/>\n<meta property=\"og:description\" content=\"Nostalgie Je voudrais te dire tout ce que je n&rsquo;ai pas su te dire quand tu \u00e9tais l\u00e0. Te chanter la plus belle chanson, te r\u00e9citer le plus beau po\u00e8me, te serrer si fort contre moi\u2026 Je voudrais te dire les mots d&rsquo;amour les plus tendres, te dire que tu es toujours l\u00e0, toujours l\u00e0 [&hellip;]\" \/>\n<meta property=\"og:url\" content=\"https:\/\/melonic.be\/j\/textes\/\" \/>\n<meta property=\"og:site_name\" content=\"Melonic\" \/>\n<meta name=\"twitter:card\" content=\"summary_large_image\" \/>\n<meta name=\"twitter:label1\" content=\"Dur\u00e9e de lecture estim\u00e9e\" \/>\n\t<meta name=\"twitter:data1\" content=\"3 minutes\" \/>\n<script type=\"application\/ld+json\" class=\"yoast-schema-graph\">{\"@context\":\"https:\\\/\\\/schema.org\",\"@graph\":[{\"@type\":\"WebPage\",\"@id\":\"https:\\\/\\\/melonic.be\\\/j\\\/textes\\\/\",\"url\":\"https:\\\/\\\/melonic.be\\\/j\\\/textes\\\/\",\"name\":\"Textes - Melonic\",\"isPartOf\":{\"@id\":\"https:\\\/\\\/melonic.be\\\/j\\\/#website\"},\"datePublished\":\"2019-04-26T18:52:50+00:00\",\"breadcrumb\":{\"@id\":\"https:\\\/\\\/melonic.be\\\/j\\\/textes\\\/#breadcrumb\"},\"inLanguage\":\"fr-FR\",\"potentialAction\":[{\"@type\":\"ReadAction\",\"target\":[\"https:\\\/\\\/melonic.be\\\/j\\\/textes\\\/\"]}]},{\"@type\":\"BreadcrumbList\",\"@id\":\"https:\\\/\\\/melonic.be\\\/j\\\/textes\\\/#breadcrumb\",\"itemListElement\":[{\"@type\":\"ListItem\",\"position\":1,\"name\":\"Accueil\",\"item\":\"https:\\\/\\\/melonic.be\\\/j\\\/\"},{\"@type\":\"ListItem\",\"position\":2,\"name\":\"Textes\"}]},{\"@type\":\"WebSite\",\"@id\":\"https:\\\/\\\/melonic.be\\\/j\\\/#website\",\"url\":\"https:\\\/\\\/melonic.be\\\/j\\\/\",\"name\":\"Melonic\",\"description\":\"\",\"publisher\":{\"@id\":\"https:\\\/\\\/melonic.be\\\/j\\\/#\\\/schema\\\/person\\\/16854370e1792906f271cdce232cd4f3\"},\"potentialAction\":[{\"@type\":\"SearchAction\",\"target\":{\"@type\":\"EntryPoint\",\"urlTemplate\":\"https:\\\/\\\/melonic.be\\\/j\\\/?s={search_term_string}\"},\"query-input\":{\"@type\":\"PropertyValueSpecification\",\"valueRequired\":true,\"valueName\":\"search_term_string\"}}],\"inLanguage\":\"fr-FR\"},{\"@type\":[\"Person\",\"Organization\"],\"@id\":\"https:\\\/\\\/melonic.be\\\/j\\\/#\\\/schema\\\/person\\\/16854370e1792906f271cdce232cd4f3\",\"name\":\"Nicole Incourt\",\"image\":{\"@type\":\"ImageObject\",\"inLanguage\":\"fr-FR\",\"@id\":\"https:\\\/\\\/melonic.be\\\/j\\\/wp-content\\\/uploads\\\/2019\\\/04\\\/cropped-logo_banner.png\",\"url\":\"https:\\\/\\\/melonic.be\\\/j\\\/wp-content\\\/uploads\\\/2019\\\/04\\\/cropped-logo_banner.png\",\"contentUrl\":\"https:\\\/\\\/melonic.be\\\/j\\\/wp-content\\\/uploads\\\/2019\\\/04\\\/cropped-logo_banner.png\",\"width\":410,\"height\":106,\"caption\":\"Nicole Incourt\"},\"logo\":{\"@id\":\"https:\\\/\\\/melonic.be\\\/j\\\/wp-content\\\/uploads\\\/2019\\\/04\\\/cropped-logo_banner.png\"}}]}<\/script>\n<!-- \/ Yoast SEO plugin. -->","yoast_head_json":{"title":"Textes - Melonic","robots":{"index":"index","follow":"follow","max-snippet":"max-snippet:-1","max-image-preview":"max-image-preview:large","max-video-preview":"max-video-preview:-1"},"canonical":"https:\/\/melonic.be\/j\/textes\/","og_locale":"fr_FR","og_type":"article","og_title":"Textes - Melonic","og_description":"Nostalgie Je voudrais te dire tout ce que je n&rsquo;ai pas su te dire quand tu \u00e9tais l\u00e0. Te chanter la plus belle chanson, te r\u00e9citer le plus beau po\u00e8me, te serrer si fort contre moi\u2026 Je voudrais te dire les mots d&rsquo;amour les plus tendres, te dire que tu es toujours l\u00e0, toujours l\u00e0 [&hellip;]","og_url":"https:\/\/melonic.be\/j\/textes\/","og_site_name":"Melonic","twitter_card":"summary_large_image","twitter_misc":{"Dur\u00e9e de lecture estim\u00e9e":"3 minutes"},"schema":{"@context":"https:\/\/schema.org","@graph":[{"@type":"WebPage","@id":"https:\/\/melonic.be\/j\/textes\/","url":"https:\/\/melonic.be\/j\/textes\/","name":"Textes - Melonic","isPartOf":{"@id":"https:\/\/melonic.be\/j\/#website"},"datePublished":"2019-04-26T18:52:50+00:00","breadcrumb":{"@id":"https:\/\/melonic.be\/j\/textes\/#breadcrumb"},"inLanguage":"fr-FR","potentialAction":[{"@type":"ReadAction","target":["https:\/\/melonic.be\/j\/textes\/"]}]},{"@type":"BreadcrumbList","@id":"https:\/\/melonic.be\/j\/textes\/#breadcrumb","itemListElement":[{"@type":"ListItem","position":1,"name":"Accueil","item":"https:\/\/melonic.be\/j\/"},{"@type":"ListItem","position":2,"name":"Textes"}]},{"@type":"WebSite","@id":"https:\/\/melonic.be\/j\/#website","url":"https:\/\/melonic.be\/j\/","name":"Melonic","description":"","publisher":{"@id":"https:\/\/melonic.be\/j\/#\/schema\/person\/16854370e1792906f271cdce232cd4f3"},"potentialAction":[{"@type":"SearchAction","target":{"@type":"EntryPoint","urlTemplate":"https:\/\/melonic.be\/j\/?s={search_term_string}"},"query-input":{"@type":"PropertyValueSpecification","valueRequired":true,"valueName":"search_term_string"}}],"inLanguage":"fr-FR"},{"@type":["Person","Organization"],"@id":"https:\/\/melonic.be\/j\/#\/schema\/person\/16854370e1792906f271cdce232cd4f3","name":"Nicole Incourt","image":{"@type":"ImageObject","inLanguage":"fr-FR","@id":"https:\/\/melonic.be\/j\/wp-content\/uploads\/2019\/04\/cropped-logo_banner.png","url":"https:\/\/melonic.be\/j\/wp-content\/uploads\/2019\/04\/cropped-logo_banner.png","contentUrl":"https:\/\/melonic.be\/j\/wp-content\/uploads\/2019\/04\/cropped-logo_banner.png","width":410,"height":106,"caption":"Nicole Incourt"},"logo":{"@id":"https:\/\/melonic.be\/j\/wp-content\/uploads\/2019\/04\/cropped-logo_banner.png"}}]}},"_links":{"self":[{"href":"https:\/\/melonic.be\/j\/wp-json\/wp\/v2\/pages\/1887","targetHints":{"allow":["GET"]}}],"collection":[{"href":"https:\/\/melonic.be\/j\/wp-json\/wp\/v2\/pages"}],"about":[{"href":"https:\/\/melonic.be\/j\/wp-json\/wp\/v2\/types\/page"}],"author":[{"embeddable":true,"href":"https:\/\/melonic.be\/j\/wp-json\/wp\/v2\/users\/1"}],"replies":[{"embeddable":true,"href":"https:\/\/melonic.be\/j\/wp-json\/wp\/v2\/comments?post=1887"}],"version-history":[{"count":1,"href":"https:\/\/melonic.be\/j\/wp-json\/wp\/v2\/pages\/1887\/revisions"}],"predecessor-version":[{"id":1888,"href":"https:\/\/melonic.be\/j\/wp-json\/wp\/v2\/pages\/1887\/revisions\/1888"}],"wp:attachment":[{"href":"https:\/\/melonic.be\/j\/wp-json\/wp\/v2\/media?parent=1887"}],"curies":[{"name":"wp","href":"https:\/\/api.w.org\/{rel}","templated":true}]}}