{"id":1910,"date":"2019-04-27T10:40:43","date_gmt":"2019-04-27T08:40:43","guid":{"rendered":"http:\/\/melonic.be\/j\/?page_id=1910"},"modified":"2019-04-27T10:40:43","modified_gmt":"2019-04-27T08:40:43","slug":"francois-brune","status":"publish","type":"page","link":"https:\/\/melonic.be\/j\/francois-brune\/","title":{"rendered":"Fran\u00e7ois Brune"},"content":{"rendered":"<p>On ne peut aborder la transcommunication sans \u00e9voquer le P\u00e8re Fran\u00e7ois Brune, mondialement connu, qui nous livre l&rsquo;ensemble des recherches qu&rsquo;il a r\u00e9alis\u00e9es sur ce sujet, dans plusieurs ouvrages.<br \/>\nPr\u00eatre, th\u00e9ologien, enqu\u00eateur exceptionnel sur le th\u00e8me de la vie \u00e9ternelle, il est aussi reconnu pour sa gentillesse, sa compr\u00e9hension et son humour !<br \/>\nNous reprenons quelques unes de ses paroles.<\/p>\n<p><strong>Extraits de l&rsquo; introduction du livre \u00ab\u00a0Les morts nous parlent\u00a0\u00bb de Fran\u00e7ois Brune.<\/strong><\/p>\n<p><i>(\u2026) Disserter sur l&rsquo;\u00e9ternit\u00e9 reste tol\u00e9rable ; dire qu&rsquo;on peut la vivre devient plus discutable ; affirmer qu&rsquo;on peut entrer en communication avec elle est consid\u00e9r\u00e9 comme insupportable.<br \/>\nLe pr\u00eatre et le th\u00e9ologien que je suis ont voulu, comme on dit, en avoir le coeur net. Pourquoi tous ces t\u00e9moignages devaient-ils \u00eatre a priori consid\u00e9r\u00e9s comme suspects?<br \/>\nQuand le contenu des messages et des communications enregistr\u00e9es rejoint, comme je le d\u00e9montre, les plus grands textes mystiques des diverses traditions, il y a l\u00e0 plus qu&rsquo;une simple co\u00efncidence. J&rsquo;ai donc suivi et \u00e9tudi\u00e9 avec passion les r\u00e9sultats des recherches les plus r\u00e9centes en ce domaine.<br \/>\nLes conclusions de cette enqu\u00eate ont d\u00e9pass\u00e9 mes pr\u00e9visions; non seulement la cr\u00e9dibilit\u00e9 scientifique des exp\u00e9riences de communication avec les morts se trouve confirm\u00e9e et ne peut plus maintenant \u00eatre mise en doute, mais la prodigieuse richesse de cette litt\u00e9rature de l&rsquo;au-del\u00e0 a ranim\u00e9 en moi ce que des si\u00e8cles d&rsquo;intellectualisme th\u00e9ologien avaient \u00e9teint.<\/i><\/p>\n<p>Notre \u00e9poque est certainement \u00e0 la veille d&rsquo;un bouleversement sans pr\u00e9c\u00e9dent dans l&rsquo;histoire de son d\u00e9veloppement spirituel pour peu qu&rsquo;elle consente enfin \u00e0 ouvrir les yeux sur cette d\u00e9couverte fondamentale: l&rsquo;\u00e9ternit\u00e9 existe et les vivants de l&rsquo;au-del\u00e0 communiquent avec nous.<br \/>\nEcrivant ces mots, je devine d\u00e9j\u00e0 la moue ironique et dubitative du lecteur devant l&rsquo;inconcevable d&rsquo;une telle affirmation. Le corset rationaliste et positiviste qui emprisonne- dans les milieux scientifiques comme dans les milieux religieux- nos esprits est tel que tout ce qui risque de le mettre en cause est imm\u00e9diatement rejet\u00e9 dans les t\u00e9n\u00e8bres des sciences dites occultes ou de la parapsychologie. C&rsquo;est d&rsquo;ailleurs la raison pour laquelle cette d\u00e9couverte n&rsquo;a pas \u00e9t\u00e9 r\u00e9pandue plus largement. N&rsquo;oublions pas qu&rsquo;il a fallu de nombreux si\u00e8cles avant que les d\u00e9couvertes de Galil\u00e9e ne soient int\u00e9gr\u00e9es par nous. (\u2026)<\/p>\n<p>La mort n&rsquo;est qu&rsquo;un passage. Notre vie continue, sans aucune interruption jusqu&rsquo;\u00e0 la fin des temps. Nous emportons avec nous dans l&rsquo;au-del\u00e0 toute notre personnalit\u00e9, nos souvenirs, notre caract\u00e8re.<br \/>\nCes contemporains dans l&rsquo;\u00e9ternit\u00e9 nous disent aussi l&rsquo;omnipr\u00e9sence d&rsquo;une force \u00e0 l&rsquo;origine de toutes choses et terme de notre \u00e9volution. Cette force a \u00e9t\u00e9 appel\u00e9e Dieu. Ce Dieu est \u00e9prouv\u00e9 par eux comme Amour personnel, infini et inconditionnel.<br \/>\nCes multiples textes, certes \u00e0 valeur in\u00e9gale, nous prouvent avec certitude que le message d&rsquo;\u00e9ternit\u00e9 et d&rsquo;amour n&rsquo;est pas limit\u00e9 \u00e0 son expression dans les textes canoniques mais qu&rsquo;il est constamment revitalis\u00e9 par mille t\u00e9moignages tous plus bouleversants les uns que les autres.(\u2026)<\/p>\n<p>On l&rsquo;a compris, il ne s&rsquo;agit pas pour moi de ramener au bercail d&rsquo;une Eglise souvent moribonde un troupeau d&rsquo;enfants prodigues.<br \/>\nPermettre \u00e0 chacun de vivre une merveilleuse d\u00e9couverte, voil\u00e0 mon ambition. Pour le reste nul n&rsquo;est propri\u00e9taire de l&rsquo;\u00e9ternit\u00e9.<br \/>\nA la lecture de ce livre vous comprendrez qu&rsquo;aucun de vos instants sur la terre n&rsquo;aura \u00e9t\u00e9 perdu. A tout moment vous pouvez progresser dans la voie de L&rsquo;Amour. Seule votre attitude, votre mouvement de l&rsquo;\u00e2me, aura \u00e9t\u00e9 pris en consid\u00e9ration, ind\u00e9pendamment de toute conviction philosophique ou religieuse.<br \/>\nCe livre est un appel aux vivants de ce monde pour qu&rsquo;ils pr\u00eatent l&rsquo;oreille aux paroles des vivants de l&rsquo;autre monde. Il aura rempli sa fonction si un peu de leur merveilleuse exp\u00e9rience sera devenue v\u00f4tre.<\/p>\n<p><span style=\"font-family: arial,helvetica,sans-serif;\"><strong>Fran\u00e7ois Brune dit aussi :<\/strong><\/span><\/p>\n<p><i>Nous participons \u00e0 l&rsquo;amour que Dieu a pour nos fr\u00e8res, et il est donc tout \u00e0 fait normal que Dieu continue \u00e0 aimer nos morts puisqu&rsquo;ils sont vivants dans l&rsquo;au-del\u00e0, et il est normal que l&rsquo;amour de Dieu passe \u00e0 travers notre propre amour pour eux.<br \/>\nC&rsquo;est vrai qu&rsquo;en communiquant avec eux, on peut les d\u00e9ranger, si on a avec eux une relation captive \u00e0 nouveau, si vraiment on essaie de les \u00e9prouver contre son corps, ou les reprendre dans ses bras ; les ramener continuellement par des souvenirs, \u00e0 la vie terrestre, on peut alors leur faire du mal et les g\u00eaner dans leur \u00e9volution spirituelle. Cela, il faut l&rsquo;\u00e9viter (\u2026)<br \/>\nEt aussi\u00a0: \u2026Il n&rsquo;y a aucune impi\u00e9t\u00e9 \u00e0 maintenir ce lien et ils sont heureux de le faire s&rsquo;ils voient que l&rsquo;on accepte la volont\u00e9 de Dieu et la s\u00e9paration. Si l&rsquo;on accepte pleinement, alors, l\u00e0 ils sont ravis, au contraire, de communiquer avec nous.<br \/>\nIl n&rsquo;y a plus d&rsquo;obstacles, plus de danger, plus de probl\u00e8mes, et on les d\u00e9cevrait si on ne r\u00e9pondait pas\u2026<br \/>\nExtrait du site\u00a0<a href=\"http:\/\/www.ephphata.net\/La%20mort\/transcommunication.html\" target=\"_blank\" rel=\"noopener noreferrer\">http:\/\/www.ephphata.net\/La%20mort\/transcommunication.html<\/a><br \/>\n<\/i><br \/>\n<strong>Extraits de la pr\u00e9face de Fran\u00e7ois Brune pour le livre \u00ab\u00a0Qaund l&rsquo; Au-del\u00e0 se d\u00e9voile\u00a0\u00bb de Yves Lines.<\/strong><\/p>\n<p><i>(\u2026) Il y a d&rsquo;ailleurs aujourd&rsquo;hui, de par le monde, quantit\u00e9 de gens qui connaissent des ph\u00e9nom\u00e8nes semblables et je crois, sinc\u00e8rement, qu&rsquo;ils font partie du plan de la mis\u00e9ricorde de Dieu. \u00c0 l&rsquo;heure o\u00f9 trop souvent nos pr\u00eatres et nos th\u00e9ologiens ne savent plus tr\u00e8s bien s&rsquo;ils doivent encore croire \u00e0 la vie \u00e9ternelle, voil\u00e0 que, de l&rsquo;Au-del\u00e0 lui- m\u00eame, les signes se multiplient pour nous prouver que la vie continue, sans aucune interruption, et que les liens d&rsquo;amour tiss\u00e9s en ce monde ne sont jamais rompus. (\u2026)<\/i><\/p>\n<p>La vie continue et nous ne nous perdons pas dans l&rsquo;Au-del\u00e0 dans un grand Tout indiff\u00e9renci\u00e9 comme l&rsquo;eau d&rsquo;une cruche se m\u00eale \u00e0 celle de l&rsquo;oc\u00e9an. Non! L&rsquo;amour est toujours relation personnelle.<br \/>\nDans l&rsquo;Au-del\u00e0, il s&rsquo;approfondit, s&rsquo;amplifie, se purifie et se multiplie \u00e0 l&rsquo;infini mais sans jamais se perdre. C&rsquo;est l&rsquo;exp\u00e9rience de tant de t\u00e9moins qui ont failli mourir et sont revenus \u00e0 la vie de ce monde.<br \/>\nLa perte d&rsquo;un \u00eatre cher et la recherche d&rsquo;un \u00e9ventuel contact est toujours une aventure spirituelle.(\u2026)<\/p>\n<p>C&rsquo;est ainsi que vous d\u00e9couvrirez aussi la contagion de l&rsquo;amour au travers des \u00e9preuves et comme la bonne nouvelle de ces contacts possibles se transmet de deuils en deuils, de souffrance en souffrance, comment des groupes se forment, des associations se cr\u00e9ent, des bulletins s&rsquo;\u00e9ditent et de nombreux t\u00e9moignages, comme celui-ci peu \u00e0 peu se multiplient, pour redonner au monde le vrai sens de notre vie sur terre.<\/p>\n","protected":false},"excerpt":{"rendered":"<p>On ne peut aborder la transcommunication sans \u00e9voquer le P\u00e8re Fran\u00e7ois Brune, mondialement connu, qui nous livre l&rsquo;ensemble des recherches qu&rsquo;il a r\u00e9alis\u00e9es sur ce sujet, dans plusieurs ouvrages. Pr\u00eatre, th\u00e9ologien, enqu\u00eateur exceptionnel sur le th\u00e8me de la vie \u00e9ternelle, il est aussi reconnu pour sa gentillesse, sa compr\u00e9hension et son humour ! Nous reprenons [&hellip;]<\/p>\n","protected":false},"author":1,"featured_media":0,"parent":0,"menu_order":0,"comment_status":"closed","ping_status":"closed","template":"","meta":{"ocean_post_layout":"","ocean_both_sidebars_style":"","ocean_both_sidebars_content_width":0,"ocean_both_sidebars_sidebars_width":0,"ocean_sidebar":"0","ocean_second_sidebar":"0","ocean_disable_margins":"enable","ocean_add_body_class":"","ocean_shortcode_before_top_bar":"","ocean_shortcode_after_top_bar":"","ocean_shortcode_before_header":"","ocean_shortcode_after_header":"","ocean_has_shortcode":"","ocean_shortcode_after_title":"","ocean_shortcode_before_footer_widgets":"","ocean_shortcode_after_footer_widgets":"","ocean_shortcode_before_footer_bottom":"","ocean_shortcode_after_footer_bottom":"","ocean_display_top_bar":"default","ocean_display_header":"default","ocean_header_style":"","ocean_center_header_left_menu":"0","ocean_custom_header_template":"0","ocean_custom_logo":0,"ocean_custom_retina_logo":0,"ocean_custom_logo_max_width":0,"ocean_custom_logo_tablet_max_width":0,"ocean_custom_logo_mobile_max_width":0,"ocean_custom_logo_max_height":0,"ocean_custom_logo_tablet_max_height":0,"ocean_custom_logo_mobile_max_height":0,"ocean_header_custom_menu":"0","ocean_menu_typo_font_family":"0","ocean_menu_typo_font_subset":"","ocean_menu_typo_font_size":0,"ocean_menu_typo_font_size_tablet":0,"ocean_menu_typo_font_size_mobile":0,"ocean_menu_typo_font_size_unit":"px","ocean_menu_typo_font_weight":"","ocean_menu_typo_font_weight_tablet":"","ocean_menu_typo_font_weight_mobile":"","ocean_menu_typo_transform":"","ocean_menu_typo_transform_tablet":"","ocean_menu_typo_transform_mobile":"","ocean_menu_typo_line_height":0,"ocean_menu_typo_line_height_tablet":0,"ocean_menu_typo_line_height_mobile":0,"ocean_menu_typo_line_height_unit":"","ocean_menu_typo_spacing":0,"ocean_menu_typo_spacing_tablet":0,"ocean_menu_typo_spacing_mobile":0,"ocean_menu_typo_spacing_unit":"","ocean_menu_link_color":"","ocean_menu_link_color_hover":"","ocean_menu_link_color_active":"","ocean_menu_link_background":"","ocean_menu_link_hover_background":"","ocean_menu_link_active_background":"","ocean_menu_social_links_bg":"","ocean_menu_social_hover_links_bg":"","ocean_menu_social_links_color":"","ocean_menu_social_hover_links_color":"","ocean_disable_title":"default","ocean_disable_heading":"default","ocean_post_title":"","ocean_post_subheading":"","ocean_post_title_style":"","ocean_post_title_background_color":"","ocean_post_title_background":0,"ocean_post_title_bg_image_position":"","ocean_post_title_bg_image_attachment":"","ocean_post_title_bg_image_repeat":"","ocean_post_title_bg_image_size":"","ocean_post_title_height":0,"ocean_post_title_bg_overlay":0.5,"ocean_post_title_bg_overlay_color":"","ocean_disable_breadcrumbs":"default","ocean_breadcrumbs_color":"","ocean_breadcrumbs_separator_color":"","ocean_breadcrumbs_links_color":"","ocean_breadcrumbs_links_hover_color":"","ocean_display_footer_widgets":"default","ocean_display_footer_bottom":"default","ocean_custom_footer_template":"0","footnotes":""},"class_list":["post-1910","page","type-page","status-publish","hentry","entry"],"yoast_head":"<!-- This site is optimized with the Yoast SEO plugin v27.6 - https:\/\/yoast.com\/product\/yoast-seo-wordpress\/ -->\n<title>Fran\u00e7ois Brune - Melonic<\/title>\n<meta name=\"robots\" content=\"index, follow, max-snippet:-1, max-image-preview:large, max-video-preview:-1\" \/>\n<link rel=\"canonical\" href=\"https:\/\/melonic.be\/j\/francois-brune\/\" \/>\n<meta property=\"og:locale\" content=\"fr_FR\" \/>\n<meta property=\"og:type\" content=\"article\" \/>\n<meta property=\"og:title\" content=\"Fran\u00e7ois Brune - Melonic\" \/>\n<meta property=\"og:description\" content=\"On ne peut aborder la transcommunication sans \u00e9voquer le P\u00e8re Fran\u00e7ois Brune, mondialement connu, qui nous livre l&rsquo;ensemble des recherches qu&rsquo;il a r\u00e9alis\u00e9es sur ce sujet, dans plusieurs ouvrages. Pr\u00eatre, th\u00e9ologien, enqu\u00eateur exceptionnel sur le th\u00e8me de la vie \u00e9ternelle, il est aussi reconnu pour sa gentillesse, sa compr\u00e9hension et son humour ! Nous reprenons [&hellip;]\" \/>\n<meta property=\"og:url\" content=\"https:\/\/melonic.be\/j\/francois-brune\/\" \/>\n<meta property=\"og:site_name\" content=\"Melonic\" \/>\n<meta name=\"twitter:card\" content=\"summary_large_image\" \/>\n<meta name=\"twitter:label1\" content=\"Dur\u00e9e de lecture estim\u00e9e\" \/>\n\t<meta name=\"twitter:data1\" content=\"6 minutes\" \/>\n<script type=\"application\/ld+json\" class=\"yoast-schema-graph\">{\"@context\":\"https:\\\/\\\/schema.org\",\"@graph\":[{\"@type\":\"WebPage\",\"@id\":\"https:\\\/\\\/melonic.be\\\/j\\\/francois-brune\\\/\",\"url\":\"https:\\\/\\\/melonic.be\\\/j\\\/francois-brune\\\/\",\"name\":\"Fran\u00e7ois Brune - Melonic\",\"isPartOf\":{\"@id\":\"https:\\\/\\\/melonic.be\\\/j\\\/#website\"},\"datePublished\":\"2019-04-27T08:40:43+00:00\",\"breadcrumb\":{\"@id\":\"https:\\\/\\\/melonic.be\\\/j\\\/francois-brune\\\/#breadcrumb\"},\"inLanguage\":\"fr-FR\",\"potentialAction\":[{\"@type\":\"ReadAction\",\"target\":[\"https:\\\/\\\/melonic.be\\\/j\\\/francois-brune\\\/\"]}]},{\"@type\":\"BreadcrumbList\",\"@id\":\"https:\\\/\\\/melonic.be\\\/j\\\/francois-brune\\\/#breadcrumb\",\"itemListElement\":[{\"@type\":\"ListItem\",\"position\":1,\"name\":\"Accueil\",\"item\":\"https:\\\/\\\/melonic.be\\\/j\\\/\"},{\"@type\":\"ListItem\",\"position\":2,\"name\":\"Fran\u00e7ois Brune\"}]},{\"@type\":\"WebSite\",\"@id\":\"https:\\\/\\\/melonic.be\\\/j\\\/#website\",\"url\":\"https:\\\/\\\/melonic.be\\\/j\\\/\",\"name\":\"Melonic\",\"description\":\"\",\"publisher\":{\"@id\":\"https:\\\/\\\/melonic.be\\\/j\\\/#\\\/schema\\\/person\\\/16854370e1792906f271cdce232cd4f3\"},\"potentialAction\":[{\"@type\":\"SearchAction\",\"target\":{\"@type\":\"EntryPoint\",\"urlTemplate\":\"https:\\\/\\\/melonic.be\\\/j\\\/?s={search_term_string}\"},\"query-input\":{\"@type\":\"PropertyValueSpecification\",\"valueRequired\":true,\"valueName\":\"search_term_string\"}}],\"inLanguage\":\"fr-FR\"},{\"@type\":[\"Person\",\"Organization\"],\"@id\":\"https:\\\/\\\/melonic.be\\\/j\\\/#\\\/schema\\\/person\\\/16854370e1792906f271cdce232cd4f3\",\"name\":\"Nicole Incourt\",\"image\":{\"@type\":\"ImageObject\",\"inLanguage\":\"fr-FR\",\"@id\":\"https:\\\/\\\/melonic.be\\\/j\\\/wp-content\\\/uploads\\\/2019\\\/04\\\/cropped-logo_banner.png\",\"url\":\"https:\\\/\\\/melonic.be\\\/j\\\/wp-content\\\/uploads\\\/2019\\\/04\\\/cropped-logo_banner.png\",\"contentUrl\":\"https:\\\/\\\/melonic.be\\\/j\\\/wp-content\\\/uploads\\\/2019\\\/04\\\/cropped-logo_banner.png\",\"width\":410,\"height\":106,\"caption\":\"Nicole Incourt\"},\"logo\":{\"@id\":\"https:\\\/\\\/melonic.be\\\/j\\\/wp-content\\\/uploads\\\/2019\\\/04\\\/cropped-logo_banner.png\"}}]}<\/script>\n<!-- \/ Yoast SEO plugin. -->","yoast_head_json":{"title":"Fran\u00e7ois Brune - Melonic","robots":{"index":"index","follow":"follow","max-snippet":"max-snippet:-1","max-image-preview":"max-image-preview:large","max-video-preview":"max-video-preview:-1"},"canonical":"https:\/\/melonic.be\/j\/francois-brune\/","og_locale":"fr_FR","og_type":"article","og_title":"Fran\u00e7ois Brune - Melonic","og_description":"On ne peut aborder la transcommunication sans \u00e9voquer le P\u00e8re Fran\u00e7ois Brune, mondialement connu, qui nous livre l&rsquo;ensemble des recherches qu&rsquo;il a r\u00e9alis\u00e9es sur ce sujet, dans plusieurs ouvrages. Pr\u00eatre, th\u00e9ologien, enqu\u00eateur exceptionnel sur le th\u00e8me de la vie \u00e9ternelle, il est aussi reconnu pour sa gentillesse, sa compr\u00e9hension et son humour ! Nous reprenons [&hellip;]","og_url":"https:\/\/melonic.be\/j\/francois-brune\/","og_site_name":"Melonic","twitter_card":"summary_large_image","twitter_misc":{"Dur\u00e9e de lecture estim\u00e9e":"6 minutes"},"schema":{"@context":"https:\/\/schema.org","@graph":[{"@type":"WebPage","@id":"https:\/\/melonic.be\/j\/francois-brune\/","url":"https:\/\/melonic.be\/j\/francois-brune\/","name":"Fran\u00e7ois Brune - Melonic","isPartOf":{"@id":"https:\/\/melonic.be\/j\/#website"},"datePublished":"2019-04-27T08:40:43+00:00","breadcrumb":{"@id":"https:\/\/melonic.be\/j\/francois-brune\/#breadcrumb"},"inLanguage":"fr-FR","potentialAction":[{"@type":"ReadAction","target":["https:\/\/melonic.be\/j\/francois-brune\/"]}]},{"@type":"BreadcrumbList","@id":"https:\/\/melonic.be\/j\/francois-brune\/#breadcrumb","itemListElement":[{"@type":"ListItem","position":1,"name":"Accueil","item":"https:\/\/melonic.be\/j\/"},{"@type":"ListItem","position":2,"name":"Fran\u00e7ois Brune"}]},{"@type":"WebSite","@id":"https:\/\/melonic.be\/j\/#website","url":"https:\/\/melonic.be\/j\/","name":"Melonic","description":"","publisher":{"@id":"https:\/\/melonic.be\/j\/#\/schema\/person\/16854370e1792906f271cdce232cd4f3"},"potentialAction":[{"@type":"SearchAction","target":{"@type":"EntryPoint","urlTemplate":"https:\/\/melonic.be\/j\/?s={search_term_string}"},"query-input":{"@type":"PropertyValueSpecification","valueRequired":true,"valueName":"search_term_string"}}],"inLanguage":"fr-FR"},{"@type":["Person","Organization"],"@id":"https:\/\/melonic.be\/j\/#\/schema\/person\/16854370e1792906f271cdce232cd4f3","name":"Nicole Incourt","image":{"@type":"ImageObject","inLanguage":"fr-FR","@id":"https:\/\/melonic.be\/j\/wp-content\/uploads\/2019\/04\/cropped-logo_banner.png","url":"https:\/\/melonic.be\/j\/wp-content\/uploads\/2019\/04\/cropped-logo_banner.png","contentUrl":"https:\/\/melonic.be\/j\/wp-content\/uploads\/2019\/04\/cropped-logo_banner.png","width":410,"height":106,"caption":"Nicole Incourt"},"logo":{"@id":"https:\/\/melonic.be\/j\/wp-content\/uploads\/2019\/04\/cropped-logo_banner.png"}}]}},"_links":{"self":[{"href":"https:\/\/melonic.be\/j\/wp-json\/wp\/v2\/pages\/1910","targetHints":{"allow":["GET"]}}],"collection":[{"href":"https:\/\/melonic.be\/j\/wp-json\/wp\/v2\/pages"}],"about":[{"href":"https:\/\/melonic.be\/j\/wp-json\/wp\/v2\/types\/page"}],"author":[{"embeddable":true,"href":"https:\/\/melonic.be\/j\/wp-json\/wp\/v2\/users\/1"}],"replies":[{"embeddable":true,"href":"https:\/\/melonic.be\/j\/wp-json\/wp\/v2\/comments?post=1910"}],"version-history":[{"count":1,"href":"https:\/\/melonic.be\/j\/wp-json\/wp\/v2\/pages\/1910\/revisions"}],"predecessor-version":[{"id":1911,"href":"https:\/\/melonic.be\/j\/wp-json\/wp\/v2\/pages\/1910\/revisions\/1911"}],"wp:attachment":[{"href":"https:\/\/melonic.be\/j\/wp-json\/wp\/v2\/media?parent=1910"}],"curies":[{"name":"wp","href":"https:\/\/api.w.org\/{rel}","templated":true}]}}