{"id":1912,"date":"2019-04-27T10:42:31","date_gmt":"2019-04-27T08:42:31","guid":{"rendered":"http:\/\/melonic.be\/j\/?page_id=1912"},"modified":"2019-04-27T10:42:31","modified_gmt":"2019-04-27T08:42:31","slug":"jean-martin","status":"publish","type":"page","link":"https:\/\/melonic.be\/j\/jean-martin\/","title":{"rendered":"Jean Martin"},"content":{"rendered":"<p>La Belgique a aussi son pr\u00eatre adepte de la TCI.<\/p>\n<p>Th\u00e9ologien, docteur en philosophie, pr\u00eatre, \u00e9crivain, Jean Martin est enthousiasm\u00e9 lui aussi par les signes de l&rsquo;Au-del\u00e0. Il transcommunique, rassemble des signes depuis de longues ann\u00e9es et r\u00e9conforte par ses \u00e9crits ou son contact avec les personnes endeuill\u00e9es.<\/p>\n<p><strong>Extrait de \u00ab\u00a0Des signes par milliers \u00ab\u00a0, un de ses ouvrages.<\/strong><\/p>\n<p><i>Ces \u00a0\u00bb br\u00e8ches \u00a0\u00bb qui laissent passer la lumi\u00e8re sont toujours des faits individuels, gratuits, inattendus, impossibles \u00e0 r\u00e9p\u00e9ter\u2026mais ils sont tr\u00e8s nombreux !\u00a0<\/i>.<\/p>\n<p>Il affirme haut et fort que la mort n&rsquo;est qu&rsquo;un passage. Extrait du m\u00eame ouvrage :<\/p>\n<p><i>Voici \u00e0 peu pr\u00e8s ce que je dis aux enfants, en me mettant \u00e0 l&rsquo;\u00e9cole d&rsquo; E.K.R. (Elisabeth Kubbler Ross)<br \/>\n<\/i><i>J<\/i><i>e vais t&rsquo;expliquer une chose qu&rsquo;on n&rsquo;explique pas souvent aux enfants parce qu&rsquo;on la dit compliqu\u00e9e.\u00a0<\/i><i>Pourtant, elle est simple et profonde. Demande d&rsquo;abord \u00e0 papa et maman de te donner un livre sur les papillons. Tu verras qu&rsquo;avant d&rsquo;\u00eatre joli et par\u00e9 de toutes les couleurs, le papillon \u00e9tait une petite chenille. Il rampait par terre et ne voyait pas grand-chose d&rsquo;autre que les herbes du jardin. Un jour, cette chenille est entr\u00e9e dans une enveloppe qu&rsquo;on appelle un cocon. Tout le monde disait que la chenille \u00e9tait morte. En r\u00e9alit\u00e9, elle \u00e9tait en train de changer. Un jour, on a vu deux ailes sortir du cocon et se d\u00e9plier en tr\u00e8s peu de temps. Quelques minutes encore et le joli papillon commen\u00e7ait \u00e0 s&rsquo;\u00e9brouer puis \u00e0 s&rsquo;envoler: Un \u00eatre nouveau \u00e9tait n\u00e9.<br \/>\n<\/i><\/p>\n<p><i>Ecoute-moi bien \u00e0 pr\u00e9sent : c&rsquo;est la m\u00eame chose qui se passe en nous lorsque survient ce qu&rsquo;on appelle la mort physique.<br \/>\n<\/i><\/p>\n<p><i>Le cocon c&rsquo;est notre corps humain passager. Il n&rsquo;est pas identique \u00e0 nous : lorsque le cocon est endommag\u00e9 gravement, \u00e0 la suite d&rsquo;une maladie qu&rsquo;on dit mortelle, il lib\u00e8re le papillon c&rsquo;est \u00e0 dire notre \u00e2me. Le m\u00e9decin dit qu&rsquo;on ne respire plus, que le coeur ne bat plus, que le cerveau n&rsquo;\u00e9met plus aucune onde.<br \/>\n<\/i><\/p>\n<p><i>A ce moment l\u00e0, le cocon ne fonctionne plus et le papillon est d\u00e9j\u00e0 \u00e0 l&rsquo;ext\u00e9rieur. Pour lui, une existence nouvelle commence : une existence dans laquelle le temps n&rsquo;existe plus, ni l&rsquo;espace, ni la distance. C&rsquo;est ce qui explique que l&rsquo;\u00e2me puisse rejoindre \u00e0 la seconde pr\u00e8s tous ceux qu&rsquo;elle continue d&rsquo;aimer. Bien s\u00fbr, nous autres, nous ne pouvons pas percevoir cette \u00e2me parce que ses vibrations sont tr\u00e8s hautes, plus hautes que celles de la mati\u00e8re. Mais l&rsquo;\u00e2me lib\u00e9r\u00e9e peut encore capter les longueurs d&rsquo;onde de la terre et s&rsquo;approcher de chacun d&rsquo;entre nous.<\/i><\/p>\n<p><i>Au fond, tu vois, c&rsquo;est la m\u00eame chose qu&rsquo;un sifflet pour chien. Tu siffles et tu n&rsquo;entends rien mais le chien, lui, entend. Nos oreilles ne sont\u00a0 pas faites pour les hautes fr\u00e9quences. \u00c7a ne veut pas dire que les hautes fr\u00e9quences n&rsquo;existent pas!<\/i><\/p>\n<p><strong>Dans l&rsquo; avant propos du m\u00eame livre, Fran\u00e7ois Brune dit de lui :<\/strong><\/p>\n<p><i>Jean Martin, a \u00e9t\u00e9 ordonn\u00e9 pr\u00eatre en 1961. Il a toujours souhait\u00e9 se mettre au service des plus simples et des plus pauvres.<\/i><\/p>\n<p><i>Cependant, son \u00c9v\u00eaque ayant remarqu\u00e9 ses qualit\u00e9s intellectuelles, il lui fut demand\u00e9 de poursuivre des \u00e9tudes de philosophie.<br \/>\n<\/i><\/p>\n<p><i>Son minist\u00e8re a donc toujours oscill\u00e9 un peu entre ces deux tendances. Cat\u00e9ch\u00e8se aupr\u00e8s des enfants, visites de malades, mais aussi enseignement dans les s\u00e9minaires et les centres de formation pour les futurs professeurs de religion. (\u2026)<br \/>\n<\/i><\/p>\n<p><i>Enfin un pr\u00eatre ose parler de ces communications avec l&rsquo;au-del\u00e0! Enfin un pr\u00eatre ose reconna\u00eetre qu&rsquo;il s&rsquo;y int\u00e9resse depuis longtemps et qu&rsquo;il en a m\u00eame une certaine pratique! (\u2026)<br \/>\n<\/i><\/p>\n<p><i>Voici donc, pour la premi\u00e8re fois dans notre langue, le t\u00e9moignage d&rsquo;un pr\u00eatre qui a le courage de dire l&rsquo;aide affective et surtout spirituelle qu&rsquo;il a retir\u00e9e de ce genre de contacts avec les \u00a0\u00bb morts \u00ab\u00a0.<br \/>\n<\/i><\/p>\n<p><i>Il le fait sans pr\u00e9jug\u00e9s, mais aussi sans aveuglement. Il reconna\u00eet parfaitement les innombrables pi\u00e8ges que l&rsquo;on peut rencontrer dans ce genre de recherches, les exploitations possibles, les illusions et les d\u00e9sillusions.<\/i><\/p>\n<p><i>Il sait que certaines volont\u00e9s malignes sont \u00e0 l&rsquo;aff\u00fbt dans l&rsquo;au-del\u00e0, pr\u00eates \u00e0 profiter de nos moindres failles pour prendre le contr\u00f4le sur notre volont\u00e9. Mais il sait aussi ce que ces contacts lui ont apport\u00e9, \u00e0 lui, personnellement. Il n&rsquo;\u00e9tait pourtant pas de ces pr\u00eatres qui ne savent plus tr\u00e8s bien qui croire parmi tous nos th\u00e9ologiens et si quelque chose de nous survit vraiment apr\u00e8s notre mort. C&rsquo;\u00e9tait un homme de foi. Et cependant, une fois lui-m\u00eame dans l&rsquo;\u00e9preuve, face \u00e0 la \u00a0\u00bb disparition\u00a0\u00bb de ceux qu&rsquo;il aimait, il a connu et reconnu le soutien que peuvent apporter ces contacts avec l&rsquo;au-del\u00e0. (\u2026)<br \/>\n<\/i><\/p>\n<p><i>J&rsquo;ai beaucoup aim\u00e9 aussi dans cet ouvrage la place faite \u00e0 l&rsquo;\u00e2me et \u00e0 la survie des animaux.<br \/>\nEt si, aujourd&rsquo;hui, les \u00e9cologistes nous invitent de fa\u00e7on pressante \u00e0 les prot\u00e9ger, c&rsquo;est plus par souci de pr\u00e9server les richesses de notre plan\u00e8te, au niveau de chaque esp\u00e8ce, que par v\u00e9ritable amour de chacun d&rsquo;entre eux en raison de son destin devant Dieu. (\u2026)<\/i><\/p>\n<p><strong>Extraits de la pr\u00e9face r\u00e9dig\u00e9e par Monique Simonet, la grande dame fran\u00e7aise de la TCI, pour le m\u00eame ouvrage.<\/strong><\/p>\n<p><i>(\u2026) me permettre de l&rsquo;appr\u00e9cier par sa bont\u00e9, sa simplicit\u00e9, son int\u00e9grit\u00e9, qualit\u00e9s intrins\u00e8ques, auxquelles s&rsquo;ajoute une solide \u00e9rudition et une Foi sans faille bien digne du pr\u00eatre qu&rsquo;il est, Jean Martin fait partie de ces hommes qui peuvent aider les autres dans le monde si dur o\u00f9 nous vivons en cette fin de mill\u00e9naire.<br \/>\n<\/i><\/p>\n<p><i>(\u2026) Quelqu&rsquo;un qui s&rsquo;occupe avec amour de cat\u00e9ch\u00e8se des enfants, (\u2026) mais aussi quelqu&rsquo;un qui visite les malades chaque fois qu&rsquo;il le peut et au moins chaque semaine&#8230;qui \u00e9galement aime et\u00a0 prot\u00e8ge les animaux, dont il est s\u00fbr qu&rsquo;ils ont une \u00e2me\u2026<br \/>\n<\/i><\/p>\n<p><i>Enfin, quelqu&rsquo;un qui sait \u00a0\u00bb voir\u00a0\u00bb les signes tr\u00e8s nombreux prouvant la survivance apr\u00e8s ce que nous appelons la mort : \u00a0\u00bb Des signes par milliers \u00ab\u00a0, nous dit-il&#8230;<br \/>\n<\/i><\/p>\n<p><i>La transcommunication Instrumentale ne l&rsquo;a d&rsquo;ailleurs pas \u00e9tonn\u00e9; et il a \u00e9tudi\u00e9 cette forme nouvelle de communication avec les tr\u00e9pass\u00e9s avec une grande ouverture d&rsquo;esprit, en tirant des conclusions tr\u00e8s positives, tout en distinguant les limites et les dangers, ainsi que je l&rsquo;ai soulign\u00e9 du reste personnellement dans chacun de mes livres.<br \/>\n<\/i><\/p>\n<p><i>Tout en demeurant sous la Lumi\u00e8re des Evangiles, l&rsquo;auteur se penche \u00e9galement, avec beaucoup de sagesse et de lucidit\u00e9, sur les interrogations parfois br\u00fblantes que se posent actuellement les hommes et les femmes de notre plan\u00e8te, comme, bien s\u00fbr et je viens d&rsquo;en parler, les exp\u00e9riences aux fronti\u00e8res de la Mort, les apparitions, les forces n\u00e9gatives, l&rsquo;\u00e2me des animaux, la puissance de la pri\u00e8re, de la Foi, le discernement des esprits dans la communication avec l&rsquo;Au-del\u00e0, la question de l&rsquo;id\u00e9e de r\u00e9incarnation, etc&#8230;<\/i><\/p>\n<p><strong>Extrait de\u00a0son livre :<\/strong><\/p>\n<p><i>Dans nos vies aussi, me semble-t-il, il y a des moments o\u00f9 l&rsquo;on peut discerner \u00a0\u00bb ce qui est important, ce qui est essentiel&#8230;et ce qui ne l&rsquo;est pas vraiment\u00a0\u00bb.<br \/>\nCet essentiel, pour moi, il n&rsquo;est pas fait de belles phrases ni de savants discours : il est fait, d&rsquo;abord et avant tout, de ces gestes tr\u00e8s simples et tr\u00e8s humbles qu&rsquo;on appelle la bont\u00e9.<\/i><\/p>\n<p>Que voil\u00e0 une phrase qui caract\u00e9rise bien Jean !<\/p>\n<p>Heureuse et tr\u00e8s longue vie \u00e0 lui !<\/p>\n","protected":false},"excerpt":{"rendered":"<p>La Belgique a aussi son pr\u00eatre adepte de la TCI. Th\u00e9ologien, docteur en philosophie, pr\u00eatre, \u00e9crivain, Jean Martin est enthousiasm\u00e9 lui aussi par les signes de l&rsquo;Au-del\u00e0. Il transcommunique, rassemble des signes depuis de longues ann\u00e9es et r\u00e9conforte par ses \u00e9crits ou son contact avec les personnes endeuill\u00e9es. Extrait de \u00ab\u00a0Des signes par milliers \u00ab\u00a0, [&hellip;]<\/p>\n","protected":false},"author":1,"featured_media":0,"parent":0,"menu_order":0,"comment_status":"closed","ping_status":"closed","template":"","meta":{"ocean_post_layout":"","ocean_both_sidebars_style":"","ocean_both_sidebars_content_width":0,"ocean_both_sidebars_sidebars_width":0,"ocean_sidebar":"0","ocean_second_sidebar":"0","ocean_disable_margins":"enable","ocean_add_body_class":"","ocean_shortcode_before_top_bar":"","ocean_shortcode_after_top_bar":"","ocean_shortcode_before_header":"","ocean_shortcode_after_header":"","ocean_has_shortcode":"","ocean_shortcode_after_title":"","ocean_shortcode_before_footer_widgets":"","ocean_shortcode_after_footer_widgets":"","ocean_shortcode_before_footer_bottom":"","ocean_shortcode_after_footer_bottom":"","ocean_display_top_bar":"default","ocean_display_header":"default","ocean_header_style":"","ocean_center_header_left_menu":"0","ocean_custom_header_template":"0","ocean_custom_logo":0,"ocean_custom_retina_logo":0,"ocean_custom_logo_max_width":0,"ocean_custom_logo_tablet_max_width":0,"ocean_custom_logo_mobile_max_width":0,"ocean_custom_logo_max_height":0,"ocean_custom_logo_tablet_max_height":0,"ocean_custom_logo_mobile_max_height":0,"ocean_header_custom_menu":"0","ocean_menu_typo_font_family":"0","ocean_menu_typo_font_subset":"","ocean_menu_typo_font_size":0,"ocean_menu_typo_font_size_tablet":0,"ocean_menu_typo_font_size_mobile":0,"ocean_menu_typo_font_size_unit":"px","ocean_menu_typo_font_weight":"","ocean_menu_typo_font_weight_tablet":"","ocean_menu_typo_font_weight_mobile":"","ocean_menu_typo_transform":"","ocean_menu_typo_transform_tablet":"","ocean_menu_typo_transform_mobile":"","ocean_menu_typo_line_height":0,"ocean_menu_typo_line_height_tablet":0,"ocean_menu_typo_line_height_mobile":0,"ocean_menu_typo_line_height_unit":"","ocean_menu_typo_spacing":0,"ocean_menu_typo_spacing_tablet":0,"ocean_menu_typo_spacing_mobile":0,"ocean_menu_typo_spacing_unit":"","ocean_menu_link_color":"","ocean_menu_link_color_hover":"","ocean_menu_link_color_active":"","ocean_menu_link_background":"","ocean_menu_link_hover_background":"","ocean_menu_link_active_background":"","ocean_menu_social_links_bg":"","ocean_menu_social_hover_links_bg":"","ocean_menu_social_links_color":"","ocean_menu_social_hover_links_color":"","ocean_disable_title":"default","ocean_disable_heading":"default","ocean_post_title":"","ocean_post_subheading":"","ocean_post_title_style":"","ocean_post_title_background_color":"","ocean_post_title_background":0,"ocean_post_title_bg_image_position":"","ocean_post_title_bg_image_attachment":"","ocean_post_title_bg_image_repeat":"","ocean_post_title_bg_image_size":"","ocean_post_title_height":0,"ocean_post_title_bg_overlay":0.5,"ocean_post_title_bg_overlay_color":"","ocean_disable_breadcrumbs":"default","ocean_breadcrumbs_color":"","ocean_breadcrumbs_separator_color":"","ocean_breadcrumbs_links_color":"","ocean_breadcrumbs_links_hover_color":"","ocean_display_footer_widgets":"default","ocean_display_footer_bottom":"default","ocean_custom_footer_template":"0","footnotes":""},"class_list":["post-1912","page","type-page","status-publish","hentry","entry"],"yoast_head":"<!-- This site is optimized with the Yoast SEO plugin v27.6 - https:\/\/yoast.com\/product\/yoast-seo-wordpress\/ -->\n<title>Jean Martin - Melonic<\/title>\n<meta name=\"robots\" content=\"index, follow, max-snippet:-1, max-image-preview:large, max-video-preview:-1\" \/>\n<link rel=\"canonical\" href=\"https:\/\/melonic.be\/j\/jean-martin\/\" \/>\n<meta property=\"og:locale\" content=\"fr_FR\" \/>\n<meta property=\"og:type\" content=\"article\" \/>\n<meta property=\"og:title\" content=\"Jean Martin - Melonic\" \/>\n<meta property=\"og:description\" content=\"La Belgique a aussi son pr\u00eatre adepte de la TCI. Th\u00e9ologien, docteur en philosophie, pr\u00eatre, \u00e9crivain, Jean Martin est enthousiasm\u00e9 lui aussi par les signes de l&rsquo;Au-del\u00e0. Il transcommunique, rassemble des signes depuis de longues ann\u00e9es et r\u00e9conforte par ses \u00e9crits ou son contact avec les personnes endeuill\u00e9es. Extrait de \u00ab\u00a0Des signes par milliers \u00ab\u00a0, [&hellip;]\" \/>\n<meta property=\"og:url\" content=\"https:\/\/melonic.be\/j\/jean-martin\/\" \/>\n<meta property=\"og:site_name\" content=\"Melonic\" \/>\n<meta name=\"twitter:card\" content=\"summary_large_image\" \/>\n<meta name=\"twitter:label1\" content=\"Dur\u00e9e de lecture estim\u00e9e\" \/>\n\t<meta name=\"twitter:data1\" content=\"6 minutes\" \/>\n<script type=\"application\/ld+json\" class=\"yoast-schema-graph\">{\"@context\":\"https:\\\/\\\/schema.org\",\"@graph\":[{\"@type\":\"WebPage\",\"@id\":\"https:\\\/\\\/melonic.be\\\/j\\\/jean-martin\\\/\",\"url\":\"https:\\\/\\\/melonic.be\\\/j\\\/jean-martin\\\/\",\"name\":\"Jean Martin - Melonic\",\"isPartOf\":{\"@id\":\"https:\\\/\\\/melonic.be\\\/j\\\/#website\"},\"datePublished\":\"2019-04-27T08:42:31+00:00\",\"breadcrumb\":{\"@id\":\"https:\\\/\\\/melonic.be\\\/j\\\/jean-martin\\\/#breadcrumb\"},\"inLanguage\":\"fr-FR\",\"potentialAction\":[{\"@type\":\"ReadAction\",\"target\":[\"https:\\\/\\\/melonic.be\\\/j\\\/jean-martin\\\/\"]}]},{\"@type\":\"BreadcrumbList\",\"@id\":\"https:\\\/\\\/melonic.be\\\/j\\\/jean-martin\\\/#breadcrumb\",\"itemListElement\":[{\"@type\":\"ListItem\",\"position\":1,\"name\":\"Accueil\",\"item\":\"https:\\\/\\\/melonic.be\\\/j\\\/\"},{\"@type\":\"ListItem\",\"position\":2,\"name\":\"Jean Martin\"}]},{\"@type\":\"WebSite\",\"@id\":\"https:\\\/\\\/melonic.be\\\/j\\\/#website\",\"url\":\"https:\\\/\\\/melonic.be\\\/j\\\/\",\"name\":\"Melonic\",\"description\":\"\",\"publisher\":{\"@id\":\"https:\\\/\\\/melonic.be\\\/j\\\/#\\\/schema\\\/person\\\/16854370e1792906f271cdce232cd4f3\"},\"potentialAction\":[{\"@type\":\"SearchAction\",\"target\":{\"@type\":\"EntryPoint\",\"urlTemplate\":\"https:\\\/\\\/melonic.be\\\/j\\\/?s={search_term_string}\"},\"query-input\":{\"@type\":\"PropertyValueSpecification\",\"valueRequired\":true,\"valueName\":\"search_term_string\"}}],\"inLanguage\":\"fr-FR\"},{\"@type\":[\"Person\",\"Organization\"],\"@id\":\"https:\\\/\\\/melonic.be\\\/j\\\/#\\\/schema\\\/person\\\/16854370e1792906f271cdce232cd4f3\",\"name\":\"Nicole Incourt\",\"image\":{\"@type\":\"ImageObject\",\"inLanguage\":\"fr-FR\",\"@id\":\"https:\\\/\\\/melonic.be\\\/j\\\/wp-content\\\/uploads\\\/2019\\\/04\\\/cropped-logo_banner.png\",\"url\":\"https:\\\/\\\/melonic.be\\\/j\\\/wp-content\\\/uploads\\\/2019\\\/04\\\/cropped-logo_banner.png\",\"contentUrl\":\"https:\\\/\\\/melonic.be\\\/j\\\/wp-content\\\/uploads\\\/2019\\\/04\\\/cropped-logo_banner.png\",\"width\":410,\"height\":106,\"caption\":\"Nicole Incourt\"},\"logo\":{\"@id\":\"https:\\\/\\\/melonic.be\\\/j\\\/wp-content\\\/uploads\\\/2019\\\/04\\\/cropped-logo_banner.png\"}}]}<\/script>\n<!-- \/ Yoast SEO plugin. -->","yoast_head_json":{"title":"Jean Martin - Melonic","robots":{"index":"index","follow":"follow","max-snippet":"max-snippet:-1","max-image-preview":"max-image-preview:large","max-video-preview":"max-video-preview:-1"},"canonical":"https:\/\/melonic.be\/j\/jean-martin\/","og_locale":"fr_FR","og_type":"article","og_title":"Jean Martin - Melonic","og_description":"La Belgique a aussi son pr\u00eatre adepte de la TCI. Th\u00e9ologien, docteur en philosophie, pr\u00eatre, \u00e9crivain, Jean Martin est enthousiasm\u00e9 lui aussi par les signes de l&rsquo;Au-del\u00e0. Il transcommunique, rassemble des signes depuis de longues ann\u00e9es et r\u00e9conforte par ses \u00e9crits ou son contact avec les personnes endeuill\u00e9es. Extrait de \u00ab\u00a0Des signes par milliers \u00ab\u00a0, [&hellip;]","og_url":"https:\/\/melonic.be\/j\/jean-martin\/","og_site_name":"Melonic","twitter_card":"summary_large_image","twitter_misc":{"Dur\u00e9e de lecture estim\u00e9e":"6 minutes"},"schema":{"@context":"https:\/\/schema.org","@graph":[{"@type":"WebPage","@id":"https:\/\/melonic.be\/j\/jean-martin\/","url":"https:\/\/melonic.be\/j\/jean-martin\/","name":"Jean Martin - Melonic","isPartOf":{"@id":"https:\/\/melonic.be\/j\/#website"},"datePublished":"2019-04-27T08:42:31+00:00","breadcrumb":{"@id":"https:\/\/melonic.be\/j\/jean-martin\/#breadcrumb"},"inLanguage":"fr-FR","potentialAction":[{"@type":"ReadAction","target":["https:\/\/melonic.be\/j\/jean-martin\/"]}]},{"@type":"BreadcrumbList","@id":"https:\/\/melonic.be\/j\/jean-martin\/#breadcrumb","itemListElement":[{"@type":"ListItem","position":1,"name":"Accueil","item":"https:\/\/melonic.be\/j\/"},{"@type":"ListItem","position":2,"name":"Jean Martin"}]},{"@type":"WebSite","@id":"https:\/\/melonic.be\/j\/#website","url":"https:\/\/melonic.be\/j\/","name":"Melonic","description":"","publisher":{"@id":"https:\/\/melonic.be\/j\/#\/schema\/person\/16854370e1792906f271cdce232cd4f3"},"potentialAction":[{"@type":"SearchAction","target":{"@type":"EntryPoint","urlTemplate":"https:\/\/melonic.be\/j\/?s={search_term_string}"},"query-input":{"@type":"PropertyValueSpecification","valueRequired":true,"valueName":"search_term_string"}}],"inLanguage":"fr-FR"},{"@type":["Person","Organization"],"@id":"https:\/\/melonic.be\/j\/#\/schema\/person\/16854370e1792906f271cdce232cd4f3","name":"Nicole Incourt","image":{"@type":"ImageObject","inLanguage":"fr-FR","@id":"https:\/\/melonic.be\/j\/wp-content\/uploads\/2019\/04\/cropped-logo_banner.png","url":"https:\/\/melonic.be\/j\/wp-content\/uploads\/2019\/04\/cropped-logo_banner.png","contentUrl":"https:\/\/melonic.be\/j\/wp-content\/uploads\/2019\/04\/cropped-logo_banner.png","width":410,"height":106,"caption":"Nicole Incourt"},"logo":{"@id":"https:\/\/melonic.be\/j\/wp-content\/uploads\/2019\/04\/cropped-logo_banner.png"}}]}},"_links":{"self":[{"href":"https:\/\/melonic.be\/j\/wp-json\/wp\/v2\/pages\/1912","targetHints":{"allow":["GET"]}}],"collection":[{"href":"https:\/\/melonic.be\/j\/wp-json\/wp\/v2\/pages"}],"about":[{"href":"https:\/\/melonic.be\/j\/wp-json\/wp\/v2\/types\/page"}],"author":[{"embeddable":true,"href":"https:\/\/melonic.be\/j\/wp-json\/wp\/v2\/users\/1"}],"replies":[{"embeddable":true,"href":"https:\/\/melonic.be\/j\/wp-json\/wp\/v2\/comments?post=1912"}],"version-history":[{"count":1,"href":"https:\/\/melonic.be\/j\/wp-json\/wp\/v2\/pages\/1912\/revisions"}],"predecessor-version":[{"id":1913,"href":"https:\/\/melonic.be\/j\/wp-json\/wp\/v2\/pages\/1912\/revisions\/1913"}],"wp:attachment":[{"href":"https:\/\/melonic.be\/j\/wp-json\/wp\/v2\/media?parent=1912"}],"curies":[{"name":"wp","href":"https:\/\/api.w.org\/{rel}","templated":true}]}}