{"id":2263,"date":"2020-11-29T15:03:26","date_gmt":"2020-11-29T14:03:26","guid":{"rendered":"https:\/\/melonic.be\/j\/?page_id=2263"},"modified":"2020-11-29T15:06:10","modified_gmt":"2020-11-29T14:06:10","slug":"albums-partages","status":"publish","type":"page","link":"https:\/\/melonic.be\/j\/albums-partages\/","title":{"rendered":"Albums partag\u00e9s"},"content":{"rendered":"<h1 style=\"text-align: center;\">Albums partag\u00e9s<\/h1>\n<p>Infinitude 30 Novembre 2008-les B\u00e9n\u00e9voles<\/p>\n<p><a href=\"https:\/\/goo.gl\/photos\/xAcdsXnpJ9ZVqs9z6\" target=\"_blank\" rel=\"noopener noreferrer\">https:\/\/goo.gl\/photos\/xAcdsXnpJ9ZVqs9z6<\/a><\/p>\n<p>Infinitude 30 Novembre 2008 &#8211; les participants<\/p>\n<p><a href=\"https:\/\/goo.gl\/photos\/W1XEbTtJ3fjx6Q3Q8\" target=\"_blank\" rel=\"noopener noreferrer\">https:\/\/goo.gl\/photos\/W1XEbTtJ3fjx6Q3Q8<\/a><\/p>\n","protected":false},"excerpt":{"rendered":"<p>Albums partag\u00e9s Infinitude 30 Novembre 2008-les B\u00e9n\u00e9voles https:\/\/goo.gl\/photos\/xAcdsXnpJ9ZVqs9z6 Infinitude 30 Novembre 2008 &#8211; les participants https:\/\/goo.gl\/photos\/W1XEbTtJ3fjx6Q3Q8<\/p>\n","protected":false},"author":1,"featured_media":0,"parent":0,"menu_order":0,"comment_status":"closed","ping_status":"closed","template":"","meta":{"ocean_post_layout":"full-width","ocean_both_sidebars_style":"","ocean_both_sidebars_content_width":0,"ocean_both_sidebars_sidebars_width":0,"ocean_sidebar":"0","ocean_second_sidebar":"0","ocean_disable_margins":"enable","ocean_add_body_class":"","ocean_shortcode_before_top_bar":"","ocean_shortcode_after_top_bar":"","ocean_shortcode_before_header":"","ocean_shortcode_after_header":"","ocean_has_shortcode":"","ocean_shortcode_after_title":"","ocean_shortcode_before_footer_widgets":"","ocean_shortcode_after_footer_widgets":"","ocean_shortcode_before_footer_bottom":"","ocean_shortcode_after_footer_bottom":"","ocean_display_top_bar":"default","ocean_display_header":"default","ocean_header_style":"","ocean_center_header_left_menu":"0","ocean_custom_header_template":"0","ocean_custom_logo":0,"ocean_custom_retina_logo":0,"ocean_custom_logo_max_width":0,"ocean_custom_logo_tablet_max_width":0,"ocean_custom_logo_mobile_max_width":0,"ocean_custom_logo_max_height":0,"ocean_custom_logo_tablet_max_height":0,"ocean_custom_logo_mobile_max_height":0,"ocean_header_custom_menu":"0","ocean_menu_typo_font_family":"0","ocean_menu_typo_font_subset":"","ocean_menu_typo_font_size":0,"ocean_menu_typo_font_size_tablet":0,"ocean_menu_typo_font_size_mobile":0,"ocean_menu_typo_font_size_unit":"px","ocean_menu_typo_font_weight":"","ocean_menu_typo_font_weight_tablet":"","ocean_menu_typo_font_weight_mobile":"","ocean_menu_typo_transform":"","ocean_menu_typo_transform_tablet":"","ocean_menu_typo_transform_mobile":"","ocean_menu_typo_line_height":0,"ocean_menu_typo_line_height_tablet":0,"ocean_menu_typo_line_height_mobile":0,"ocean_menu_typo_line_height_unit":"","ocean_menu_typo_spacing":0,"ocean_menu_typo_spacing_tablet":0,"ocean_menu_typo_spacing_mobile":0,"ocean_menu_typo_spacing_unit":"","ocean_menu_link_color":"","ocean_menu_link_color_hover":"","ocean_menu_link_color_active":"","ocean_menu_link_background":"","ocean_menu_link_hover_background":"","ocean_menu_link_active_background":"","ocean_menu_social_links_bg":"","ocean_menu_social_hover_links_bg":"","ocean_menu_social_links_color":"","ocean_menu_social_hover_links_color":"","ocean_disable_title":"on","ocean_disable_heading":"default","ocean_post_title":"","ocean_post_subheading":"","ocean_post_title_style":"","ocean_post_title_background_color":"","ocean_post_title_background":0,"ocean_post_title_bg_image_position":"","ocean_post_title_bg_image_attachment":"","ocean_post_title_bg_image_repeat":"","ocean_post_title_bg_image_size":"","ocean_post_title_height":0,"ocean_post_title_bg_overlay":0.5,"ocean_post_title_bg_overlay_color":"","ocean_disable_breadcrumbs":"default","ocean_breadcrumbs_color":"","ocean_breadcrumbs_separator_color":"","ocean_breadcrumbs_links_color":"","ocean_breadcrumbs_links_hover_color":"","ocean_display_footer_widgets":"default","ocean_display_footer_bottom":"default","ocean_custom_footer_template":"0","footnotes":""},"class_list":["post-2263","page","type-page","status-publish","hentry","entry"],"yoast_head":"<!-- This site is optimized with the Yoast SEO plugin v27.6 - https:\/\/yoast.com\/product\/yoast-seo-wordpress\/ -->\n<title>Albums partag\u00e9s - Melonic<\/title>\n<meta name=\"robots\" content=\"index, follow, max-snippet:-1, max-image-preview:large, max-video-preview:-1\" \/>\n<link rel=\"canonical\" href=\"https:\/\/melonic.be\/j\/albums-partages\/\" \/>\n<meta property=\"og:locale\" content=\"fr_FR\" \/>\n<meta property=\"og:type\" content=\"article\" \/>\n<meta property=\"og:title\" content=\"Albums partag\u00e9s - Melonic\" \/>\n<meta property=\"og:description\" content=\"Albums partag\u00e9s Infinitude 30 Novembre 2008-les B\u00e9n\u00e9voles https:\/\/goo.gl\/photos\/xAcdsXnpJ9ZVqs9z6 Infinitude 30 Novembre 2008 &#8211; les participants https:\/\/goo.gl\/photos\/W1XEbTtJ3fjx6Q3Q8\" \/>\n<meta property=\"og:url\" content=\"https:\/\/melonic.be\/j\/albums-partages\/\" \/>\n<meta property=\"og:site_name\" content=\"Melonic\" \/>\n<meta property=\"article:modified_time\" content=\"2020-11-29T14:06:10+00:00\" \/>\n<meta name=\"twitter:card\" content=\"summary_large_image\" \/>\n<script type=\"application\/ld+json\" class=\"yoast-schema-graph\">{\"@context\":\"https:\\\/\\\/schema.org\",\"@graph\":[{\"@type\":\"WebPage\",\"@id\":\"https:\\\/\\\/melonic.be\\\/j\\\/albums-partages\\\/\",\"url\":\"https:\\\/\\\/melonic.be\\\/j\\\/albums-partages\\\/\",\"name\":\"Albums partag\u00e9s - Melonic\",\"isPartOf\":{\"@id\":\"https:\\\/\\\/melonic.be\\\/j\\\/#website\"},\"datePublished\":\"2020-11-29T14:03:26+00:00\",\"dateModified\":\"2020-11-29T14:06:10+00:00\",\"breadcrumb\":{\"@id\":\"https:\\\/\\\/melonic.be\\\/j\\\/albums-partages\\\/#breadcrumb\"},\"inLanguage\":\"fr-FR\",\"potentialAction\":[{\"@type\":\"ReadAction\",\"target\":[\"https:\\\/\\\/melonic.be\\\/j\\\/albums-partages\\\/\"]}]},{\"@type\":\"BreadcrumbList\",\"@id\":\"https:\\\/\\\/melonic.be\\\/j\\\/albums-partages\\\/#breadcrumb\",\"itemListElement\":[{\"@type\":\"ListItem\",\"position\":1,\"name\":\"Accueil\",\"item\":\"https:\\\/\\\/melonic.be\\\/j\\\/\"},{\"@type\":\"ListItem\",\"position\":2,\"name\":\"Albums partag\u00e9s\"}]},{\"@type\":\"WebSite\",\"@id\":\"https:\\\/\\\/melonic.be\\\/j\\\/#website\",\"url\":\"https:\\\/\\\/melonic.be\\\/j\\\/\",\"name\":\"Melonic\",\"description\":\"\",\"publisher\":{\"@id\":\"https:\\\/\\\/melonic.be\\\/j\\\/#\\\/schema\\\/person\\\/16854370e1792906f271cdce232cd4f3\"},\"potentialAction\":[{\"@type\":\"SearchAction\",\"target\":{\"@type\":\"EntryPoint\",\"urlTemplate\":\"https:\\\/\\\/melonic.be\\\/j\\\/?s={search_term_string}\"},\"query-input\":{\"@type\":\"PropertyValueSpecification\",\"valueRequired\":true,\"valueName\":\"search_term_string\"}}],\"inLanguage\":\"fr-FR\"},{\"@type\":[\"Person\",\"Organization\"],\"@id\":\"https:\\\/\\\/melonic.be\\\/j\\\/#\\\/schema\\\/person\\\/16854370e1792906f271cdce232cd4f3\",\"name\":\"Nicole Incourt\",\"image\":{\"@type\":\"ImageObject\",\"inLanguage\":\"fr-FR\",\"@id\":\"https:\\\/\\\/melonic.be\\\/j\\\/wp-content\\\/uploads\\\/2019\\\/04\\\/cropped-logo_banner.png\",\"url\":\"https:\\\/\\\/melonic.be\\\/j\\\/wp-content\\\/uploads\\\/2019\\\/04\\\/cropped-logo_banner.png\",\"contentUrl\":\"https:\\\/\\\/melonic.be\\\/j\\\/wp-content\\\/uploads\\\/2019\\\/04\\\/cropped-logo_banner.png\",\"width\":410,\"height\":106,\"caption\":\"Nicole Incourt\"},\"logo\":{\"@id\":\"https:\\\/\\\/melonic.be\\\/j\\\/wp-content\\\/uploads\\\/2019\\\/04\\\/cropped-logo_banner.png\"}}]}<\/script>\n<!-- \/ Yoast SEO plugin. -->","yoast_head_json":{"title":"Albums partag\u00e9s - Melonic","robots":{"index":"index","follow":"follow","max-snippet":"max-snippet:-1","max-image-preview":"max-image-preview:large","max-video-preview":"max-video-preview:-1"},"canonical":"https:\/\/melonic.be\/j\/albums-partages\/","og_locale":"fr_FR","og_type":"article","og_title":"Albums partag\u00e9s - Melonic","og_description":"Albums partag\u00e9s Infinitude 30 Novembre 2008-les B\u00e9n\u00e9voles https:\/\/goo.gl\/photos\/xAcdsXnpJ9ZVqs9z6 Infinitude 30 Novembre 2008 &#8211; les participants https:\/\/goo.gl\/photos\/W1XEbTtJ3fjx6Q3Q8","og_url":"https:\/\/melonic.be\/j\/albums-partages\/","og_site_name":"Melonic","article_modified_time":"2020-11-29T14:06:10+00:00","twitter_card":"summary_large_image","schema":{"@context":"https:\/\/schema.org","@graph":[{"@type":"WebPage","@id":"https:\/\/melonic.be\/j\/albums-partages\/","url":"https:\/\/melonic.be\/j\/albums-partages\/","name":"Albums partag\u00e9s - Melonic","isPartOf":{"@id":"https:\/\/melonic.be\/j\/#website"},"datePublished":"2020-11-29T14:03:26+00:00","dateModified":"2020-11-29T14:06:10+00:00","breadcrumb":{"@id":"https:\/\/melonic.be\/j\/albums-partages\/#breadcrumb"},"inLanguage":"fr-FR","potentialAction":[{"@type":"ReadAction","target":["https:\/\/melonic.be\/j\/albums-partages\/"]}]},{"@type":"BreadcrumbList","@id":"https:\/\/melonic.be\/j\/albums-partages\/#breadcrumb","itemListElement":[{"@type":"ListItem","position":1,"name":"Accueil","item":"https:\/\/melonic.be\/j\/"},{"@type":"ListItem","position":2,"name":"Albums partag\u00e9s"}]},{"@type":"WebSite","@id":"https:\/\/melonic.be\/j\/#website","url":"https:\/\/melonic.be\/j\/","name":"Melonic","description":"","publisher":{"@id":"https:\/\/melonic.be\/j\/#\/schema\/person\/16854370e1792906f271cdce232cd4f3"},"potentialAction":[{"@type":"SearchAction","target":{"@type":"EntryPoint","urlTemplate":"https:\/\/melonic.be\/j\/?s={search_term_string}"},"query-input":{"@type":"PropertyValueSpecification","valueRequired":true,"valueName":"search_term_string"}}],"inLanguage":"fr-FR"},{"@type":["Person","Organization"],"@id":"https:\/\/melonic.be\/j\/#\/schema\/person\/16854370e1792906f271cdce232cd4f3","name":"Nicole Incourt","image":{"@type":"ImageObject","inLanguage":"fr-FR","@id":"https:\/\/melonic.be\/j\/wp-content\/uploads\/2019\/04\/cropped-logo_banner.png","url":"https:\/\/melonic.be\/j\/wp-content\/uploads\/2019\/04\/cropped-logo_banner.png","contentUrl":"https:\/\/melonic.be\/j\/wp-content\/uploads\/2019\/04\/cropped-logo_banner.png","width":410,"height":106,"caption":"Nicole Incourt"},"logo":{"@id":"https:\/\/melonic.be\/j\/wp-content\/uploads\/2019\/04\/cropped-logo_banner.png"}}]}},"_links":{"self":[{"href":"https:\/\/melonic.be\/j\/wp-json\/wp\/v2\/pages\/2263","targetHints":{"allow":["GET"]}}],"collection":[{"href":"https:\/\/melonic.be\/j\/wp-json\/wp\/v2\/pages"}],"about":[{"href":"https:\/\/melonic.be\/j\/wp-json\/wp\/v2\/types\/page"}],"author":[{"embeddable":true,"href":"https:\/\/melonic.be\/j\/wp-json\/wp\/v2\/users\/1"}],"replies":[{"embeddable":true,"href":"https:\/\/melonic.be\/j\/wp-json\/wp\/v2\/comments?post=2263"}],"version-history":[{"count":2,"href":"https:\/\/melonic.be\/j\/wp-json\/wp\/v2\/pages\/2263\/revisions"}],"predecessor-version":[{"id":2266,"href":"https:\/\/melonic.be\/j\/wp-json\/wp\/v2\/pages\/2263\/revisions\/2266"}],"wp:attachment":[{"href":"https:\/\/melonic.be\/j\/wp-json\/wp\/v2\/media?parent=2263"}],"curies":[{"name":"wp","href":"https:\/\/api.w.org\/{rel}","templated":true}]}}